{"id":5780,"date":"2025-12-10T15:24:17","date_gmt":"2025-12-10T12:24:17","guid":{"rendered":"https:\/\/wristbandfactory.eu\/?post_type=product&#038;p=5780"},"modified":"2025-12-17T16:42:45","modified_gmt":"2025-12-17T13:42:45","slug":"custom-neoprene-lanyards-ultra-soft-cushioned","status":"publish","type":"product","link":"https:\/\/wristbandfactory.eu\/de\/p\/custom-neoprene-lanyards-ultra-soft-cushioned\/","title":{"rendered":"Bedruckte Neopren Lanyards"},"content":{"rendered":"<p data-path-to-node=\"11\">Erleben Sie \u00fcberragenden Komfort mit unserem <b>Ma\u00dfgefertigte Neopren-Lanyards<\/b>. Wenn sich Ihre Mitarbeiter oder Teilnehmer \u00fcber d\u00fcnne Riemen beschweren, die am Hals scheuern, ist dies das Premium-Upgrade, das Sie brauchen.<\/p>\n<p data-path-to-node=\"12\"><b>Gefertigt wie ein Neoprenanzug<\/b> Diese aus hochwertigem Neopren gefertigten Schl\u00fcsselb\u00e4nder sind weich, flexibel und schwei\u00dfabweisend. Das Material besitzt eine nat\u00fcrliche Dicke (schwammartiger Kern), die als Sto\u00dfd\u00e4mpfer wirkt und es somit zur ersten Wahl f\u00fcr Fitnesstrainer, Outdoor-Guides und Wartungspersonal macht, die schwere Schl\u00fcssel tragen.<\/p>\n<p data-path-to-node=\"13\"><b>Sportlich &amp; professionell<\/b> Der Look ist sportlich und gleichzeitig professionell. Die Kanten sind mit farblich abgestimmten oder kontrastierenden N\u00e4hten versehen, was dem Lanyard ein hochwertiges, elegantes Aussehen verleiht. Ob Sie sich f\u00fcr ein auff\u00e4lliges Muster oder ein schlichtes Firmenlogo entscheiden \u2013 das Ergebnis ist immer ein Blickfang.<\/p>\n<p data-path-to-node=\"14\"><b>Hauptmerkmale:<\/b><\/p>\n<ul data-path-to-node=\"15\">\n<li>\n<p data-path-to-node=\"15,0,0\"><b>Material:<\/b> Weiches Neopren mit Stoffbezug.<\/p>\n<\/li>\n<li>\n<p data-path-to-node=\"15,1,0\"><b>Konstruktion:<\/b> Schlauchf\u00f6rmig oder flach mit gen\u00e4hten Kanten.<\/p>\n<\/li>\n<li>\n<p data-path-to-node=\"15,2,0\"><b>Anh\u00e4nge:<\/b> Robuste Metallhaken, O-Ringe und abnehmbare Schnallen.<\/p>\n<\/li>\n<li>\n<p data-path-to-node=\"15,3,0\"><b>Sicherheit:<\/b> Kunststoff-Sicherheitsverschl\u00fcsse erh\u00e4ltlich.<\/p>\n<\/li>\n<\/ul>","protected":false},"excerpt":{"rendered":"<ul>\n<li>\n<p data-path-to-node=\"9,0,0\"><b>Ultimativer Komfort:<\/b> Hergestellt aus schwammartigem Neopren (Neoprenanzugmaterial), das ein gepolstertes Tragegef\u00fchl bietet und auch bei schwerer Beladung Reizungen im Nackenbereich verhindert.<\/p>\n<\/li>\n<li>\n<p data-path-to-node=\"9,1,0\"><b>Strapazierf\u00e4hige Oberfl\u00e4che:<\/b> Verf\u00fcgt \u00fcber verst\u00e4rkte, vern\u00e4hte Kanten (Overlock), um ein Ausfransen zu verhindern und die Lebensdauer des Produkts zu verl\u00e4ngern.<\/p>\n<\/li>\n<li>\n<p data-path-to-node=\"9,2,0\"><b>Hochleistungsausf\u00fchrung:<\/b> Durch das dicke Profil eignet es sich ideal zum Tragen schwerer Schl\u00fcsselbunde, Werkzeuge oder gro\u00dfer elektronischer Ger\u00e4te, ohne dass die Haut einschneidet.<\/p>\n<\/li>\n<li>\n<p data-path-to-node=\"9,3,0\"><b>Lebendiges Branding:<\/b> Erh\u00e4ltlich mit gestochen scharfem Siebdruck oder vollfarbigem Sublimationsdruck f\u00fcr Muster wie Leopardenmuster.<\/p>\n<\/li>\n<\/ul>","protected":false},"featured_media":5797,"comment_status":"closed","ping_status":"closed","template":"","meta":[],"product_brand":[],"product_cat":[104,108,118],"product_tag":[],"class_list":{"0":"post-5780","1":"product","2":"type-product","3":"status-publish","4":"has-post-thumbnail","6":"product_cat-custom-printed-lanyards","7":"product_cat-multifunctional-lanyards","8":"product_cat-sports-fitness","10":"first","11":"instock","12":"shipping-taxable","13":"purchasable","14":"product-type-simple"},"_links":{"self":[{"href":"https:\/\/wristbandfactory.eu\/de\/wp-json\/wp\/v2\/product\/5780","targetHints":{"allow":["GET"]}}],"collection":[{"href":"https:\/\/wristbandfactory.eu\/de\/wp-json\/wp\/v2\/product"}],"about":[{"href":"https:\/\/wristbandfactory.eu\/de\/wp-json\/wp\/v2\/types\/product"}],"replies":[{"embeddable":true,"href":"https:\/\/wristbandfactory.eu\/de\/wp-json\/wp\/v2\/comments?post=5780"}],"wp:featuredmedia":[{"embeddable":true,"href":"https:\/\/wristbandfactory.eu\/de\/wp-json\/wp\/v2\/media\/5797"}],"wp:attachment":[{"href":"https:\/\/wristbandfactory.eu\/de\/wp-json\/wp\/v2\/media?parent=5780"}],"wp:term":[{"taxonomy":"product_brand","embeddable":true,"href":"https:\/\/wristbandfactory.eu\/de\/wp-json\/wp\/v2\/product_brand?post=5780"},{"taxonomy":"product_cat","embeddable":true,"href":"https:\/\/wristbandfactory.eu\/de\/wp-json\/wp\/v2\/product_cat?post=5780"},{"taxonomy":"product_tag","embeddable":true,"href":"https:\/\/wristbandfactory.eu\/de\/wp-json\/wp\/v2\/product_tag?post=5780"}],"curies":[{"name":"wp","href":"https:\/\/api.w.org\/{rel}","templated":true}]}}