{"id":5772,"date":"2025-12-10T15:15:03","date_gmt":"2025-12-10T12:15:03","guid":{"rendered":"https:\/\/wristbandfactory.eu\/?post_type=product&#038;p=5772"},"modified":"2025-12-16T16:08:07","modified_gmt":"2025-12-16T13:08:07","slug":"custom-printed-suspenders-branded-y-back-braces","status":"publish","type":"product","link":"https:\/\/wristbandfactory.eu\/de\/p\/custom-printed-suspenders-branded-y-back-braces\/","title":{"rendered":"Hosentr\u00e4ger bedrucken \u2013 Y-Form mit Logo"},"content":{"rendered":"<p data-path-to-node=\"12\">Verleihen Sie Ihrer Firmenuniform oder Ihrer Merchandise-Linie mit unseren Produkten einen Hauch von Klasse. <b>Individuell bedruckte Hosentr\u00e4ger<\/b>. Ob f\u00fcr trendiges Barpersonal, eine Bautruppe oder eine Modemarke \u2013 diese Hosentr\u00e4ger bieten eine funktionelle und stylische Alternative zu G\u00fcrteln.<\/p>\n<p data-path-to-node=\"13\"><b>Gebaut f\u00fcr Arbeit und Freizeit<\/b> Unsere Hosentr\u00e4ger bestehen aus hochwertigem, elastischem Gurtband, das seine Elastizit\u00e4t dauerhaft beibeh\u00e4lt. Die Metallbeschl\u00e4ge sind robust genug f\u00fcr Arbeitskleidung und gleichzeitig elegant genug f\u00fcr formelle Anl\u00e4sse.<\/p>\n<p data-path-to-node=\"14\"><b>Branding-Optionen:<\/b><\/p>\n<ol start=\"1\" data-path-to-node=\"15\">\n<li>\n<p data-path-to-node=\"15,0,0\"><b>Gewebtes Gummiband:<\/b> Das Logo wird direkt in den Stoff eingestrickt, um einen hochwertigen, strukturierten Look zu erzielen (z. B. Streifenmuster).<\/p>\n<\/li>\n<li>\n<p data-path-to-node=\"15,1,0\"><b>Lederpr\u00e4gung:<\/b> Ein dezentes, raffiniertes Logo, das in das Lederr\u00fcckenteil eingepr\u00e4gt ist.<\/p>\n<\/li>\n<\/ol>\n<p data-path-to-node=\"16\"><b>Empfohlene Anwendungsf\u00e4lle:<\/b><\/p>\n<ul data-path-to-node=\"17\">\n<li>\n<p data-path-to-node=\"17,0,0\"><b>Uniformen f\u00fcr das Gastgewerbe:<\/b> Kellner und Barkeeper.<\/p>\n<\/li>\n<li>\n<p data-path-to-node=\"17,1,0\"><b>Bauwesen &amp; Handel:<\/b> Gut sichtbare oder robuste Werkzeugg\u00fcrtelhalterung.<\/p>\n<\/li>\n<li>\n<p data-path-to-node=\"17,2,0\"><b>Firmengeschenke:<\/b> Ein einzigartiges Accessoire f\u00fcr Teambuilding- oder Golfveranstaltungen.<\/p>\n<\/li>\n<\/ul>\n<p data-path-to-node=\"18\"><b>Hauptmerkmale:<\/b><\/p>\n<ul data-path-to-node=\"19\">\n<li>\n<p data-path-to-node=\"19,0,0\"><b>Material:<\/b> Hochdichtes, elastisches Polyester.<\/p>\n<\/li>\n<li>\n<p data-path-to-node=\"19,1,0\"><b>R\u00fcckenstil:<\/b> Y-Form mit Lederflicken.<\/p>\n<\/li>\n<li>\n<p data-path-to-node=\"19,2,0\"><b>Ausschnitte:<\/b> 3 oder 4 Metallclips (Nickel- oder schwarze Ausf\u00fchrung).<\/p>\n<\/li>\n<li>\n<p data-path-to-node=\"19,3,0\"><b>Breite:<\/b> Standard 25 mm, 35 mm oder 50 mm.<\/p>\n<\/li>\n<\/ul>","protected":false},"excerpt":{"rendered":"<ul>\n<li>\n<p data-path-to-node=\"10,0,0\"><b>Klassisches Design:<\/b> Klassische Y- oder X-f\u00f6rmige R\u00fcckenkonstruktion mit hochwertigem Leder-Kreuzpatch f\u00fcr Langlebigkeit und Stil.<\/p>\n<\/li>\n<li>\n<p data-path-to-node=\"10,1,0\"><b>Starker Griff:<\/b> Ausgestattet mit robusten Metallclips, die die Hose sicher halten, ohne den Stoff zu besch\u00e4digen.<\/p>\n<\/li>\n<li>\n<p data-path-to-node=\"10,2,0\"><b>Vollst\u00e4ndig einstellbar:<\/b> Ausgestattet mit verschiebbaren Metallverstellern f\u00fcr eine bequeme Passform bei jeder K\u00f6rpergr\u00f6\u00dfe.<\/p>\n<\/li>\n<li>\n<p data-path-to-node=\"10,3,0\"><b>Individuelles Branding:<\/b> Ihr Logo kann in das elastische Gurtband (Jacquard) eingewebt oder auf den Lederr\u00fcckenaufn\u00e4her gepr\u00e4gt werden.<\/p>\n<\/li>\n<\/ul>","protected":false},"featured_media":5808,"comment_status":"closed","ping_status":"closed","template":"","meta":[],"product_brand":[],"product_cat":[127],"product_tag":[],"class_list":{"0":"post-5772","1":"product","2":"type-product","3":"status-publish","4":"has-post-thumbnail","6":"product_cat-custom-straps-belts","8":"first","9":"instock","10":"shipping-taxable","11":"product-type-simple"},"_links":{"self":[{"href":"https:\/\/wristbandfactory.eu\/de\/wp-json\/wp\/v2\/product\/5772","targetHints":{"allow":["GET"]}}],"collection":[{"href":"https:\/\/wristbandfactory.eu\/de\/wp-json\/wp\/v2\/product"}],"about":[{"href":"https:\/\/wristbandfactory.eu\/de\/wp-json\/wp\/v2\/types\/product"}],"replies":[{"embeddable":true,"href":"https:\/\/wristbandfactory.eu\/de\/wp-json\/wp\/v2\/comments?post=5772"}],"wp:featuredmedia":[{"embeddable":true,"href":"https:\/\/wristbandfactory.eu\/de\/wp-json\/wp\/v2\/media\/5808"}],"wp:attachment":[{"href":"https:\/\/wristbandfactory.eu\/de\/wp-json\/wp\/v2\/media?parent=5772"}],"wp:term":[{"taxonomy":"product_brand","embeddable":true,"href":"https:\/\/wristbandfactory.eu\/de\/wp-json\/wp\/v2\/product_brand?post=5772"},{"taxonomy":"product_cat","embeddable":true,"href":"https:\/\/wristbandfactory.eu\/de\/wp-json\/wp\/v2\/product_cat?post=5772"},{"taxonomy":"product_tag","embeddable":true,"href":"https:\/\/wristbandfactory.eu\/de\/wp-json\/wp\/v2\/product_tag?post=5772"}],"curies":[{"name":"wp","href":"https:\/\/api.w.org\/{rel}","templated":true}]}}