{"id":5765,"date":"2025-12-10T15:10:44","date_gmt":"2025-12-10T12:10:44","guid":{"rendered":"https:\/\/wristbandfactory.eu\/?post_type=product&#038;p=5765"},"modified":"2025-12-16T16:05:47","modified_gmt":"2025-12-16T13:05:47","slug":"custom-printed-shoelaces-flat-round-sneaker-laces","status":"publish","type":"product","link":"https:\/\/wristbandfactory.eu\/de\/p\/custom-printed-shoelaces-flat-round-sneaker-laces\/","title":{"rendered":"Bedruckte Schn\u00fcrsenkel \u2013 Flach &amp; Rund"},"content":{"rendered":"<p data-path-to-node=\"12\">Verwandeln Sie jeden Schritt in eine Branding-Chance mit unserem <b>Individuell bedruckte Schn\u00fcrsenkel<\/b>. Ob f\u00fcr ein Firmenmarathonteam, die Markteinf\u00fchrung einer Sneaker-Marke oder einzigartige Universit\u00e4tsartikel \u2013 diese Schn\u00fcrsenkel bieten eine unterhaltsame und funktionelle M\u00f6glichkeit, Ihr Logo zu pr\u00e4sentieren.<\/p>\n<p data-path-to-node=\"13\"><b>Passende Styles zu Ihren Schuhen:<\/b><\/p>\n<ol start=\"1\" data-path-to-node=\"14\">\n<li>\n<p data-path-to-node=\"14,0,0\"><b>Flache Schn\u00fcrsenkel:<\/b> Der Standard f\u00fcr Sneaker und Skateschuhe. Sie bieten eine breite Oberfl\u00e4che (8\u201315 mm), die sich perfekt eignet, um Texte und Logos auch aus der Ferne klar zu erkennen.<\/p>\n<\/li>\n<li>\n<p data-path-to-node=\"14,1,0\"><b>Runde Schn\u00fcrsenkel:<\/b> Ideal f\u00fcr Laufschuhe, Stiefel und Kapuzenpullover. Das Branding wird \u00fcblicherweise eingewebt oder auf die Schn\u00fcrsenkelenden gedruckt, um ein dezentes, hochwertiges Finish zu erzielen.<\/p>\n<\/li>\n<\/ol>\n<p data-path-to-node=\"15\"><b>Ma\u00dfgefertigte Nasenspitzen (Aglets)<\/b> Steigern Sie die Wertigkeit Ihres Produkts, indem Sie Ihren Markennamen oder Ihre Website direkt auf die Kunststoff- oder Metallspitzen der Schn\u00fcrsenkel drucken lassen. Dieses Detail erh\u00f6ht den wahrgenommenen Wert des Produkts erheblich.<\/p>\n<p data-path-to-node=\"16\"><b>Empfohlene Anwendungsf\u00e4lle:<\/b><\/p>\n<ul data-path-to-node=\"17\">\n<li>\n<p data-path-to-node=\"17,0,0\"><b>Marathonl\u00e4ufe &amp; 5-km-L\u00e4ufe:<\/b> Nehmen Sie sie in die \u201cGoodie-Bag\u201d f\u00fcr die Teilnehmer auf.\u201d<\/p>\n<\/li>\n<li>\n<p data-path-to-node=\"17,1,0\"><b>Mitarbeiterwohlbefinden:<\/b> Ideal f\u00fcr \u201cSchrittz\u00e4hl-Herausforderungen\u201d.\u201d<\/p>\n<\/li>\n<li>\n<p data-path-to-node=\"17,2,0\"><b>Mode &amp; Einzelhandel:<\/b> Verkaufen Sie sie als eigenst\u00e4ndiges Accessoire oder als Geschenk beim Kauf.<\/p>\n<\/li>\n<\/ul>\n<p data-path-to-node=\"18\"><b>Hauptmerkmale:<\/b><\/p>\n<ul data-path-to-node=\"19\">\n<li>\n<p data-path-to-node=\"19,0,0\"><b>Material:<\/b> Strapazierf\u00e4higes Polyester.<\/p>\n<\/li>\n<li>\n<p data-path-to-node=\"19,1,0\"><b>L\u00e4nge:<\/b> Standardgr\u00f6\u00dfen (90 cm, 120 cm, 140 cm) oder Sonderanfertigungen.<\/p>\n<\/li>\n<li>\n<p data-path-to-node=\"19,2,0\"><b>Drucken:<\/b> W\u00e4rme\u00fcbertragung (Sublimation) oder Siebdruck.<\/p>\n<\/li>\n<li>\n<p data-path-to-node=\"19,3,0\"><b>Verpackung:<\/b> Die Paare werden \u00fcblicherweise in einem durchsichtigen Polybeutel oder einer individuell gestalteten Kartenaufschrift verpackt.<\/p>\n<\/li>\n<\/ul>","protected":false},"excerpt":{"rendered":"<ul>\n<li>\n<p data-path-to-node=\"10,0,0\"><b>Vollst\u00e4ndig anpassbar:<\/b> Erh\u00e4ltlich im klassischen flachen Stil f\u00fcr kr\u00e4ftige, farbenfrohe Muster oder im runden Kordelstil f\u00fcr einen sportlichen Look.<\/p>\n<\/li>\n<li>\n<p data-path-to-node=\"10,1,0\"><b>End-to-End-Branding:<\/b> Wir k\u00f6nnen Ihr Logo \u00fcber die gesamte L\u00e4nge der Schn\u00fcrsenkel drucken und sogar die Kunststoff- oder Metallspitzen (Agglets) individuell gestalten.<\/p>\n<\/li>\n<li>\n<p data-path-to-node=\"10,2,0\"><b>Lebendige Designs:<\/b> Mit dem Sublimationsdruckverfahren lassen sich detaillierte Grafiken wie Herzen, Cartoons oder komplexe Farbverl\u00e4ufe realisieren.<\/p>\n<\/li>\n<li>\n<p data-path-to-node=\"10,3,0\"><b>Bereit f\u00fcr die Veranstaltung:<\/b> Ein hochwertiges Werbegeschenk f\u00fcr Wohlt\u00e4tigkeitsl\u00e4ufe, Sportmannschaften und Sneaker-Messen, das die Empf\u00e4nger auch tats\u00e4chlich nutzen.<\/p>\n<\/li>\n<\/ul>","protected":false},"featured_media":5839,"comment_status":"closed","ping_status":"closed","template":"","meta":[],"product_brand":[],"product_cat":[127],"product_tag":[],"class_list":{"0":"post-5765","1":"product","2":"type-product","3":"status-publish","4":"has-post-thumbnail","6":"product_cat-custom-straps-belts","8":"first","9":"instock","10":"shipping-taxable","11":"product-type-simple"},"_links":{"self":[{"href":"https:\/\/wristbandfactory.eu\/de\/wp-json\/wp\/v2\/product\/5765","targetHints":{"allow":["GET"]}}],"collection":[{"href":"https:\/\/wristbandfactory.eu\/de\/wp-json\/wp\/v2\/product"}],"about":[{"href":"https:\/\/wristbandfactory.eu\/de\/wp-json\/wp\/v2\/types\/product"}],"replies":[{"embeddable":true,"href":"https:\/\/wristbandfactory.eu\/de\/wp-json\/wp\/v2\/comments?post=5765"}],"wp:featuredmedia":[{"embeddable":true,"href":"https:\/\/wristbandfactory.eu\/de\/wp-json\/wp\/v2\/media\/5839"}],"wp:attachment":[{"href":"https:\/\/wristbandfactory.eu\/de\/wp-json\/wp\/v2\/media?parent=5765"}],"wp:term":[{"taxonomy":"product_brand","embeddable":true,"href":"https:\/\/wristbandfactory.eu\/de\/wp-json\/wp\/v2\/product_brand?post=5765"},{"taxonomy":"product_cat","embeddable":true,"href":"https:\/\/wristbandfactory.eu\/de\/wp-json\/wp\/v2\/product_cat?post=5765"},{"taxonomy":"product_tag","embeddable":true,"href":"https:\/\/wristbandfactory.eu\/de\/wp-json\/wp\/v2\/product_tag?post=5765"}],"curies":[{"name":"wp","href":"https:\/\/api.w.org\/{rel}","templated":true}]}}