{"id":5760,"date":"2025-12-10T15:00:54","date_gmt":"2025-12-10T12:00:54","guid":{"rendered":"https:\/\/wristbandfactory.eu\/?post_type=product&#038;p=5760"},"modified":"2025-12-11T21:46:30","modified_gmt":"2025-12-11T18:46:30","slug":"custom-faux-fur-lanyards-fluffy-fashion-strap","status":"publish","type":"product","link":"https:\/\/wristbandfactory.eu\/de\/p\/custom-faux-fur-lanyards-fluffy-fashion-strap\/","title":{"rendered":"Pl\u00fcsch-Lanyards \u2013 Kunstfell mit Weblabel"},"content":{"rendered":"<p data-path-to-node=\"11\">Setzen Sie ein starkes Statement mit unserem <b>Ma\u00dfgefertigte Kunstpelz-Lanyards<\/b>. \u00dcber den reinen Nutzen hinaus sind diese Lanyards echte Modeaccessoires, die Ihre Marke auf die stilvollste Art und Weise pr\u00e4sentieren.<\/p>\n<p data-path-to-node=\"12\"><b>Der \u201cflauschige\u201d Faktor<\/b> Anders als flache Polyesterb\u00e4nder sind diese Lanyards aus einem weichen, schlauchf\u00f6rmigen Kunstpelzstoff gefertigt. Sie f\u00fchlen sich wie ein Schal am Hals an und sind daher unglaublich bequem \u2013 ideal f\u00fcr ganzt\u00e4giges Tragen auf Winterfestivals oder VIP-Veranstaltungen.<\/p>\n<p data-path-to-node=\"13\"><b>Intelligente Markenl\u00f6sungen<\/b> Da langes Fell Tinte verdeckt, verwenden wir <b>angebrachte Markenetiketten<\/b>.<\/p>\n<ul data-path-to-node=\"14\">\n<li>\n<p data-path-to-node=\"14,0,0\"><b>Gewebte Etiketten:<\/b> Ein hochwertiges Stoffetikett, das auf das Fell gen\u00e4ht ist (wie bei Kleidung).<\/p>\n<\/li>\n<li>\n<p data-path-to-node=\"14,1,0\"><b>PVC\/Gummi-Flicken:<\/b> F\u00fcr einen modernen 3D-Look. Diese Methode gew\u00e4hrleistet, dass Ihr Logo lesbar und scharf bleibt und gleichzeitig die hochwertige, flauschige Optik des Produkts erhalten bleibt.<\/p>\n<\/li>\n<\/ul>\n<p data-path-to-node=\"15\"><b>Empfohlene Anwendungsf\u00e4lle:<\/b><\/p>\n<ul data-path-to-node=\"16\">\n<li>\n<p data-path-to-node=\"16,0,0\"><b>Streetwear-Merchandise:<\/b> Artikel mit hohem wahrgenommenen Wert f\u00fcr den Einzelhandel.<\/p>\n<\/li>\n<li>\n<p data-path-to-node=\"16,1,0\"><b>Ski- und Snowboardveranstaltungen:<\/b> Ideal geeignet f\u00fcr kalte Umgebungen.<\/p>\n<\/li>\n<li>\n<p data-path-to-node=\"16,2,0\"><b>Kreativagenturen:<\/b> Ein einzigartiges Geschenk, das sich von langweiligen B\u00fcroartikeln abhebt.<\/p>\n<\/li>\n<\/ul>\n<p data-path-to-node=\"17\"><b>Hauptmerkmale:<\/b><\/p>\n<ul data-path-to-node=\"18\">\n<li>\n<p data-path-to-node=\"18,0,0\"><b>Material:<\/b> 100% Synthetisches Kunstfell (Polyester).<\/p>\n<\/li>\n<li>\n<p data-path-to-node=\"18,1,0\"><b>Stil:<\/b> Rohr-\/Rundprofil.<\/p>\n<\/li>\n<li>\n<p data-path-to-node=\"18,2,0\"><b>Logo-Methode:<\/b> Gewebtes Etikett oder Aufn\u00e4her.<\/p>\n<\/li>\n<li>\n<p data-path-to-node=\"18,3,0\"><b>Anh\u00e4nge:<\/b> Metallener Karabinerhaken oder Sprengring.<\/p>\n<\/li>\n<\/ul>","protected":false},"excerpt":{"rendered":"<ul>\n<li>\n<p data-path-to-node=\"9,0,0\"><b>Ultraflauschige Textur:<\/b> Hergestellt aus einem weichen, synthetischen Fellschlauch, der ein einzigartiges, luxuri\u00f6ses Tastgef\u00fchl bietet.<\/p>\n<\/li>\n<li>\n<p data-path-to-node=\"9,1,0\"><b>Gewebtes Etikettenbranding:<\/b> Da das Fell nicht direkt bedruckt werden kann, wird Ihr Logo auf ein hochwertiges, gewebtes Etikett oder einen Aufn\u00e4her gen\u00e4ht, der am Riemen befestigt ist.<\/p>\n<\/li>\n<li>\n<p data-path-to-node=\"9,2,0\"><b>Modisch zukunftsorientiert:<\/b> Eine beliebte Wahl f\u00fcr Streetwear-Marken, Skigebiete und Influencer, die nach herausragenden Produkten suchen.<\/p>\n<\/li>\n<li>\n<p data-path-to-node=\"9,3,0\"><b>Leuchtende Farben:<\/b> Erh\u00e4ltlich in klassischem Wei\u00df\/Schwarz oder in individuell gef\u00e4rbten Mustern (z. B. \u201cMonster\u201d-Blau\/Lila), passend zu bestimmten Themen.<\/p>\n<\/li>\n<\/ul>","protected":false},"featured_media":5845,"comment_status":"closed","ping_status":"closed","template":"","meta":[],"product_brand":[],"product_cat":[104,108,121],"product_tag":[],"class_list":{"0":"post-5760","1":"product","2":"type-product","3":"status-publish","4":"has-post-thumbnail","6":"product_cat-custom-printed-lanyards","7":"product_cat-multifunctional-lanyards","8":"product_cat-promotional-merchandise","10":"first","11":"instock","12":"shipping-taxable","13":"product-type-simple"},"_links":{"self":[{"href":"https:\/\/wristbandfactory.eu\/de\/wp-json\/wp\/v2\/product\/5760","targetHints":{"allow":["GET"]}}],"collection":[{"href":"https:\/\/wristbandfactory.eu\/de\/wp-json\/wp\/v2\/product"}],"about":[{"href":"https:\/\/wristbandfactory.eu\/de\/wp-json\/wp\/v2\/types\/product"}],"replies":[{"embeddable":true,"href":"https:\/\/wristbandfactory.eu\/de\/wp-json\/wp\/v2\/comments?post=5760"}],"wp:featuredmedia":[{"embeddable":true,"href":"https:\/\/wristbandfactory.eu\/de\/wp-json\/wp\/v2\/media\/5845"}],"wp:attachment":[{"href":"https:\/\/wristbandfactory.eu\/de\/wp-json\/wp\/v2\/media?parent=5760"}],"wp:term":[{"taxonomy":"product_brand","embeddable":true,"href":"https:\/\/wristbandfactory.eu\/de\/wp-json\/wp\/v2\/product_brand?post=5760"},{"taxonomy":"product_cat","embeddable":true,"href":"https:\/\/wristbandfactory.eu\/de\/wp-json\/wp\/v2\/product_cat?post=5760"},{"taxonomy":"product_tag","embeddable":true,"href":"https:\/\/wristbandfactory.eu\/de\/wp-json\/wp\/v2\/product_tag?post=5760"}],"curies":[{"name":"wp","href":"https:\/\/api.w.org\/{rel}","templated":true}]}}