{"id":5753,"date":"2025-12-10T14:54:23","date_gmt":"2025-12-10T11:54:23","guid":{"rendered":"https:\/\/wristbandfactory.eu\/?post_type=product&#038;p=5753"},"modified":"2025-12-11T21:53:25","modified_gmt":"2025-12-11T18:53:25","slug":"high-visibility-reflective-strip-lanyards-safety-wear","status":"publish","type":"product","link":"https:\/\/wristbandfactory.eu\/de\/p\/high-visibility-reflective-strip-lanyards-safety-wear\/","title":{"rendered":"Warnschutz-Lanyards \u2013 Mit Reflektorstreifen"},"content":{"rendered":"<p data-path-to-node=\"14\">Sicherheit hat Priorit\u00e4t, ohne dabei die Markenidentit\u00e4t zu beeintr\u00e4chtigen \u2013 mit unserem <b>Hochsichtbare reflektierende Streifen-Lanyards<\/b>. Im Gegensatz zu herk\u00f6mmlichen Lanyards mit dezenten reflektierenden F\u00e4den verf\u00fcgt dieses robuste Modell \u00fcber eine markante, silberne Reflexschicht, die mit dem Stoff verschmolzen ist und so eine maximale Reflexion \u00e4hnlich professioneller Sicherheitsausr\u00fcstung bietet.<\/p>\n<p data-path-to-node=\"15\"><b>Konzipiert f\u00fcr industrielle Nutzung und Nachteinsatz<\/b> Dies ist der Branchenstandard f\u00fcr <b>Baustellen, Flughafenpersonal und Sicherheitspersonal<\/b>. Wenn der mittlere Streifen von Autoscheinwerfern oder Taschenlampen getroffen wird, leuchtet er hell auf und sorgt so daf\u00fcr, dass Ihre Mitarbeiter oder Veranstaltungsteilnehmer auch aus der Ferne gut sichtbar sind.<\/p>\n<p data-path-to-node=\"16\"><b>Robuste Konstruktion<\/b> Das reflektierende Material ist mit einer robusten Polyester-Basisschicht verbunden. Dieses zweifarbige Design (Farbe + Silber) sieht nicht nur professionell aus, sondern erh\u00f6ht auch die Langlebigkeit. Wir empfehlen dringend, eine zus\u00e4tzliche Schutzfolie hinzuzuf\u00fcgen. <b>Sicherheits-Abrei\u00dfschnalle<\/b> f\u00fcr dieses Produkt zur Einhaltung der Arbeitsschutzbestimmungen.<\/p>\n<p data-path-to-node=\"17\"><b>Empfohlene Anwendungsf\u00e4lle:<\/b><\/p>\n<ul data-path-to-node=\"18\">\n<li>\n<p data-path-to-node=\"18,0,0\"><b>Bauwesen &amp; Logistik:<\/b> Obligatorische Ausweispflicht f\u00fcr Mitarbeiter vor Ort.<\/p>\n<\/li>\n<li>\n<p data-path-to-node=\"18,1,0\"><b>Nachtfeste:<\/b> Die Sicherheit und Sichtbarkeit der Teilnehmer in dunklen Menschenmengen gew\u00e4hrleisten.<\/p>\n<\/li>\n<li>\n<p data-path-to-node=\"18,2,0\"><b>Schulen:<\/b> Sichtverh\u00e4ltnisse f\u00fcr Kinder bei Schulausfl\u00fcgen in den Wintermonaten.<\/p>\n<\/li>\n<\/ul>\n<p data-path-to-node=\"19\"><b>Hauptmerkmale:<\/b><\/p>\n<ul data-path-to-node=\"20\">\n<li>\n<p data-path-to-node=\"20,0,0\"><b>Material:<\/b> Polyestergewebe + laminiertes Reflexband.<\/p>\n<\/li>\n<li>\n<p data-path-to-node=\"20,1,0\"><b>Wirkung:<\/b> Starke Blitzreflexion (silber\/graue Grundierung).<\/p>\n<\/li>\n<li>\n<p data-path-to-node=\"20,2,0\"><b>Breite:<\/b> Typischerweise 15 mm oder 20 mm.<\/p>\n<\/li>\n<li>\n<p data-path-to-node=\"20,3,0\"><b>Drucken:<\/b> Siebdruck auf der reflektierenden Schicht.<\/p>\n<\/li>\n<\/ul>","protected":false},"excerpt":{"rendered":"<ul>\n<li>\n<p data-path-to-node=\"12,0,0\"><b>Hohe Sichtbarkeit:<\/b> Verf\u00fcgt \u00fcber einen breiten, laminierten grauen Reflexstreifen in der Mitte, \u00e4hnlich wie bei Sicherheitswesten, der das Licht in der Dunkelheit intensiv reflektiert.<\/p>\n<\/li>\n<li>\n<p data-path-to-node=\"12,1,0\"><b>Sicherheit bei Tag und Nacht:<\/b> Das leuchtend farbige Basisgewebe (Gelb, Orange, Blau) sorgt f\u00fcr gute Sichtbarkeit am Tag, w\u00e4hrend der silberne Streifen nachts Schutz bietet.<\/p>\n<\/li>\n<li>\n<p data-path-to-node=\"12,2,0\"><b>Sicherheitsabtrennung:<\/b> Unverzichtbar f\u00fcr den industriellen Einsatz; \u00fcblicherweise mit einem Sicherheitsverschluss ausgestattet, um Erstickungsunf\u00e4lle zu verhindern.<\/p>\n<\/li>\n<li>\n<p data-path-to-node=\"12,3,0\"><b>Individuelles Branding:<\/b> Ihr Logo kann zur besseren Sichtbarkeit Ihrer Marke direkt auf den reflektierenden Streifen oder die farbigen Kanten im Siebdruckverfahren aufgebracht werden.<\/p>\n<\/li>\n<\/ul>","protected":false},"featured_media":5758,"comment_status":"closed","ping_status":"closed","template":"","meta":[],"product_brand":[],"product_cat":[109],"product_tag":[],"class_list":{"0":"post-5753","1":"product","2":"type-product","3":"status-publish","4":"has-post-thumbnail","6":"product_cat-reflective-lanyards","8":"first","9":"instock","10":"shipping-taxable","11":"product-type-simple"},"_links":{"self":[{"href":"https:\/\/wristbandfactory.eu\/de\/wp-json\/wp\/v2\/product\/5753","targetHints":{"allow":["GET"]}}],"collection":[{"href":"https:\/\/wristbandfactory.eu\/de\/wp-json\/wp\/v2\/product"}],"about":[{"href":"https:\/\/wristbandfactory.eu\/de\/wp-json\/wp\/v2\/types\/product"}],"replies":[{"embeddable":true,"href":"https:\/\/wristbandfactory.eu\/de\/wp-json\/wp\/v2\/comments?post=5753"}],"wp:featuredmedia":[{"embeddable":true,"href":"https:\/\/wristbandfactory.eu\/de\/wp-json\/wp\/v2\/media\/5758"}],"wp:attachment":[{"href":"https:\/\/wristbandfactory.eu\/de\/wp-json\/wp\/v2\/media?parent=5753"}],"wp:term":[{"taxonomy":"product_brand","embeddable":true,"href":"https:\/\/wristbandfactory.eu\/de\/wp-json\/wp\/v2\/product_brand?post=5753"},{"taxonomy":"product_cat","embeddable":true,"href":"https:\/\/wristbandfactory.eu\/de\/wp-json\/wp\/v2\/product_cat?post=5753"},{"taxonomy":"product_tag","embeddable":true,"href":"https:\/\/wristbandfactory.eu\/de\/wp-json\/wp\/v2\/product_tag?post=5753"}],"curies":[{"name":"wp","href":"https:\/\/api.w.org\/{rel}","templated":true}]}}