{"id":5747,"date":"2025-12-10T13:55:38","date_gmt":"2025-12-10T10:55:38","guid":{"rendered":"https:\/\/wristbandfactory.eu\/?post_type=product&#038;p=5747"},"modified":"2025-12-11T21:59:04","modified_gmt":"2025-12-11T18:59:04","slug":"custom-silicone-pvc-lanyards-waterproof-cleanable","status":"publish","type":"product","link":"https:\/\/wristbandfactory.eu\/de\/p\/custom-silicone-pvc-lanyards-waterproof-cleanable\/","title":{"rendered":"Silikon- &amp; PVC-Lanyards \u2013 Abwaschbar &amp; Hygienisch"},"content":{"rendered":"<p data-path-to-node=\"12\">Mit unseren Produkten gew\u00e4hrleisten wir h\u00f6chste Hygienestandards. <b>Ma\u00dfgefertigte Schl\u00fcsselb\u00e4nder aus Silikon und PVC<\/b>. Im Gegensatz zu herk\u00f6mmlichen Polyesterb\u00e4ndern, die Schwei\u00df und Schmutz aufnehmen, sind diese gummierten Lanyards absolut wasserdicht und abwischbar.<\/p>\n<p data-path-to-node=\"13\"><b>Hygienisch &amp; Sicher<\/b> Diese Lanyards sind ideal f\u00fcr Pflegekr\u00e4fte, \u00c4rzte und Mitarbeiter in der Lebensmittelverarbeitung. Sie lassen sich mit Alkoholt\u00fcchern sterilisieren oder in Seifenwasser waschen, ohne dass die Farbe verblasst. Sie bieten ein sauberes, klinisches Erscheinungsbild und passen perfekt zu Berufsbekleidung.<\/p>\n<p data-path-to-node=\"14\"><b>Materialauswahl:<\/b><\/p>\n<ol start=\"1\" data-path-to-node=\"15\">\n<li>\n<p data-path-to-node=\"15,0,0\"><b>Weiches Silikon:<\/b> Hohe Flexibilit\u00e4t und angenehmer Tragekomfort auf der Haut. Ideal f\u00fcr hochwertiges Branding.<\/p>\n<\/li>\n<li>\n<p data-path-to-node=\"15,1,0\"><b>Weiches PVC:<\/b> Ein robuster, etwas steiferer Kunststoff, der seine Form gut beibeh\u00e4lt und eine ausgezeichnete Haltbarkeit zu einem niedrigeren Preis bietet.<\/p>\n<\/li>\n<\/ol>\n<p data-path-to-node=\"16\"><b>Empfohlene Anwendungsf\u00e4lle:<\/b><\/p>\n<ul data-path-to-node=\"17\">\n<li>\n<p data-path-to-node=\"17,0,0\"><b>Gesundheitspflege:<\/b> L\u00e4sst sich zwischen den Schichten leicht desinfizieren.<\/p>\n<\/li>\n<li>\n<p data-path-to-node=\"17,1,0\"><b>Wasserzentren:<\/b> Wird in der N\u00e4he von Pools weder matschig noch schimmelig.<\/p>\n<\/li>\n<li>\n<p data-path-to-node=\"17,2,0\"><b>Industrie:<\/b> Best\u00e4ndig gegen \u00d6l- und Fettspritzer.<\/p>\n<\/li>\n<\/ul>\n<p data-path-to-node=\"18\"><b>Hauptmerkmale:<\/b><\/p>\n<ul data-path-to-node=\"19\">\n<li>\n<p data-path-to-node=\"19,0,0\"><b>Material:<\/b> 100% Silikon oder Weich-PVC.<\/p>\n<\/li>\n<li>\n<p data-path-to-node=\"19,1,0\"><b>Markenbildung:<\/b> Siebdruck (klare, haltbare Farbe).<\/p>\n<\/li>\n<li>\n<p data-path-to-node=\"19,2,0\"><b>Anh\u00e4nge:<\/b> Metallklemme mit Drehhaken.<\/p>\n<\/li>\n<li>\n<p data-path-to-node=\"19,3,0\"><b>Extras:<\/b> Sicherheitsabrei\u00dfoptionen verf\u00fcgbar.<\/p>\n<\/li>\n<\/ul>","protected":false},"excerpt":{"rendered":"<ul>\n<li>\n<p data-path-to-node=\"10,0,0\"><b>100% Wasserdicht:<\/b> Das nicht absorbierende Material weist Wasser, Schwei\u00df und Chemikalien ab und l\u00e4sst sich daher leicht abwischen oder desinfizieren.<\/p>\n<\/li>\n<li>\n<p data-path-to-node=\"10,1,0\"><b>Silikonoption:<\/b> Weicher, flexibler und hypoallergener Gummi mit einer hochwertigen matten Oberfl\u00e4che (z. B. wie bei Subaru).<\/p>\n<\/li>\n<li>\n<p data-path-to-node=\"10,2,0\"><b>PVC-Option:<\/b> Eine langlebige, glatte und kosteng\u00fcnstige Kunststoffoption mit leichtem Glanz (z. B. Penteris).<\/p>\n<\/li>\n<li>\n<p data-path-to-node=\"10,3,0\"><b>Fokus auf Hygiene:<\/b> Die bevorzugte Wahl f\u00fcr Krankenh\u00e4user, Labore und K\u00fcchen, wo Stoffb\u00e4nder Bakterien beherbergen k\u00f6nnen.<\/p>\n<\/li>\n<\/ul>","protected":false},"featured_media":5854,"comment_status":"closed","ping_status":"closed","template":"","meta":[],"product_brand":[],"product_cat":[104,108],"product_tag":[],"class_list":{"0":"post-5747","1":"product","2":"type-product","3":"status-publish","4":"has-post-thumbnail","6":"product_cat-custom-printed-lanyards","7":"product_cat-multifunctional-lanyards","9":"first","10":"instock","11":"shipping-taxable","12":"product-type-simple"},"_links":{"self":[{"href":"https:\/\/wristbandfactory.eu\/de\/wp-json\/wp\/v2\/product\/5747","targetHints":{"allow":["GET"]}}],"collection":[{"href":"https:\/\/wristbandfactory.eu\/de\/wp-json\/wp\/v2\/product"}],"about":[{"href":"https:\/\/wristbandfactory.eu\/de\/wp-json\/wp\/v2\/types\/product"}],"replies":[{"embeddable":true,"href":"https:\/\/wristbandfactory.eu\/de\/wp-json\/wp\/v2\/comments?post=5747"}],"wp:featuredmedia":[{"embeddable":true,"href":"https:\/\/wristbandfactory.eu\/de\/wp-json\/wp\/v2\/media\/5854"}],"wp:attachment":[{"href":"https:\/\/wristbandfactory.eu\/de\/wp-json\/wp\/v2\/media?parent=5747"}],"wp:term":[{"taxonomy":"product_brand","embeddable":true,"href":"https:\/\/wristbandfactory.eu\/de\/wp-json\/wp\/v2\/product_brand?post=5747"},{"taxonomy":"product_cat","embeddable":true,"href":"https:\/\/wristbandfactory.eu\/de\/wp-json\/wp\/v2\/product_cat?post=5747"},{"taxonomy":"product_tag","embeddable":true,"href":"https:\/\/wristbandfactory.eu\/de\/wp-json\/wp\/v2\/product_tag?post=5747"}],"curies":[{"name":"wp","href":"https:\/\/api.w.org\/{rel}","templated":true}]}}