{"id":5730,"date":"2025-12-10T13:44:29","date_gmt":"2025-12-10T10:44:29","guid":{"rendered":"https:\/\/wristbandfactory.eu\/?post_type=product&#038;p=5730"},"modified":"2025-12-11T22:18:11","modified_gmt":"2025-12-11T19:18:11","slug":"magnetic-elastic-cord-lanyards-modern-badge-holder","status":"publish","type":"product","link":"https:\/\/wristbandfactory.eu\/de\/p\/magnetic-elastic-cord-lanyards-modern-badge-holder\/","title":{"rendered":"Elastische Magnet-Lanyards \u2013 Rundkordel Design"},"content":{"rendered":"<p data-path-to-node=\"12\">Entdecken Sie den modernen Minimalismus mit unserem <b>Magnetische elastische Kordel-Schl\u00fcsselb\u00e4nder<\/b>. Dieses Produkt entfernt sich von herk\u00f6mmlichen flachen Polyesterb\u00e4ndern und bietet eine elegante, zukunftsweisende \u00c4sthetik, die bei Startups, Designagenturen und exklusiven Konferenzen sehr beliebt ist.<\/p>\n<p data-path-to-node=\"13\"><b>Die Magie der Magnete<\/b> Das Herzst\u00fcck dieses Schl\u00fcsselbandes ist sein <b>Magnetverbinder<\/b>. Statt mit Clips zu hantieren, lassen sich die beiden Enden unbedruckt zusammenklicken. Die Bedienung ist angenehm und gleichzeitig dient sie als Schnellverschluss-Sicherheitsmechanismus.<\/p>\n<p data-path-to-node=\"14\"><b>Subtiles, aber effektives Branding<\/b> Anstatt Text entlang des Kabels aufzudrucken, wird das Branding auf ein Kabel aufgebracht. <b>runder Kunststoffschieber\/Knopf<\/b>. Dadurch wird ein vollfarbiges Logo (als W\u00f6lbung oder Flachdruck) erm\u00f6glicht, das prominent auf der Brust platziert wird und so sicherstellt, dass Ihre Marke immer sichtbar ist, ohne das Design zu \u00fcberladen.<\/p>\n<p data-path-to-node=\"15\"><b>Hauptmerkmale:<\/b><\/p>\n<ul data-path-to-node=\"16\">\n<li>\n<p data-path-to-node=\"16,0,0\"><b>Material:<\/b> Elastische Rundkordel (Wei\u00df, Schwarz oder Sonderfarben).<\/p>\n<\/li>\n<li>\n<p data-path-to-node=\"16,1,0\"><b>Verschlussoptionen:<\/b> Hochwertiger Metalltorpedo oder flacher Kunststoff.<\/p>\n<\/li>\n<li>\n<p data-path-to-node=\"16,2,0\"><b>Logoplatzierung:<\/b> Runder Verstellknopf aus Kunststoff.<\/p>\n<\/li>\n<li>\n<p data-path-to-node=\"16,3,0\"><b>Stil:<\/b> Minimalistisch, sportlich, technisch.<\/p>\n<\/li>\n<\/ul>","protected":false},"excerpt":{"rendered":"<ul>\n<li>\n<p data-path-to-node=\"10,0,0\"><b>Intelligenter Magnetverschluss:<\/b> Verf\u00fcgt \u00fcber einen eleganten magnetischen Verbindungsstecker aus Metall oder Kunststoff, der sich f\u00fcr unbedrucktes Tragen im Handumdrehen zusammenklicken l\u00e4sst.<\/p>\n<\/li>\n<li>\n<p data-path-to-node=\"10,1,0\"><b>Elastischer Komfort:<\/b> Hergestellt aus weichem, dehnbarem Rundkordel, die sich den ganzen Tag \u00fcber leicht und angenehm um den Hals anf\u00fchlt.<\/p>\n<\/li>\n<li>\n<p data-path-to-node=\"10,2,0\"><b>Button-Branding:<\/b> Ihr Logo wird auf einen individuell gestaltbaren Schiebeknopf aus Kunststoff gedruckt, wodurch das Kabeldesign klar und minimalistisch bleibt.<\/p>\n<\/li>\n<li>\n<p data-path-to-node=\"10,3,0\"><b>Sicherheitsfunktion:<\/b> Der Magnetverschluss dient gleichzeitig als Sicherheitsverschluss, der sich unter Spannung l\u00f6st, um Erstickungsgefahren zu vermeiden.<\/p>\n<\/li>\n<\/ul>","protected":false},"featured_media":5870,"comment_status":"closed","ping_status":"closed","template":"","meta":[],"product_brand":[],"product_cat":[125,108,124],"product_tag":[],"class_list":{"0":"post-5730","1":"product","2":"type-product","3":"status-publish","4":"has-post-thumbnail","6":"product_cat-cord-lanyards","7":"product_cat-multifunctional-lanyards","8":"product_cat-id-solutions","10":"first","11":"instock","12":"shipping-taxable","13":"product-type-simple"},"_links":{"self":[{"href":"https:\/\/wristbandfactory.eu\/de\/wp-json\/wp\/v2\/product\/5730","targetHints":{"allow":["GET"]}}],"collection":[{"href":"https:\/\/wristbandfactory.eu\/de\/wp-json\/wp\/v2\/product"}],"about":[{"href":"https:\/\/wristbandfactory.eu\/de\/wp-json\/wp\/v2\/types\/product"}],"replies":[{"embeddable":true,"href":"https:\/\/wristbandfactory.eu\/de\/wp-json\/wp\/v2\/comments?post=5730"}],"wp:featuredmedia":[{"embeddable":true,"href":"https:\/\/wristbandfactory.eu\/de\/wp-json\/wp\/v2\/media\/5870"}],"wp:attachment":[{"href":"https:\/\/wristbandfactory.eu\/de\/wp-json\/wp\/v2\/media?parent=5730"}],"wp:term":[{"taxonomy":"product_brand","embeddable":true,"href":"https:\/\/wristbandfactory.eu\/de\/wp-json\/wp\/v2\/product_brand?post=5730"},{"taxonomy":"product_cat","embeddable":true,"href":"https:\/\/wristbandfactory.eu\/de\/wp-json\/wp\/v2\/product_cat?post=5730"},{"taxonomy":"product_tag","embeddable":true,"href":"https:\/\/wristbandfactory.eu\/de\/wp-json\/wp\/v2\/product_tag?post=5730"}],"curies":[{"name":"wp","href":"https:\/\/api.w.org\/{rel}","templated":true}]}}