{"id":5707,"date":"2025-12-10T13:20:55","date_gmt":"2025-12-10T10:20:55","guid":{"rendered":"https:\/\/wristbandfactory.eu\/?post_type=product&#038;p=5707"},"modified":"2025-12-11T22:43:46","modified_gmt":"2025-12-11T19:43:46","slug":"custom-holographic-laser-print-lanyards-iridescent-logo","status":"publish","type":"product","link":"https:\/\/wristbandfactory.eu\/de\/p\/custom-holographic-laser-print-lanyards-iridescent-logo\/","title":{"rendered":"Holografische Lanyards \u2013 Irisierender Laserdruck"},"content":{"rendered":"<p data-path-to-node=\"12\">Hinterlassen Sie einen brillanten Eindruck mit unserem <b>Individuell gestaltete Schl\u00fcsselb\u00e4nder mit holografischem Laserdruck<\/b>. Bei dieser hochwertigen Branding-Technik wird ein spezielles Hei\u00dfpr\u00e4geverfahren angewendet, um eine Metallfolie aufzubringen, die nicht unbedruckt nur silberfarben, sondern irisierend ist.<\/p>\n<p data-path-to-node=\"13\"><b>Der \u201cLaser\u201d-Effekt<\/b> Wie in den Beispielen (z. B. \u201cSalt &amp; Stone\u201d, \u201cStarbucks\u201d) zu sehen ist, wirkt der Text wie ein Prisma. Bei schwachem Licht erscheint er metallisch silbern; unter direktem Licht oder Blitzlicht explodiert er in leuchtenden Regenbogenfarben. Dieser Farbwechseleffekt macht ihn zu einer \u00e4u\u00dferst fotogenen Wahl f\u00fcr Events mit hoher Social-Media-Pr\u00e4senz.<\/p>\n<p data-path-to-node=\"14\"><b>Am besten auf Schwarz<\/b> Um den maximalen \u201cPop\u201d-Effekt zu erzielen, empfehlen wir den Druck auf einem <b>schwarzes oder dunkelblaues Armband mit Satin-Finish<\/b>. Die glatte Textur des Materials sorgt daf\u00fcr, dass die Folie perfekt haftet und ununterbrochen gl\u00e4nzt.<\/p>\n<p data-path-to-node=\"15\"><b>Empfohlene Anwendungsf\u00e4lle:<\/b><\/p>\n<ul data-path-to-node=\"16\">\n<li>\n<p data-path-to-node=\"16,0,0\"><b>VIP- und Backstage-Bereich:<\/b> Besondere G\u00e4ste k\u00f6nnen mit einem Lanyard gekennzeichnet werden, das wie ein Schmuckst\u00fcck aussieht.<\/p>\n<\/li>\n<li>\n<p data-path-to-node=\"16,1,0\"><b>Nachtleben &amp; Konzerte:<\/b> Reflektiert B\u00fchnenlichter dynamisch.<\/p>\n<\/li>\n<li>\n<p data-path-to-node=\"16,2,0\"><b>Technologie-Neuheiten:<\/b> Passt perfekt zu modernen, futuristischen Markenidentit\u00e4ten.<\/p>\n<\/li>\n<\/ul>\n<p data-path-to-node=\"17\"><b>Hauptmerkmale:<\/b><\/p>\n<ul data-path-to-node=\"18\">\n<li>\n<p data-path-to-node=\"18,0,0\"><b>Drucktechnik:<\/b> Holografische \/ Laserfolienpr\u00e4gung.<\/p>\n<\/li>\n<li>\n<p data-path-to-node=\"18,1,0\"><b>Material:<\/b> Glatter Polyester-Satin (f\u00fchlt sich an wie Nylon).<\/p>\n<\/li>\n<li>\n<p data-path-to-node=\"18,2,0\"><b>Wirkung:<\/b> Metallischer Regenbogenreflex.<\/p>\n<\/li>\n<li>\n<p data-path-to-node=\"18,3,0\"><b>Anh\u00e4nge:<\/b> Hochwertige Metallhaken oder mattschwarze Accessoires werden empfohlen.<\/p>\n<\/li>\n<\/ul>","protected":false},"excerpt":{"rendered":"<ul>\n<li>\n<p data-path-to-node=\"10,0,0\"><b>Holographischer Effekt:<\/b> Das Logo wird mit einer speziellen Laserfolie gedruckt, die beim Auftreffen von Licht ein Spektrum von Regenbogenfarben reflektiert.<\/p>\n<\/li>\n<li>\n<p data-path-to-node=\"10,1,0\"><b>Premium-Finish:<\/b> Gedruckt auf hochwertigem, glattem Polyestergewebe in Satinoptik (in der Regel schwarz), um den Kontrast des gl\u00e4nzenden Textes zu maximieren.<\/p>\n<\/li>\n<li>\n<p data-path-to-node=\"10,2,0\"><b>Dynamische Sichtbarkeit:<\/b> Im Gegensatz zu statischer, flacher Tinte ver\u00e4ndert die Markenbotschaft ihr Erscheinungsbild je nach Betrachtungswinkel und zieht so sofort die Blicke auf sich.<\/p>\n<\/li>\n<li>\n<p data-path-to-node=\"10,3,0\"><b>Luxuri\u00f6ses Gef\u00fchl:<\/b> Ideal f\u00fcr VIP-P\u00e4sse, Galaveranstaltungen und hochwertiges Corporate Branding, wo Standard-Lanyards zu billig wirken.<\/p>\n<\/li>\n<\/ul>","protected":false},"featured_media":5887,"comment_status":"closed","ping_status":"closed","template":"","meta":[],"product_brand":[],"product_cat":[104],"product_tag":[],"class_list":{"0":"post-5707","1":"product","2":"type-product","3":"status-publish","4":"has-post-thumbnail","6":"product_cat-custom-printed-lanyards","8":"first","9":"instock","10":"shipping-taxable","11":"product-type-simple"},"_links":{"self":[{"href":"https:\/\/wristbandfactory.eu\/de\/wp-json\/wp\/v2\/product\/5707","targetHints":{"allow":["GET"]}}],"collection":[{"href":"https:\/\/wristbandfactory.eu\/de\/wp-json\/wp\/v2\/product"}],"about":[{"href":"https:\/\/wristbandfactory.eu\/de\/wp-json\/wp\/v2\/types\/product"}],"replies":[{"embeddable":true,"href":"https:\/\/wristbandfactory.eu\/de\/wp-json\/wp\/v2\/comments?post=5707"}],"wp:featuredmedia":[{"embeddable":true,"href":"https:\/\/wristbandfactory.eu\/de\/wp-json\/wp\/v2\/media\/5887"}],"wp:attachment":[{"href":"https:\/\/wristbandfactory.eu\/de\/wp-json\/wp\/v2\/media?parent=5707"}],"wp:term":[{"taxonomy":"product_brand","embeddable":true,"href":"https:\/\/wristbandfactory.eu\/de\/wp-json\/wp\/v2\/product_brand?post=5707"},{"taxonomy":"product_cat","embeddable":true,"href":"https:\/\/wristbandfactory.eu\/de\/wp-json\/wp\/v2\/product_cat?post=5707"},{"taxonomy":"product_tag","embeddable":true,"href":"https:\/\/wristbandfactory.eu\/de\/wp-json\/wp\/v2\/product_tag?post=5707"}],"curies":[{"name":"wp","href":"https:\/\/api.w.org\/{rel}","templated":true}]}}