{"id":5702,"date":"2025-12-10T13:11:19","date_gmt":"2025-12-10T10:11:19","guid":{"rendered":"https:\/\/wristbandfactory.eu\/?post_type=product&#038;p=5702"},"modified":"2025-12-12T12:59:28","modified_gmt":"2025-12-12T09:59:28","slug":"custom-crossbody-phone-lanyards-universal-patch-fit","status":"publish","type":"product","link":"https:\/\/wristbandfactory.eu\/de\/p\/custom-crossbody-phone-lanyards-universal-patch-fit\/","title":{"rendered":"Handyband zum Umh\u00e4ngen \u2013 Crossbody &amp; Verstellbar"},"content":{"rendered":"<p data-path-to-node=\"12\">Erm\u00f6glichen Sie Ihrem Team oder Ihren Teilnehmern, die H\u00e4nde frei zu haben \u2013 mit unserem <b>Individuell gestaltbare Umh\u00e4ngeb\u00e4nder f\u00fcr Handys<\/b>. Dies ist das ultimative moderne Accessoire f\u00fcr Messen, Festivals und Gesch\u00e4ftsreisen, das daf\u00fcr sorgt, dass Smartphones immer griffbereit sind, aber nie herunterfallen.<\/p>\n<p data-path-to-node=\"13\"><b>So funktioniert es<\/b> Im Gegensatz zu alten Silikonhalterungen, die den Bildschirm verdecken, verwendet dieses System ein d\u00fcnnes, robustes Material. <b>Ankerpatch<\/b> (Lasche). Legen Sie den Markenaufn\u00e4her unbedruckt in Ihre Handyh\u00fclle, f\u00fchren Sie die Schlaufe durch die Lade\u00f6ffnung und befestigen Sie das Lanyard. Es ist mit nahezu allen Smartphone-Modellen und H\u00fcllen kompatibel.<\/p>\n<p data-path-to-node=\"14\"><b>Mode trifft Funktion<\/b> Der Riemen ist vollst\u00e4ndig verstellbar und kann so wie eine Tasche quer \u00fcber den K\u00f6rper (Crossbody) oder klassisch um den Hals getragen werden. Die mattschwarzen Beschl\u00e4ge und das robuste Polyestergewebe verleihen ihm im Vergleich zu herk\u00f6mmlichen Konferenz-Lanyards eine hochwertige, fast kommerzielle Anmutung.<\/p>\n<p data-path-to-node=\"15\"><b>Empfohlene Anwendungsf\u00e4lle:<\/b><\/p>\n<ul data-path-to-node=\"16\">\n<li>\n<p data-path-to-node=\"16,0,0\"><b>Technologiekonferenzen:<\/b> Der Werbeartikel #1 f\u00fcr Mobile-First-Events.<\/p>\n<\/li>\n<li>\n<p data-path-to-node=\"16,1,0\"><b>Au\u00dfendienstmitarbeiter:<\/b> Perfekt f\u00fcr Logistikunternehmen, Eventveranstalter und Einzelhandelsmitarbeiter, die st\u00e4ndig auf ihr Handy angewiesen sind.<\/p>\n<\/li>\n<li>\n<p data-path-to-node=\"16,2,0\"><b>Influencer-Kits:<\/b> Ein trendiges, hochwertiges Geschenk, das t\u00e4glich in den sozialen Medien genutzt wird.<\/p>\n<\/li>\n<\/ul>\n<p data-path-to-node=\"17\"><b>Hauptmerkmale:<\/b><\/p>\n<ul data-path-to-node=\"18\">\n<li>\n<p data-path-to-node=\"18,0,0\"><b>Gurt:<\/b> Breites, verstellbares Polyestergewebe (maximale L\u00e4nge ca. 160 cm).<\/p>\n<\/li>\n<li>\n<p data-path-to-node=\"18,1,0\"><b>Anhang:<\/b> Universeller Handy-Patch (passend f\u00fcr Ladeanschluss).<\/p>\n<\/li>\n<li>\n<p data-path-to-node=\"18,2,0\"><b>Hardware:<\/b> Robuster O-Ring aus Metall und Karabinerverschluss.<\/p>\n<\/li>\n<li>\n<p data-path-to-node=\"18,3,0\"><b>Anpassung:<\/b> Vollfarbiger Aufdruck auf dem Armband + Logo auf dem Aufn\u00e4her.<\/p>\n<\/li>\n<\/ul>","protected":false},"excerpt":{"rendered":"<ul>\n<li>\n<p data-path-to-node=\"10,0,0\"><b>Universelle Kompatibilit\u00e4t:<\/b> Beinhaltet einen robusten \u201cAufn\u00e4her\u201d oder eine Lasche, die in jeden Standard-Ladeanschluss einer Handyh\u00fclle passt \u2013 Klebstoff oder Schrauben werden nicht ben\u00f6tigt.<\/p>\n<\/li>\n<li>\n<p data-path-to-node=\"10,1,0\"><b>Verstellbare L\u00e4nge:<\/b> Verf\u00fcgt \u00fcber eine robuste Schiebeschnalle, die es dem Benutzer erm\u00f6glicht, sie um den Hals oder als modischen Umh\u00e4ngegurt zu tragen.<\/p>\n<\/li>\n<li>\n<p data-path-to-node=\"10,2,0\"><b>Premium-Hardware:<\/b> Mit hochwertigen, mattschwarzen Metallringen und Haken f\u00fcr einen eleganten, modernen Tech-Look.<\/p>\n<\/li>\n<li>\n<p data-path-to-node=\"10,3,0\"><b>Doppelmarkenstrategie:<\/b> Ihr Logo kann sowohl auf dem Polyesterband als auch auf dem Verbindungsst\u00fcck aufgedruckt werden, um maximale Sichtbarkeit zu gew\u00e4hrleisten.<\/p>\n<\/li>\n<\/ul>","protected":false},"featured_media":5895,"comment_status":"closed","ping_status":"closed","template":"","meta":[],"product_brand":[],"product_cat":[108,122,127],"product_tag":[],"class_list":{"0":"post-5702","1":"product","2":"type-product","3":"status-publish","4":"has-post-thumbnail","6":"product_cat-multifunctional-lanyards","7":"product_cat-promotional-accessories","8":"product_cat-custom-straps-belts","10":"first","11":"instock","12":"shipping-taxable","13":"product-type-simple"},"_links":{"self":[{"href":"https:\/\/wristbandfactory.eu\/de\/wp-json\/wp\/v2\/product\/5702","targetHints":{"allow":["GET"]}}],"collection":[{"href":"https:\/\/wristbandfactory.eu\/de\/wp-json\/wp\/v2\/product"}],"about":[{"href":"https:\/\/wristbandfactory.eu\/de\/wp-json\/wp\/v2\/types\/product"}],"replies":[{"embeddable":true,"href":"https:\/\/wristbandfactory.eu\/de\/wp-json\/wp\/v2\/comments?post=5702"}],"wp:featuredmedia":[{"embeddable":true,"href":"https:\/\/wristbandfactory.eu\/de\/wp-json\/wp\/v2\/media\/5895"}],"wp:attachment":[{"href":"https:\/\/wristbandfactory.eu\/de\/wp-json\/wp\/v2\/media?parent=5702"}],"wp:term":[{"taxonomy":"product_brand","embeddable":true,"href":"https:\/\/wristbandfactory.eu\/de\/wp-json\/wp\/v2\/product_brand?post=5702"},{"taxonomy":"product_cat","embeddable":true,"href":"https:\/\/wristbandfactory.eu\/de\/wp-json\/wp\/v2\/product_cat?post=5702"},{"taxonomy":"product_tag","embeddable":true,"href":"https:\/\/wristbandfactory.eu\/de\/wp-json\/wp\/v2\/product_tag?post=5702"}],"curies":[{"name":"wp","href":"https:\/\/api.w.org\/{rel}","templated":true}]}}