{"id":5700,"date":"2025-12-10T13:06:29","date_gmt":"2025-12-10T10:06:29","guid":{"rendered":"https:\/\/wristbandfactory.eu\/?post_type=product&#038;p=5700"},"modified":"2025-12-10T13:06:29","modified_gmt":"2025-12-10T10:06:29","slug":"custom-baby-pacifier-clips-safe-dummy-holders","status":"publish","type":"product","link":"https:\/\/wristbandfactory.eu\/de\/p\/custom-baby-pacifier-clips-safe-dummy-holders\/","title":{"rendered":"Schnullerketten mit Logo \u2013 Sicherheitsclip"},"content":{"rendered":"<p data-path-to-node=\"12\">Bewerben Sie Ihre Babymarke oder Geburtsklinik mit unserem <b>Individuell gestaltete Schnullerclips f\u00fcr Babys<\/b>. Diese praktischen Accessoires sind ein Muss f\u00fcr Eltern, denn sie sorgen daf\u00fcr, dass Schnuller sauber bleiben und nicht auf dem Boden verloren gehen.<\/p>\n<p data-path-to-node=\"13\"><b>Sicherheit und Qualit\u00e4t stehen an erster Stelle<\/b> Diese speziell f\u00fcr S\u00e4uglinge entwickelten Halterungen ersetzen Metallteile durch <b>hochwertige Kunststoffclips<\/b>. Dadurch wird die Gefahr von Rost (durch Speichel oder Waschen) und scharfen Kanten vermieden. Das Armband besteht aus weichem, ungiftigem Polyester, das strapazierf\u00e4hig und gleichzeitig hautfreundlich ist.<\/p>\n<p data-path-to-node=\"14\"><b>Vielseitiger Aufsatz<\/b> Wie auf dem Produktbild zu sehen, wird jeder Clip mit einem <b>Silikonringadapter<\/b>. Dadurch ist der Halter mit nahezu allen auf dem Markt erh\u00e4ltlichen Schnullermarken kompatibel (auch mit solchen ohne Griffe).<\/p>\n<p data-path-to-node=\"15\"><b>Empfohlene Anwendungsf\u00e4lle:<\/b><\/p>\n<ul data-path-to-node=\"16\">\n<li>\n<p data-path-to-node=\"16,0,0\"><b>Geburtsstationen:<\/b> Ein Marken-Willkommensgeschenk f\u00fcr Neugeborene.<\/p>\n<\/li>\n<li>\n<p data-path-to-node=\"16,1,0\"><b>Babygesch\u00e4fte:<\/b> Hochwertige Einzelhandelswaren mit attraktiven Mustern.<\/p>\n<\/li>\n<li>\n<p data-path-to-node=\"16,2,0\"><b>Kinderg\u00e4rten:<\/b> Personalisierte Gurte, um Verwechslungen zwischen Kindern zu vermeiden.<\/p>\n<\/li>\n<\/ul>\n<p data-path-to-node=\"17\"><b>Hauptmerkmale:<\/b><\/p>\n<ul data-path-to-node=\"18\">\n<li>\n<p data-path-to-node=\"18,0,0\"><b>Ausschnitt:<\/b> Sicherheitsverschluss aus Kunststoff (wei\u00df).<\/p>\n<\/li>\n<li>\n<p data-path-to-node=\"18,1,0\"><b>Adapter:<\/b> Ein durchscheinender Silikonring ist im Lieferumfang enthalten.<\/p>\n<\/li>\n<li>\n<p data-path-to-node=\"18,2,0\"><b>Drucken:<\/b> Vollfarbiger Sublimationsdruck oder Siebdruck.<\/p>\n<\/li>\n<li>\n<p data-path-to-node=\"18,3,0\"><b>Gr\u00f6\u00dfe:<\/b> Standardm\u00e4\u00dfige Sicherheitsl\u00e4nge (ca. 20-25 cm).<\/p>\n<\/li>\n<\/ul>","protected":false},"excerpt":{"rendered":"<ul data-path-to-node=\"10\">\n<li>\n<p data-path-to-node=\"10,0,0\"><b>Babysichere Hardware:<\/b> Ausgestattet mit einem robusten, wei\u00dfen Kunststoff-Krokodilklemmenverschluss, der sich sicher an der Kleidung befestigen l\u00e4sst, ohne den Stoff zu besch\u00e4digen oder zu rosten.<\/p>\n<\/li>\n<li>\n<p data-path-to-node=\"10,1,0\"><b>Universelle Passform:<\/b> Beinhaltet einen weichen Silikonringadapter (MAM-Stil) zur Befestigung von Schnullern mit Knopfverschluss; alternativ kann die Schlaufe f\u00fcr Schnuller mit Ringgriff verwendet werden.<\/p>\n<\/li>\n<li>\n<p data-path-to-node=\"10,2,0\"><b>Weiches Material:<\/b> Hergestellt aus glattem Satin- oder Polyesterband, das sanft zur Babyhaut ist und sich leicht reinigen l\u00e4sst.<\/p>\n<\/li>\n<li>\n<p data-path-to-node=\"10,3,0\"><b>Vollst\u00e4ndige Anpassung:<\/b> Ideal zum Drucken von farbenfrohen Mustern (Anker, Roboter, Blumen) oder Markenlogos f\u00fcr Werbegeschenke.<\/p>\n<\/li>\n<\/ul>","protected":false},"featured_media":5701,"comment_status":"closed","ping_status":"closed","template":"","meta":[],"product_brand":[],"product_cat":[122],"product_tag":[],"class_list":{"0":"post-5700","1":"product","2":"type-product","3":"status-publish","4":"has-post-thumbnail","6":"product_cat-promotional-accessories","8":"first","9":"instock","10":"shipping-taxable","11":"product-type-simple"},"_links":{"self":[{"href":"https:\/\/wristbandfactory.eu\/de\/wp-json\/wp\/v2\/product\/5700","targetHints":{"allow":["GET"]}}],"collection":[{"href":"https:\/\/wristbandfactory.eu\/de\/wp-json\/wp\/v2\/product"}],"about":[{"href":"https:\/\/wristbandfactory.eu\/de\/wp-json\/wp\/v2\/types\/product"}],"replies":[{"embeddable":true,"href":"https:\/\/wristbandfactory.eu\/de\/wp-json\/wp\/v2\/comments?post=5700"}],"wp:featuredmedia":[{"embeddable":true,"href":"https:\/\/wristbandfactory.eu\/de\/wp-json\/wp\/v2\/media\/5701"}],"wp:attachment":[{"href":"https:\/\/wristbandfactory.eu\/de\/wp-json\/wp\/v2\/media?parent=5700"}],"wp:term":[{"taxonomy":"product_brand","embeddable":true,"href":"https:\/\/wristbandfactory.eu\/de\/wp-json\/wp\/v2\/product_brand?post=5700"},{"taxonomy":"product_cat","embeddable":true,"href":"https:\/\/wristbandfactory.eu\/de\/wp-json\/wp\/v2\/product_cat?post=5700"},{"taxonomy":"product_tag","embeddable":true,"href":"https:\/\/wristbandfactory.eu\/de\/wp-json\/wp\/v2\/product_tag?post=5700"}],"curies":[{"name":"wp","href":"https:\/\/api.w.org\/{rel}","templated":true}]}}