{"id":5694,"date":"2025-12-10T13:02:37","date_gmt":"2025-12-10T10:02:37","guid":{"rendered":"https:\/\/wristbandfactory.eu\/?post_type=product&#038;p=5694"},"modified":"2025-12-12T13:05:58","modified_gmt":"2025-12-12T10:05:58","slug":"custom-tubular-lanyards-soft-shoelace-style","status":"publish","type":"product","link":"https:\/\/wristbandfactory.eu\/de\/p\/custom-tubular-lanyards-soft-shoelace-style\/","title":{"rendered":"Schlauchband Lanyards \u2013 Weicher Schn\u00fcrsenkel-Stil"},"content":{"rendered":"<p data-path-to-node=\"12\">Erhalten Sie die beste Balance aus Komfort und Preis mit unserem <b>Ma\u00dfgefertigte Schlauchb\u00e4nder<\/b>. Diese oft als \u201cSchn\u00fcrsenkel-Lanyards\u201d bezeichneten Artikel werden aus schlauchgen\u00e4htem Polyester gefertigt, wodurch eine doppelte Stoffschicht entsteht, die innen hohl ist.<\/p>\n<p data-path-to-node=\"13\"><b>Warum Rohrprofile w\u00e4hlen?<\/b><\/p>\n<ol start=\"1\" data-path-to-node=\"14\">\n<li>\n<p data-path-to-node=\"14,0,0\"><b>Komfort:<\/b> Da die Kanten nicht gen\u00e4ht sind, sind diese Lanyards die weichsten, die es gibt, und eignen sich daher perfekt f\u00fcr Freiwillige oder Mitarbeiter, die sie 8 Stunden oder l\u00e4nger tragen.<\/p>\n<\/li>\n<li>\n<p data-path-to-node=\"14,1,0\"><b>Preis:<\/b> Dies ist unsere g\u00fcnstigste Option f\u00fcr individuell gestaltete Lanyards und gilt daher als Branchenstandard f\u00fcr gro\u00dfe Messen, Festivals und Schulen.<\/p>\n<\/li>\n<\/ol>\n<p data-path-to-node=\"15\"><b>Druckhinweise<\/b> Die r\u00f6hrenf\u00f6rmige Oberfl\u00e4che bietet einen strukturierten Hintergrund. Wir empfehlen <b>Siebdruck<\/b> f\u00fcr fettgedruckte Texte und unbedruckte Logos (1-2 Farben), um die sch\u00e4rfsten Ergebnisse zu erzielen.<\/p>\n<p data-path-to-node=\"16\"><b>Empfohlene Anwendungsf\u00e4lle:<\/b><\/p>\n<ul data-path-to-node=\"17\">\n<li>\n<p data-path-to-node=\"17,0,0\"><b>Schulen &amp; Universit\u00e4ten:<\/b> Robuste und preiswerte Ausweish\u00fcllen f\u00fcr Studenten.<\/p>\n<\/li>\n<li>\n<p data-path-to-node=\"17,1,0\"><b>Gro\u00dfe Konferenzen:<\/b> Kosteng\u00fcnstiges Branding f\u00fcr Tausende von Teilnehmern.<\/p>\n<\/li>\n<li>\n<p data-path-to-node=\"17,2,0\"><b>Sportveranstaltungen:<\/b> Der sportliche \u201cSchn\u00fcrsenkel\u201d-Look passt perfekt zu sportlichen Themen.<\/p>\n<\/li>\n<\/ul>\n<p data-path-to-node=\"18\"><b>Hauptmerkmale:<\/b><\/p>\n<ul data-path-to-node=\"19\">\n<li>\n<p data-path-to-node=\"19,0,0\"><b>Material:<\/b> Schlauchgewebtes Polyester.<\/p>\n<\/li>\n<li>\n<p data-path-to-node=\"19,1,0\"><b>Breite:<\/b> Standardm\u00e4\u00dfig 10 mm, 12 mm oder 15 mm (die Breitenangaben sind aufgrund der Rohrform ungef\u00e4hre Werte).<\/p>\n<\/li>\n<li>\n<p data-path-to-node=\"19,2,0\"><b>Drucken:<\/b> Siebdruck-Branding.<\/p>\n<\/li>\n<li>\n<p data-path-to-node=\"19,3,0\"><b>Anh\u00e4nge:<\/b> Kompatibel mit allen g\u00e4ngigen Haken, Clips und Sicherheitsverschlussn.<\/p>\n<\/li>\n<\/ul>","protected":false},"excerpt":{"rendered":"<ul>\n<li>\n<p data-path-to-node=\"10,0,0\"><b>R\u00f6hrenkonstruktion:<\/b> Zu einer hohlen, r\u00f6hrenartigen Form gewebt (\u00e4hnlich einem Schn\u00fcrsenkel), wodurch scharfe Kanten vermieden werden und maximaler Tragekomfort gew\u00e4hrleistet ist.<\/p>\n<\/li>\n<li>\n<p data-path-to-node=\"10,1,0\"><b>Budgetfreundlich:<\/b> In der Regel die kosteng\u00fcnstigste L\u00f6sung f\u00fcr Gro\u00dfveranstaltungen und den damit verbundenen Personalbedarf.<\/p>\n<\/li>\n<li>\n<p data-path-to-node=\"10,2,0\"><b>Hochkontrastdruck:<\/b> Ideal f\u00fcr ausdrucksstarke, im Siebdruckverfahren hergestellte Texte und Logos, die sich auf farbigem Hintergrund abheben sollen.<\/p>\n<\/li>\n<li>\n<p data-path-to-node=\"10,3,0\"><b>Weich und flexibel:<\/b> Das locker gewebte Polyester sorgt im Vergleich zu starren, flachen Schl\u00fcsselb\u00e4ndern f\u00fcr einen entspannten, l\u00e4ssigen Fall.<\/p>\n<\/li>\n<\/ul>","protected":false},"featured_media":5898,"comment_status":"closed","ping_status":"closed","template":"","meta":[],"product_brand":[],"product_cat":[104],"product_tag":[],"class_list":{"0":"post-5694","1":"product","2":"type-product","3":"status-publish","4":"has-post-thumbnail","6":"product_cat-custom-printed-lanyards","8":"first","9":"instock","10":"shipping-taxable","11":"product-type-simple"},"_links":{"self":[{"href":"https:\/\/wristbandfactory.eu\/de\/wp-json\/wp\/v2\/product\/5694","targetHints":{"allow":["GET"]}}],"collection":[{"href":"https:\/\/wristbandfactory.eu\/de\/wp-json\/wp\/v2\/product"}],"about":[{"href":"https:\/\/wristbandfactory.eu\/de\/wp-json\/wp\/v2\/types\/product"}],"replies":[{"embeddable":true,"href":"https:\/\/wristbandfactory.eu\/de\/wp-json\/wp\/v2\/comments?post=5694"}],"wp:featuredmedia":[{"embeddable":true,"href":"https:\/\/wristbandfactory.eu\/de\/wp-json\/wp\/v2\/media\/5898"}],"wp:attachment":[{"href":"https:\/\/wristbandfactory.eu\/de\/wp-json\/wp\/v2\/media?parent=5694"}],"wp:term":[{"taxonomy":"product_brand","embeddable":true,"href":"https:\/\/wristbandfactory.eu\/de\/wp-json\/wp\/v2\/product_brand?post=5694"},{"taxonomy":"product_cat","embeddable":true,"href":"https:\/\/wristbandfactory.eu\/de\/wp-json\/wp\/v2\/product_cat?post=5694"},{"taxonomy":"product_tag","embeddable":true,"href":"https:\/\/wristbandfactory.eu\/de\/wp-json\/wp\/v2\/product_tag?post=5694"}],"curies":[{"name":"wp","href":"https:\/\/api.w.org\/{rel}","templated":true}]}}