{"id":5689,"date":"2025-12-10T12:53:36","date_gmt":"2025-12-10T09:53:36","guid":{"rendered":"https:\/\/wristbandfactory.eu\/?post_type=product&#038;p=5689"},"modified":"2025-12-12T13:09:15","modified_gmt":"2025-12-12T10:09:15","slug":"custom-jacquard-woven-lanyards-embroidered-logo","status":"publish","type":"product","link":"https:\/\/wristbandfactory.eu\/de\/p\/custom-jacquard-woven-lanyards-embroidered-logo\/","title":{"rendered":"Individuell gewebte Jacquard-Lanyards \u2013 mit gesticktem Logo"},"content":{"rendered":"<p data-path-to-node=\"11\">Werten Sie Ihre Unternehmensidentit\u00e4t mit unserem auf <b>Individuell gefertigte Jacquard-Web-Lanyards<\/b>. Bedruckte Lanyards eignen sich zwar hervorragend f\u00fcr kurze Veranstaltungen, gewebte Lanyards hingegen sind auf jahrelange Haltbarkeit ausgelegt und daher die erste Wahl f\u00fcr Mitarbeiterausweise und Sicherheitsausweise.<\/p>\n<p data-path-to-node=\"12\"><b>Der Jacquard-Unterschied<\/b> Mithilfe eines traditionellen Webverfahrens weben wir Ihr Logo direkt mit gef\u00e4rbten F\u00e4den in den Stoff ein. So entsteht ein Design, das Teil des Materials selbst wird. Wie das Beispiel \u201cCrete Carrier\u201d zeigt, ergibt dies ein professionelles Finish, bei dem das Logo auf beiden Seiten sichtbar ist (die Farben sind auf der R\u00fcckseite spiegelverkehrt).<\/p>\n<p data-path-to-node=\"13\"><b>Warum gewebte Stoffe w\u00e4hlen?<\/b><\/p>\n<ul data-path-to-node=\"14\">\n<li>\n<p data-path-to-node=\"14,0,0\"><b>Haltbarkeit:<\/b> Das Design ist dauerhaft und best\u00e4ndig gegen Waschen und Abrieb.<\/p>\n<\/li>\n<li>\n<p data-path-to-node=\"14,1,0\"><b>Prestige:<\/b> Die strukturierte, gestickte Optik vermittelt einen h\u00f6heren wahrgenommenen Wert als ein flacher Druck.<\/p>\n<\/li>\n<\/ul>\n<p data-path-to-node=\"15\"><b>Empfohlene Anwendungsf\u00e4lle:<\/b><\/p>\n<ul data-path-to-node=\"16\">\n<li>\n<p data-path-to-node=\"16,0,0\"><b>Mitarbeiter-ID:<\/b> F\u00fcr den t\u00e4glichen Gebrauch in B\u00fcros und Krankenh\u00e4usern.<\/p>\n<\/li>\n<li>\n<p data-path-to-node=\"16,1,0\"><b>Universit\u00e4ten:<\/b> Robuste Studentenausweise, die ein ganzes Studienjahr g\u00fcltig sind.<\/p>\n<\/li>\n<li>\n<p data-path-to-node=\"16,2,0\"><b>Premium-Fanartikel:<\/b> Hochwertige L\u00fcfterausr\u00fcstung (z. B. Yas Marina Circuit).<\/p>\n<\/li>\n<\/ul>\n<p data-path-to-node=\"17\"><b>Hauptmerkmale:<\/b><\/p>\n<ul data-path-to-node=\"18\">\n<li>\n<p data-path-to-node=\"18,0,0\"><b>Material:<\/b> Hochfestes Polyestergewebe.<\/p>\n<\/li>\n<li>\n<p data-path-to-node=\"18,1,0\"><b>Webart:<\/b> Jacquard (maximal 2-3 Farben f\u00fcr optimale Klarheit empfohlen).<\/p>\n<\/li>\n<li>\n<p data-path-to-node=\"18,2,0\"><b>Anh\u00e4nge:<\/b> Metallwirbelhaken, Sprengringe oder Kunststoffschnallen.<\/p>\n<\/li>\n<li>\n<p data-path-to-node=\"18,3,0\"><b>Breite:<\/b> Standardm\u00e4\u00dfig 15 mm, 20 mm oder 25 mm.<\/p>\n<\/li>\n<\/ul>","protected":false},"excerpt":{"rendered":"<ul>\n<li>\n<p data-path-to-node=\"9,0,0\"><b>Gewebtes Branding:<\/b> Das Logo ist in die Gurtbandstruktur eingen\u00e4ht und nicht aufgedruckt, wodurch sichergestellt wird, dass es sich nicht abl\u00f6st oder verblasst.<\/p>\n<\/li>\n<li>\n<p data-path-to-node=\"9,1,0\"><b>Premium-Textur:<\/b> Bietet ein hochwertiges, besticktes Tragegef\u00fchl und ist dicker und robuster als herk\u00f6mmliche Polyester-Lanyards.<\/p>\n<\/li>\n<li>\n<p data-path-to-node=\"9,2,0\"><b>R\u00fcckseite:<\/b> Das Design erscheint auf der R\u00fcckseite in umgekehrten Farben und best\u00e4tigt so die authentische Webart.<\/p>\n<\/li>\n<li>\n<p data-path-to-node=\"9,3,0\"><b>Hochleistungsausf\u00fchrung:<\/b> Ideal f\u00fcr den langfristigen Einsatz durch Mitarbeiter, Sicherheitspersonal oder Universit\u00e4tsstudenten.<\/p>\n<\/li>\n<\/ul>","protected":false},"featured_media":5903,"comment_status":"closed","ping_status":"closed","template":"","meta":[],"product_brand":[],"product_cat":[104],"product_tag":[],"class_list":{"0":"post-5689","1":"product","2":"type-product","3":"status-publish","4":"has-post-thumbnail","6":"product_cat-custom-printed-lanyards","8":"first","9":"instock","10":"shipping-taxable","11":"product-type-simple"},"_links":{"self":[{"href":"https:\/\/wristbandfactory.eu\/de\/wp-json\/wp\/v2\/product\/5689","targetHints":{"allow":["GET"]}}],"collection":[{"href":"https:\/\/wristbandfactory.eu\/de\/wp-json\/wp\/v2\/product"}],"about":[{"href":"https:\/\/wristbandfactory.eu\/de\/wp-json\/wp\/v2\/types\/product"}],"replies":[{"embeddable":true,"href":"https:\/\/wristbandfactory.eu\/de\/wp-json\/wp\/v2\/comments?post=5689"}],"wp:featuredmedia":[{"embeddable":true,"href":"https:\/\/wristbandfactory.eu\/de\/wp-json\/wp\/v2\/media\/5903"}],"wp:attachment":[{"href":"https:\/\/wristbandfactory.eu\/de\/wp-json\/wp\/v2\/media?parent=5689"}],"wp:term":[{"taxonomy":"product_brand","embeddable":true,"href":"https:\/\/wristbandfactory.eu\/de\/wp-json\/wp\/v2\/product_brand?post=5689"},{"taxonomy":"product_cat","embeddable":true,"href":"https:\/\/wristbandfactory.eu\/de\/wp-json\/wp\/v2\/product_cat?post=5689"},{"taxonomy":"product_tag","embeddable":true,"href":"https:\/\/wristbandfactory.eu\/de\/wp-json\/wp\/v2\/product_tag?post=5689"}],"curies":[{"name":"wp","href":"https:\/\/api.w.org\/{rel}","templated":true}]}}