{"id":5670,"date":"2025-12-10T12:24:00","date_gmt":"2025-12-10T09:24:00","guid":{"rendered":"https:\/\/wristbandfactory.eu\/?post_type=product&#038;p=5670"},"modified":"2026-01-09T18:48:36","modified_gmt":"2026-01-09T15:48:36","slug":"custom-neoprene-sunglasses-straps-floating-retainer","status":"publish","type":"product","link":"https:\/\/wristbandfactory.eu\/de\/p\/custom-neoprene-sunglasses-straps-floating-retainer\/","title":{"rendered":"Neopren-Brillenb\u00e4nder \u2013 Schwimmf\u00e4hig"},"content":{"rendered":"<p data-path-to-node=\"12\">Sch\u00fctzen Sie Ihre Brille stilvoll mit unserem <b>Ma\u00dfgefertigte Neopren-Sonnenbrillenb\u00e4nder<\/b>. Diese auch als Brillenhalter bekannten Artikel sind der ultimative Werbeartikel f\u00fcr den Sommer \u2013 ideal f\u00fcr Reiseb\u00fcros, Sportmannschaften und Outdoor-Marken.<\/p>\n<p data-path-to-node=\"13\"><b>Gebaut f\u00fcr Action und Wasser<\/b> Anders als d\u00fcnne Kordeln bestehen diese Gurte aus hochwertigem Neopren \u2013 demselben Material, das auch f\u00fcr Neoprenanz\u00fcge verwendet wird. Dadurch erhalten sie einen nat\u00fcrlichen Auftrieb und sind somit leicht zu transportieren. <b>ideal f\u00fcr Wassersport<\/b>, Angelausfl\u00fcge und Strandfeste. Falls die Brille ins Wasser f\u00e4llt, sorgt der Riemen daf\u00fcr, dass sie \u00fcber Wasser bleibt.<\/p>\n<p data-path-to-node=\"14\"><b>Markenbildung mit hoher Sichtbarkeit<\/b> Das breite Profil des Armbands bietet eine hervorragende Fl\u00e4che f\u00fcr Ihre Marke. Wie in den Beispielen zu sehen ist, k\u00f6nnen wir Folgendes umsetzen:<\/p>\n<ol start=\"1\" data-path-to-node=\"15\">\n<li>\n<p data-path-to-node=\"15,0,0\"><b>Sonderfarbendruck:<\/b> Auff\u00e4llige, klare Logos f\u00fcr optimale Unternehmenspr\u00e4senz (z. B. Allianz, Ole Miss).<\/p>\n<\/li>\n<li>\n<p data-path-to-node=\"15,1,0\"><b>Vollfarbsublimation:<\/b> Lebendige, randlose Muster und Illustrationen (z. B. Delfine, maritime Motive).<\/p>\n<\/li>\n<\/ol>\n<p data-path-to-node=\"16\"><b>Empfohlene Anwendungsf\u00e4lle:<\/b><\/p>\n<ul data-path-to-node=\"17\">\n<li>\n<p data-path-to-node=\"17,0,0\"><b>Sommerfeste:<\/b> Ein praktisches Werbegeschenk, das die Teilnehmer sofort anziehen k\u00f6nnen.<\/p>\n<\/li>\n<li>\n<p data-path-to-node=\"17,1,0\"><b>Firmenausfl\u00fcge:<\/b> Ideal f\u00fcr Teambuilding-Events in Wassern\u00e4he.<\/p>\n<\/li>\n<li>\n<p data-path-to-node=\"17,2,0\"><b>Sportartikel:<\/b> Markenbildung f\u00fcr Universit\u00e4t und Team f\u00fcr Fans.<\/p>\n<\/li>\n<\/ul>\n<p data-path-to-node=\"18\"><b>Hauptmerkmale:<\/b><\/p>\n<ul data-path-to-node=\"19\">\n<li>\n<p data-path-to-node=\"19,0,0\"><b>Material:<\/b> 100% Neopren (SBR\/CR-Schaum).<\/p>\n<\/li>\n<li>\n<p data-path-to-node=\"19,1,0\"><b>Gr\u00f6\u00dfe:<\/b> Standardgr\u00f6\u00dfe ca. 40 cm x 2,5 cm (Passend f\u00fcr die meisten Erwachsenen).<\/p>\n<\/li>\n<li>\n<p data-path-to-node=\"19,2,0\"><b>Drucken:<\/b> Siebdruck oder Thermotransfer-Sublimation.<\/p>\n<\/li>\n<li>\n<p data-path-to-node=\"19,3,0\"><b>Funktion:<\/b> Rutschfest, schwimmf\u00e4hig, schnelltrocknend.<\/p>\n<\/li>\n<\/ul>\n<h3 data-path-to-node=\"20\"><\/h3>","protected":false},"excerpt":{"rendered":"<ul>\n<li>\n<p data-path-to-node=\"10,0,0\"><b>Schwimmendes Material:<\/b> Hergestellt aus weichem, leichtem Neopren (Neoprenanzugmaterial), das dazu beitr\u00e4gt, dass Brillen im Wasser schwimmen.<\/p>\n<\/li>\n<li>\n<p data-path-to-node=\"10,1,0\"><b>Sicherer Sitz:<\/b> Dehnbare, r\u00f6hrenf\u00f6rmige Enden umschlie\u00dfen Standard-Sonnenbrillengestelle fest und verhindern so, dass diese bei Aktivit\u00e4ten abrutschen.<\/p>\n<\/li>\n<li>\n<p data-path-to-node=\"10,2,0\"><b>Vollst\u00e4ndiges Branding:<\/b> Bietet eine gro\u00dfe Druckfl\u00e4che f\u00fcr auff\u00e4llige Logos (z. B. Allianz, Ole Miss) oder vollfarbige Muster.<\/p>\n<\/li>\n<li>\n<p data-path-to-node=\"10,3,0\"><b>Komfortabel:<\/b> Der weiche Stoff f\u00fchlt sich angenehm am Hals an und trocknet schnell, nachdem er nass geworden ist.<\/p>\n<\/li>\n<\/ul>","protected":false},"featured_media":6673,"comment_status":"closed","ping_status":"closed","template":"","meta":[],"product_brand":[],"product_cat":[129,118,127],"product_tag":[],"class_list":{"0":"post-5670","1":"product","2":"type-product","3":"status-publish","4":"has-post-thumbnail","6":"product_cat-leisure-lifestyle","7":"product_cat-sports-fitness","8":"product_cat-custom-straps-belts","10":"first","11":"instock","12":"shipping-taxable","13":"product-type-simple"},"_links":{"self":[{"href":"https:\/\/wristbandfactory.eu\/de\/wp-json\/wp\/v2\/product\/5670","targetHints":{"allow":["GET"]}}],"collection":[{"href":"https:\/\/wristbandfactory.eu\/de\/wp-json\/wp\/v2\/product"}],"about":[{"href":"https:\/\/wristbandfactory.eu\/de\/wp-json\/wp\/v2\/types\/product"}],"replies":[{"embeddable":true,"href":"https:\/\/wristbandfactory.eu\/de\/wp-json\/wp\/v2\/comments?post=5670"}],"wp:featuredmedia":[{"embeddable":true,"href":"https:\/\/wristbandfactory.eu\/de\/wp-json\/wp\/v2\/media\/6673"}],"wp:attachment":[{"href":"https:\/\/wristbandfactory.eu\/de\/wp-json\/wp\/v2\/media?parent=5670"}],"wp:term":[{"taxonomy":"product_brand","embeddable":true,"href":"https:\/\/wristbandfactory.eu\/de\/wp-json\/wp\/v2\/product_brand?post=5670"},{"taxonomy":"product_cat","embeddable":true,"href":"https:\/\/wristbandfactory.eu\/de\/wp-json\/wp\/v2\/product_cat?post=5670"},{"taxonomy":"product_tag","embeddable":true,"href":"https:\/\/wristbandfactory.eu\/de\/wp-json\/wp\/v2\/product_tag?post=5670"}],"curies":[{"name":"wp","href":"https:\/\/api.w.org\/{rel}","templated":true}]}}