{"id":5654,"date":"2025-12-10T12:17:37","date_gmt":"2025-12-10T09:17:37","guid":{"rendered":"https:\/\/wristbandfactory.eu\/?post_type=product&#038;p=5654"},"modified":"2026-01-12T00:02:22","modified_gmt":"2026-01-11T21:02:22","slug":"custom-printed-round-cord-lanyards-direct-text-branding","status":"publish","type":"product","link":"https:\/\/wristbandfactory.eu\/de\/p\/custom-printed-round-cord-lanyards-direct-text-branding\/","title":{"rendered":"Bedruckte Rundkordel-Lanyards \u2013 Text auf dem Band"},"content":{"rendered":"<p data-path-to-node=\"12\">Heben Sie sich von der Masse ab mit unserem <b>Individuell bedruckte runde Schl\u00fcsselb\u00e4nder<\/b>. Im Gegensatz zu herk\u00f6mmlichen Schl\u00fcsselb\u00e4ndern, bei denen ein separates PVC-Emblem f\u00fcr die Markenpr\u00e4sentation verwendet wird, wird bei dieser Premium-Variante Ihr Text oder Logo direkt auf die Oberfl\u00e4che des Seils gedruckt.<\/p>\n<p data-path-to-node=\"13\"><b>Minimalistisch &amp; Modern<\/b> Diese Technik erzeugt einen eleganten, sportlichen Look, der bei Technologieunternehmen, Outdoor-Marken und Schulen beliebt ist. Das runde Profil (typischerweise 5 mm oder 8 mm) ist den ganzen Tag \u00fcber angenehm zu tragen und verdreht sich nicht wie flache B\u00e4nder.<\/p>\n<p data-path-to-node=\"14\"><b>Elastisch vs. statisch<\/b> Sie k\u00f6nnen zwischen folgenden Optionen w\u00e4hlen:<\/p>\n<ol start=\"1\" data-path-to-node=\"15\">\n<li>\n<p data-path-to-node=\"15,0,0\"><b>Schlauchf\u00f6rmiger Polyester:<\/b> Eine klassische, strapazierf\u00e4hige und dehnungsfreie Option, perfekt f\u00fcr Ausweise.<\/p>\n<\/li>\n<li>\n<p data-path-to-node=\"15,1,0\"><b>Elastische Kordel:<\/b> Ein dehnbares Material im \u201cBungee-Stil\u201d, das f\u00fcr eine einzigartige Haptik und Flexibilit\u00e4t sorgt.<\/p>\n<\/li>\n<\/ol>\n<p data-path-to-node=\"16\"><b>Empfohlene Anwendungsf\u00e4lle:<\/b><\/p>\n<ul data-path-to-node=\"17\">\n<li>\n<p data-path-to-node=\"17,0,0\"><b>Sport &amp; Outdoor:<\/b> Der robuste Seilstil passt perfekt zu sportlichen Veranstaltungen.<\/p>\n<\/li>\n<li>\n<p data-path-to-node=\"17,1,0\"><b>Schulen &amp; Universit\u00e4ten:<\/b> Unbedruckte, robuste Ausweish\u00fcllen f\u00fcr Sch\u00fcler.<\/p>\n<\/li>\n<li>\n<p data-path-to-node=\"17,2,0\"><b>Technik-Gadgets:<\/b> Eine moderne Alternative zum herk\u00f6mmlichen flachen Lanyard.<\/p>\n<\/li>\n<\/ul>\n<p data-path-to-node=\"18\"><b>Hauptmerkmale:<\/b><\/p>\n<ul data-path-to-node=\"19\">\n<li>\n<p data-path-to-node=\"19,0,0\"><b>Drucken:<\/b> Siebdruck entlang der Kabelkr\u00fcmmung.<\/p>\n<\/li>\n<li>\n<p data-path-to-node=\"19,1,0\"><b>Durchmesser:<\/b> Erh\u00e4ltlich in 5 mm, 8 mm oder kundenspezifischen St\u00e4rken.<\/p>\n<\/li>\n<li>\n<p data-path-to-node=\"19,2,0\"><b>Regulierungsbeamte:<\/b> Gr\u00f6\u00dfenverstellung \u00fcber Schieber aus Kunststoff.<\/p>\n<\/li>\n<li>\n<p data-path-to-node=\"19,3,0\"><b>Anh\u00e4nge:<\/b> Robuste Metallhaken oder filigrane Schnurschlaufen.<\/p>\n<\/li>\n<\/ul>","protected":false},"excerpt":{"rendered":"<ul data-path-to-node=\"10\">\n<li>\n<p data-path-to-node=\"10,0,0\"><b>Direktes Branding:<\/b> Ihr Logo oder Slogan wird im Siebdruckverfahren durchgehend entlang der runden Kordel aufgebracht und bietet so eine 360-Grad-Sichtbarkeit.<\/p>\n<\/li>\n<li>\n<p data-path-to-node=\"10,1,0\"><b>Materialoptionen:<\/b> Erh\u00e4ltlich in Standard-Rohrform aus Polyester oder als dehnbares Gummiband f\u00fcr zus\u00e4tzliche Funktionalit\u00e4t.<\/p>\n<\/li>\n<li>\n<p data-path-to-node=\"10,2,0\"><b>Intelligente Schieberegler:<\/b> Beinhaltet verstellbare Kunststoffschieber oder \u201cKn\u00f6pfe\u201d, um die Kabell\u00e4nge zu regulieren oder das Kabel ordentlich zu halten.<\/p>\n<\/li>\n<li>\n<p data-path-to-node=\"10,3,0\"><b>Vielseitige Clips:<\/b> Kompatibel mit Karabinerhaken aus Metall, Drehhaken oder Handyschlaufen.<\/p>\n<\/li>\n<\/ul>","protected":false},"featured_media":6805,"comment_status":"closed","ping_status":"closed","template":"","meta":[],"product_brand":[],"product_cat":[125,104,108],"product_tag":[],"class_list":{"0":"post-5654","1":"product","2":"type-product","3":"status-publish","4":"has-post-thumbnail","6":"product_cat-cord-lanyards","7":"product_cat-custom-printed-lanyards","8":"product_cat-multifunctional-lanyards","10":"first","11":"instock","12":"shipping-taxable","13":"product-type-simple"},"_links":{"self":[{"href":"https:\/\/wristbandfactory.eu\/de\/wp-json\/wp\/v2\/product\/5654","targetHints":{"allow":["GET"]}}],"collection":[{"href":"https:\/\/wristbandfactory.eu\/de\/wp-json\/wp\/v2\/product"}],"about":[{"href":"https:\/\/wristbandfactory.eu\/de\/wp-json\/wp\/v2\/types\/product"}],"replies":[{"embeddable":true,"href":"https:\/\/wristbandfactory.eu\/de\/wp-json\/wp\/v2\/comments?post=5654"}],"wp:featuredmedia":[{"embeddable":true,"href":"https:\/\/wristbandfactory.eu\/de\/wp-json\/wp\/v2\/media\/6805"}],"wp:attachment":[{"href":"https:\/\/wristbandfactory.eu\/de\/wp-json\/wp\/v2\/media?parent=5654"}],"wp:term":[{"taxonomy":"product_brand","embeddable":true,"href":"https:\/\/wristbandfactory.eu\/de\/wp-json\/wp\/v2\/product_brand?post=5654"},{"taxonomy":"product_cat","embeddable":true,"href":"https:\/\/wristbandfactory.eu\/de\/wp-json\/wp\/v2\/product_cat?post=5654"},{"taxonomy":"product_tag","embeddable":true,"href":"https:\/\/wristbandfactory.eu\/de\/wp-json\/wp\/v2\/product_tag?post=5654"}],"curies":[{"name":"wp","href":"https:\/\/api.w.org\/{rel}","templated":true}]}}