{"id":5642,"date":"2025-12-10T11:59:44","date_gmt":"2025-12-10T08:59:44","guid":{"rendered":"https:\/\/wristbandfactory.eu\/?post_type=product&#038;p=5642"},"modified":"2026-01-05T00:37:38","modified_gmt":"2026-01-04T21:37:38","slug":"natural-cork-lanyards-with-bottle-opener-eco-metal","status":"publish","type":"product","link":"https:\/\/wristbandfactory.eu\/de\/p\/natural-cork-lanyards-with-bottle-opener-eco-metal\/","title":{"rendered":"Kork-Lanyards mit Flaschen\u00f6ffner \u2013 Nachhaltig"},"content":{"rendered":"<p data-path-to-node=\"13\">Verbinden Sie Nachhaltigkeit mit hohem Nutzen durch unsere <b>Naturkork-Lanyards mit Flaschen\u00f6ffner<\/b>. Dieses Produkt schlie\u00dft die L\u00fccke zwischen umweltbewusstem Branding und praktischen Event-Merchandise-Artikeln.<\/p>\n<p data-path-to-node=\"14\">Im Gegensatz zu herk\u00f6mmlichen Polyester-Schl\u00fcsselb\u00e4ndern ist der Riemen aus folgendem Material gefertigt: <b>echter Kork<\/b>, Dadurch erh\u00e4lt es eine einzigartige, organische Optik und f\u00fchlt sich weich auf der Haut an. Das Highlight dieses Modells ist die <b>integrierter Flaschen\u00f6ffner aus Metall<\/b>, Dadurch wird es zu einem \u00e4u\u00dferst begehrten Erinnerungsst\u00fcck f\u00fcr Besucher von Festivals und Partys.<\/p>\n<p data-path-to-node=\"15\"><b>Warum Cork + Opener w\u00e4hlen?<\/b> Es vermittelt eine doppelte Botschaft: Ihre Marke legt Wert auf Umweltbewusstsein (\u00d6ko) und wei\u00df gleichzeitig, wie man feiert (Soziales). Die robuste Metallkonstruktion sorgt f\u00fcr jahrelange Haltbarkeit und h\u00e4lt Ihr Logo auch nach der Veranstaltung pr\u00e4sent.<\/p>\n<p data-path-to-node=\"16\"><b>Empfohlene Anwendungsf\u00e4lle:<\/b><\/p>\n<ul data-path-to-node=\"17\">\n<li>\n<p data-path-to-node=\"17,0,0\"><b>Veranstaltungen im Bereich Essen &amp; Trinken:<\/b> Bierfeste, Weinproben und Sommerm\u00e4rkte.<\/p>\n<\/li>\n<li>\n<p data-path-to-node=\"17,1,0\"><b>Umweltfreundliche Kampagnen:<\/b> Marken, die nach plastikfreien Alternativen suchen.<\/p>\n<\/li>\n<li>\n<p data-path-to-node=\"17,2,0\"><b>VIP-Geschenke:<\/b> Ein funktionales Geschenk, das einen h\u00f6heren wahrgenommenen Wert bietet als ein herk\u00f6mmliches Schl\u00fcsselband.<\/p>\n<\/li>\n<\/ul>\n<p data-path-to-node=\"18\"><b>Hauptmerkmale:<\/b><\/p>\n<ul data-path-to-node=\"19\">\n<li>\n<p data-path-to-node=\"19,0,0\"><b>Material:<\/b> R\u00fcckseite aus echtem Naturkork.<\/p>\n<\/li>\n<li>\n<p data-path-to-node=\"19,1,0\"><b>Anhang:<\/b> Flaschen\u00f6ffner aus Metall + Drehhaken (Karabinerhaken).<\/p>\n<\/li>\n<li>\n<p data-path-to-node=\"19,2,0\"><b>Anpassung:<\/b> Erh\u00e4ltlich mit Siebdruck oder Lasergravur auf dem Korken.<\/p>\n<\/li>\n<li>\n<p data-path-to-node=\"19,3,0\"><b>Haltbarkeit:<\/b> Verst\u00e4rkte Metallverpressung f\u00fcr den t\u00e4glichen, intensiven Gebrauch.<\/p>\n<\/li>\n<\/ul>","protected":false},"excerpt":{"rendered":"<ul data-path-to-node=\"11\">\n<li>\n<p data-path-to-node=\"11,0,0\"><b>Umweltfreundliches Material:<\/b> Hergestellt aus nat\u00fcrlichem, nachhaltigem Kork mit einer weichen, hochwertigen Textur.<\/p>\n<\/li>\n<li>\n<p data-path-to-node=\"11,1,0\"><b>Eingebautes Werkzeug:<\/b> Verf\u00fcgt \u00fcber eine robuste Flaschen\u00f6ffnerplatte aus Metall, die direkt in den Riemen integriert ist.<\/p>\n<\/li>\n<li>\n<p data-path-to-node=\"11,2,0\"><b>Premium-Hardware:<\/b> Ausgestattet mit hochwertigen Metallklemmen und einem Karabinerhaken, wodurch billige Kunststoffteile entfallen.<\/p>\n<\/li>\n<li>\n<p data-path-to-node=\"11,3,0\"><b>Bereit f\u00fcr die Veranstaltung:<\/b> Das perfekte funktionelle Accessoire f\u00fcr Bierfeste, Outdoor-Veranstaltungen und Getr\u00e4nkemarketing.<\/p>\n<\/li>\n<\/ul>","protected":false},"featured_media":6557,"comment_status":"closed","ping_status":"closed","template":"","meta":[],"product_brand":[],"product_cat":[107,108,119],"product_tag":[],"class_list":{"0":"post-5642","1":"product","2":"type-product","3":"status-publish","4":"has-post-thumbnail","6":"product_cat-eco-friendly-lanyards","7":"product_cat-multifunctional-lanyards","8":"product_cat-drinkware-accessories","10":"first","11":"instock","12":"shipping-taxable","13":"product-type-simple"},"_links":{"self":[{"href":"https:\/\/wristbandfactory.eu\/de\/wp-json\/wp\/v2\/product\/5642","targetHints":{"allow":["GET"]}}],"collection":[{"href":"https:\/\/wristbandfactory.eu\/de\/wp-json\/wp\/v2\/product"}],"about":[{"href":"https:\/\/wristbandfactory.eu\/de\/wp-json\/wp\/v2\/types\/product"}],"replies":[{"embeddable":true,"href":"https:\/\/wristbandfactory.eu\/de\/wp-json\/wp\/v2\/comments?post=5642"}],"wp:featuredmedia":[{"embeddable":true,"href":"https:\/\/wristbandfactory.eu\/de\/wp-json\/wp\/v2\/media\/6557"}],"wp:attachment":[{"href":"https:\/\/wristbandfactory.eu\/de\/wp-json\/wp\/v2\/media?parent=5642"}],"wp:term":[{"taxonomy":"product_brand","embeddable":true,"href":"https:\/\/wristbandfactory.eu\/de\/wp-json\/wp\/v2\/product_brand?post=5642"},{"taxonomy":"product_cat","embeddable":true,"href":"https:\/\/wristbandfactory.eu\/de\/wp-json\/wp\/v2\/product_cat?post=5642"},{"taxonomy":"product_tag","embeddable":true,"href":"https:\/\/wristbandfactory.eu\/de\/wp-json\/wp\/v2\/product_tag?post=5642"}],"curies":[{"name":"wp","href":"https:\/\/api.w.org\/{rel}","templated":true}]}}