{"id":5613,"date":"2025-12-10T11:15:00","date_gmt":"2025-12-10T08:15:00","guid":{"rendered":"https:\/\/wristbandfactory.eu\/?post_type=product&#038;p=5613"},"modified":"2025-12-10T11:15:00","modified_gmt":"2025-12-10T08:15:00","slug":"high-density-3d-screen-print-lanyards-tactile-braille-ready","status":"publish","type":"product","link":"https:\/\/wristbandfactory.eu\/de\/p\/high-density-3d-screen-print-lanyards-tactile-braille-ready\/","title":{"rendered":"Lanyards mit 3D-Siebdruck &amp; Brailleschrift \u2013 Taktil"},"content":{"rendered":"<p data-path-to-node=\"11\">Steigern Sie die Wirkung und Inklusivit\u00e4t Ihrer Marke mit unserem <b>Hochdichte 3D-Siebdruck-Lanyards<\/b>. Anders als beim herk\u00f6mmlichen Flachdruck erzeugt diese fortschrittliche \u201cPuff-Print\u201d-Technik eine dicke, gummiartige Textur, die sich deutlich \u00fcber die Stoffoberfl\u00e4che erhebt und Ihr Logo und Ihre Botschaft physisch greifbar macht.<\/p>\n<p data-path-to-node=\"12\"><b>Die Wahl f\u00fcr inklusive und sicherheitskritische Umgebungen<\/b> Diese Technologie ist in einzigartiger Weise geeignet f\u00fcr <b>Barrierefreiheitsanwendungen<\/b>. Wie man an Sicherheitskampagnen (z. B. \u201cOperation Lifesaver\u201d) sehen kann, erm\u00f6glicht die pr\u00e4zise, erh\u00f6hte Profilierung die Einbeziehung von <b>taktile Braille-Zeichen<\/b> neben Standardtext. Dadurch eignen sich diese Lanyards perfekt f\u00fcr:<\/p>\n<ul data-path-to-node=\"13\">\n<li>\n<p data-path-to-node=\"13,0,0\"><b>Inklusive Veranstaltungen &amp; Konferenzen:<\/b> Ber\u00fccksichtigung der Bed\u00fcrfnisse sehbehinderter Teilnehmer.<\/p>\n<\/li>\n<li>\n<p data-path-to-node=\"13,1,0\"><b>\u00d6ffentlicher Verkehr und Sicherheit:<\/b> Gut taktile Warnhinweise f\u00fcr das Personal (z. B. \u201cZug n\u00e4hert sich\u201d, \u201cAchtung, L\u00fccke!\u201d).<\/p>\n<\/li>\n<li>\n<p data-path-to-node=\"13,2,0\"><b>Gesundheitswesen &amp; Regierung:<\/b> Einhaltung der CSR- (Corporate Social Responsibility) und Barrierefreiheitsstandards.<\/p>\n<\/li>\n<\/ul>\n<p data-path-to-node=\"14\"><b>Hochwertige Textur und Langlebigkeit<\/b> Die erhabene Tinte ist strapazierf\u00e4hig, flexibel und rissfest. Sie erzeugt einen hochwertigen 3D-Effekt, der selbst schlichte Logos aufwertet. Die Lanyards bestehen aus robustem Polyester, sind in Schlauch- oder Flachgewebe erh\u00e4ltlich und k\u00f6nnen f\u00fcr zus\u00e4tzliche Funktionalit\u00e4t mit Sicherheitsverschl\u00fcssen und abnehmbaren Schnallen ausgestattet werden.<\/p>\n<p data-path-to-node=\"15\"><b>Hauptmerkmale:<\/b><\/p>\n<ul data-path-to-node=\"16\">\n<li>\n<p data-path-to-node=\"16,0,0\"><b>Hochdichter Puffdruck:<\/b> Extra dicke Farbschichten f\u00fcr einen ausgepr\u00e4gten 3D-Effekt.<\/p>\n<\/li>\n<li>\n<p data-path-to-node=\"16,1,0\"><b>Braille-kompatibel:<\/b> Spezifische H\u00f6henanforderungen f\u00fcr das taktile Lesen werden erf\u00fcllt.<\/p>\n<\/li>\n<li>\n<p data-path-to-node=\"16,2,0\"><b>Hochleistungsmaterial:<\/b> Robustes Polyester, das f\u00fcr den Langzeitgebrauch konzipiert ist.<\/p>\n<\/li>\n<li>\n<p data-path-to-node=\"16,3,0\"><b>Bedruckte Anh\u00e4nge:<\/b> Kompatibel mit Metallhaken, Kunststoffschnallen und Sicherheitsverschlussn.<\/p>\n<\/li>\n<\/ul>","protected":false},"excerpt":{"rendered":"<ul>\n<li>\n<p data-path-to-node=\"9,0,0\"><b>Taktiles Branding:<\/b> Eine fortschrittliche \u201cPuff\u201d-Siebdrucktechnologie erzeugt eine dicke, erhabene 3D-Textur, die man f\u00fchlen kann.<\/p>\n<\/li>\n<li>\n<p data-path-to-node=\"9,1,0\"><b>Barrierefrei:<\/b> Durch die hohe Schriftgr\u00f6\u00dfe sind die Braille-Zeichen gut lesbar, wodurch Veranstaltungen auch f\u00fcr Sehbehinderte zug\u00e4nglich werden.<\/p>\n<\/li>\n<li>\n<p data-path-to-node=\"9,2,0\"><b>Hohe Sichtbarkeit:<\/b> Die erhabene Tinte liegt auf dem Stoff auf und sorgt so f\u00fcr maximalen Kontrast und optimale Lesbarkeit \u2013 ideal f\u00fcr Sicherheitsbotschaften wie \u201cGleise nicht betreten\u201d.<\/p>\n<\/li>\n<li>\n<p data-path-to-node=\"9,3,0\"><b>Langlebig und sicher:<\/b> Ausgestattet mit Sicherheits-Schnellverschl\u00fcssen und abnehmbaren Clips f\u00fcr den harten t\u00e4glichen Einsatz.<\/p>\n<\/li>\n<\/ul>","protected":false},"featured_media":5617,"comment_status":"closed","ping_status":"closed","template":"","meta":[],"product_brand":[],"product_cat":[104],"product_tag":[],"class_list":{"0":"post-5613","1":"product","2":"type-product","3":"status-publish","4":"has-post-thumbnail","6":"product_cat-custom-printed-lanyards","8":"first","9":"instock","10":"shipping-taxable","11":"product-type-simple"},"_links":{"self":[{"href":"https:\/\/wristbandfactory.eu\/de\/wp-json\/wp\/v2\/product\/5613","targetHints":{"allow":["GET"]}}],"collection":[{"href":"https:\/\/wristbandfactory.eu\/de\/wp-json\/wp\/v2\/product"}],"about":[{"href":"https:\/\/wristbandfactory.eu\/de\/wp-json\/wp\/v2\/types\/product"}],"replies":[{"embeddable":true,"href":"https:\/\/wristbandfactory.eu\/de\/wp-json\/wp\/v2\/comments?post=5613"}],"wp:featuredmedia":[{"embeddable":true,"href":"https:\/\/wristbandfactory.eu\/de\/wp-json\/wp\/v2\/media\/5617"}],"wp:attachment":[{"href":"https:\/\/wristbandfactory.eu\/de\/wp-json\/wp\/v2\/media?parent=5613"}],"wp:term":[{"taxonomy":"product_brand","embeddable":true,"href":"https:\/\/wristbandfactory.eu\/de\/wp-json\/wp\/v2\/product_brand?post=5613"},{"taxonomy":"product_cat","embeddable":true,"href":"https:\/\/wristbandfactory.eu\/de\/wp-json\/wp\/v2\/product_cat?post=5613"},{"taxonomy":"product_tag","embeddable":true,"href":"https:\/\/wristbandfactory.eu\/de\/wp-json\/wp\/v2\/product_tag?post=5613"}],"curies":[{"name":"wp","href":"https:\/\/api.w.org\/{rel}","templated":true}]}}