{"id":5559,"date":"2025-11-17T00:22:15","date_gmt":"2025-11-16T21:22:15","guid":{"rendered":"https:\/\/wristbandfactory.eu\/?post_type=product&#038;p=5559"},"modified":"2026-01-03T00:22:02","modified_gmt":"2026-01-02T21:22:02","slug":"rechargeable-dmx-led-wristbands-type-c","status":"publish","type":"product","link":"https:\/\/wristbandfactory.eu\/de\/p\/rechargeable-dmx-led-wristbands-type-c\/","title":{"rendered":"Wiederaufladbare LED-Armb\u00e4nder"},"content":{"rendered":"<p data-path-to-node=\"10\">Verwandeln Sie Ihre Veranstaltung mit unserem fortschrittlichsten LED-Armband in eine erstklassige Lichtproduktion. Das wiederaufladbare DMX-Modell wurde speziell f\u00fcr High-End-Tourneen, gro\u00dfe Firmenveranstaltungen und alle B2B-Kunden entwickelt, die eine pr\u00e4zise Steuerung ben\u00f6tigen. Anstelle von Einwegbatterien verf\u00fcgt dieses Modell \u00fcber ein nachhaltiges USB-C-Ladesystem und ist damit die kosteng\u00fcnstigste und umweltfreundlichste L\u00f6sung f\u00fcr mehrt\u00e4gige Konferenzen. Mit einer Palette von 256 verf\u00fcgbaren Farben und vollst\u00e4ndiger DMX-Softwareintegration ist es die erste Wahl f\u00fcr professionelle Eventproduzenten weltweit.<\/p>\n<h2 data-path-to-node=\"11\">Hauptmerkmale<\/h2>\n<ul data-path-to-node=\"12\">\n<li>\n<p data-path-to-node=\"12,0,0\"><b data-path-to-node=\"12,0,0\" data-index-in-node=\"0\">Wiederaufladbar \u00fcber USB Typ-C:<\/b> Modernes Stromversorgungssystem, das mehrere Tage intensiver Nutzung ohne Batteriewechsel erm\u00f6glicht.<\/p>\n<\/li>\n<li>\n<p data-path-to-node=\"12,1,0\"><b data-path-to-node=\"12,1,0\" data-index-in-node=\"0\">Vollst\u00e4ndige DMX- und Softwaresteuerung:<\/b> Erm\u00f6glicht professionelle, komplexe Lichtsequenzen, die \u00fcber zentrale Lichtpulte oder spezielle Software gesteuert werden.<\/p>\n<\/li>\n<li>\n<p data-path-to-node=\"12,2,0\"><b data-path-to-node=\"12,2,0\" data-index-in-node=\"0\">256-Farben-RGB-Spektrum:<\/b> Bietet eine vollst\u00e4ndige Farbpalette, die weit \u00fcber die \u00fcblichen 15 Farben hinausgeht und somit eine pr\u00e4zise Markenanpassung und k\u00fcnstlerische \u00dcberg\u00e4nge erm\u00f6glicht.<\/p>\n<\/li>\n<li>\n<p data-path-to-node=\"12,3,0\"><b data-path-to-node=\"12,3,0\" data-index-in-node=\"0\">2 Jahre Profi-Garantie:<\/b> Eine spezielle B2B-Qualit\u00e4tsgarantie, die sicherstellt, dass Ihre Investition langfristig gesch\u00fctzt ist.<\/p>\n<\/li>\n<li>\n<p data-path-to-node=\"12,4,0\"><b data-path-to-node=\"12,4,0\" data-index-in-node=\"0\">Zertifizierte Sicherheit:<\/b> Entspricht allen europ\u00e4ischen CE- und RoHS-Standards f\u00fcr Materialien und Sicherheit in professionellen Umgebungen.<\/p>\n<\/li>\n<\/ul>\n<h2 data-path-to-node=\"13\">Technische Daten<\/h2>\n<ul data-path-to-node=\"14\">\n<li>\n<p data-path-to-node=\"14,0,0\"><b data-path-to-node=\"14,0,0\" data-index-in-node=\"0\">Material:<\/b> Geh\u00e4use aus hochschlagfestem ABS und strapazierf\u00e4higes PVC-Band<\/p>\n<\/li>\n<li>\n<p data-path-to-node=\"14,1,0\"><b data-path-to-node=\"14,1,0\" data-index-in-node=\"0\">Einheitengr\u00f6\u00dfe:<\/b> 6,77 x 8,5 x 3,3 cm<\/p>\n<\/li>\n<li>\n<p data-path-to-node=\"14,2,0\"><b data-path-to-node=\"14,2,0\" data-index-in-node=\"0\">Logodruckbereich:<\/b> 2 x 4 cm<\/p>\n<\/li>\n<li>\n<p data-path-to-node=\"14,3,0\"><b data-path-to-node=\"14,3,0\" data-index-in-node=\"0\">Kommunikation:<\/b> HF 433 MHz \/ DMX512 \/ Softwaresteuerung \/ Manuelle Taste<\/p>\n<\/li>\n<li>\n<p data-path-to-node=\"14,4,0\"><b data-path-to-node=\"14,4,0\" data-index-in-node=\"0\">Leistung:<\/b> Wiederaufladbar \u00fcber USB (Typ-C 5V-1A)<\/p>\n<\/li>\n<li>\n<p data-path-to-node=\"14,5,0\"><b data-path-to-node=\"14,5,0\" data-index-in-node=\"0\">Garantie:<\/b> 2 Jahre<\/p>\n<\/li>\n<li>\n<p data-path-to-node=\"14,6,0\"><b data-path-to-node=\"14,6,0\" data-index-in-node=\"0\">Zertifikate:<\/b> CE, RoHS<\/p>\n<\/li>\n<li>\n<p data-path-to-node=\"14,7,0\"><b data-path-to-node=\"14,7,0\" data-index-in-node=\"0\">LED-Farben:<\/b> 256-Farben-RGB-Palette<\/p>\n<\/li>\n<\/ul>\n<h2 data-path-to-node=\"15\">Anwendungsf\u00e4lle<\/h2>\n<ul data-path-to-node=\"16\">\n<li>\n<p data-path-to-node=\"16,0,0\"><b data-path-to-node=\"16,0,0\" data-index-in-node=\"0\">Mehrt\u00e4gige Musikfestivals:<\/b> Vermeidet Batteriem\u00fcll und erm\u00f6glicht es Organisatoren, Tausende von Ger\u00e4ten \u00fcber Nacht aufzuladen.<\/p>\n<\/li>\n<li>\n<p data-path-to-node=\"16,1,0\"><b data-path-to-node=\"16,1,0\" data-index-in-node=\"0\">Hochkar\u00e4tige Firmengalas:<\/b> Bereitstellung der erforderlichen granularen Lichtsteuerung, um komplexe Markenfarbpaletten abzubilden und mit den Pr\u00e4sentationen der Keynotes zu synchronisieren.<\/p>\n<\/li>\n<li>\n<p data-path-to-node=\"16,2,0\"><b data-path-to-node=\"16,2,0\" data-index-in-node=\"0\">Professionelle Stadionf\u00fchrungen:<\/b> Langlebig und zuverl\u00e4ssig genug, um wiederholtem Gebrauch und t\u00e4glichem Aufladen \u00fcber mehrere Tourdaten hinweg standzuhalten.<\/p>\n<\/li>\n<li>\n<p data-path-to-node=\"16,3,0\"><b data-path-to-node=\"16,3,0\" data-index-in-node=\"0\">VIP-Gastfreundschaft:<\/b> Ein Hightech-Souvenir der Premiumklasse, das das Engagement f\u00fcr Innovation und Nachhaltigkeit widerspiegelt.<\/p>\n<\/li>\n<\/ul>\n<p data-path-to-node=\"17\">","protected":false},"excerpt":{"rendered":"<ul>\n<li>\n<p data-path-to-node=\"9,0,0\"><b data-path-to-node=\"9,0,0\" data-index-in-node=\"0\">Umweltfreundliches Laden:<\/b> Verf\u00fcgt \u00fcber einen modernen USB-C-Anschluss zum schnellen Aufladen, wodurch Batterieverschwendung vermieden wird und es sich ideal f\u00fcr mehrt\u00e4gige Veranstaltungen eignet.<\/p>\n<\/li>\n<li>\n<p data-path-to-node=\"9,1,0\"><b data-path-to-node=\"9,1,0\" data-index-in-node=\"0\">Professionelle Softwaresteuerung:<\/b> Vollst\u00e4ndig kompatibel mit DMX512 und spezialisierter Software f\u00fcr die detaillierte Lichtsteuerung im Stadionma\u00dfstab.<\/p>\n<\/li>\n<li>\n<p data-path-to-node=\"9,2,0\"><b data-path-to-node=\"9,2,0\" data-index-in-node=\"0\">256 RGB-Farbpalette:<\/b> Ein massives Upgrade gegen\u00fcber Standardmodellen, das ein komplettes Farbspektrum f\u00fcr komplexe, perfekt synchronisierte Lichtshows bietet.<\/p>\n<\/li>\n<li>\n<p data-path-to-node=\"9,3,0\"><b data-path-to-node=\"9,3,0\" data-index-in-node=\"0\">Zertifizierte Zuverl\u00e4ssigkeit:<\/b> Mit 2 Jahren B2B-Garantie und vollst\u00e4ndiger CE\/RoHS-Zertifizierung f\u00fcr professionelle Eventproduktionen mit hohem Einsatz.<\/p>\n<\/li>\n<\/ul>","protected":false},"featured_media":5558,"comment_status":"closed","ping_status":"closed","template":"","meta":[],"product_brand":[],"product_cat":[80],"product_tag":[],"class_list":{"0":"post-5559","1":"product","2":"type-product","3":"status-publish","4":"has-post-thumbnail","6":"product_cat-led-wristbands","8":"first","9":"instock","10":"shipping-taxable","11":"purchasable","12":"product-type-simple"},"_links":{"self":[{"href":"https:\/\/wristbandfactory.eu\/de\/wp-json\/wp\/v2\/product\/5559","targetHints":{"allow":["GET"]}}],"collection":[{"href":"https:\/\/wristbandfactory.eu\/de\/wp-json\/wp\/v2\/product"}],"about":[{"href":"https:\/\/wristbandfactory.eu\/de\/wp-json\/wp\/v2\/types\/product"}],"replies":[{"embeddable":true,"href":"https:\/\/wristbandfactory.eu\/de\/wp-json\/wp\/v2\/comments?post=5559"}],"wp:featuredmedia":[{"embeddable":true,"href":"https:\/\/wristbandfactory.eu\/de\/wp-json\/wp\/v2\/media\/5558"}],"wp:attachment":[{"href":"https:\/\/wristbandfactory.eu\/de\/wp-json\/wp\/v2\/media?parent=5559"}],"wp:term":[{"taxonomy":"product_brand","embeddable":true,"href":"https:\/\/wristbandfactory.eu\/de\/wp-json\/wp\/v2\/product_brand?post=5559"},{"taxonomy":"product_cat","embeddable":true,"href":"https:\/\/wristbandfactory.eu\/de\/wp-json\/wp\/v2\/product_cat?post=5559"},{"taxonomy":"product_tag","embeddable":true,"href":"https:\/\/wristbandfactory.eu\/de\/wp-json\/wp\/v2\/product_tag?post=5559"}],"curies":[{"name":"wp","href":"https:\/\/api.w.org\/{rel}","templated":true}]}}