{"id":5497,"date":"2025-11-15T16:43:25","date_gmt":"2025-11-15T13:43:25","guid":{"rendered":"https:\/\/wristbandfactory.eu\/?post_type=product&#038;p=5497"},"modified":"2025-12-18T12:32:33","modified_gmt":"2025-12-18T09:32:33","slug":"custom-printed-tyvek-wristbands","status":"publish","type":"product","link":"https:\/\/wristbandfactory.eu\/de\/p\/custom-printed-tyvek-wristbands\/","title":{"rendered":"Individuell bedruckte Tyvek-Armb\u00e4nder (1-farbiger Druck)"},"content":{"rendered":"<p data-path-to-node=\"12\">Sichern Sie Ihre Veranstaltung und optimieren Sie das Einlassmanagement mit unserem <b data-path-to-node=\"12\" data-index-in-node=\"84\">Individuell bedruckte Tyvek-Armb\u00e4nder (1-farbig)<\/b>. Diese auf Effizienz und Wirtschaftlichkeit ausgelegten B\u00e4nder sind der Branchenstandard f\u00fcr Festivals, Konzerte, Clubs und Firmenveranstaltungen, die eine zuverl\u00e4ssige Zugangskontrolle erfordern.<\/p>\n<p data-path-to-node=\"13\">Im Gegensatz zu Standardoptionen erm\u00f6glicht Ihnen unser individueller Druckservice, Ihr Logo, den Namen Ihrer Veranstaltung oder Ihren Wunschtext in gestochen scharfer Qualit\u00e4t hinzuzuf\u00fcgen. <b data-path-to-node=\"13\" data-index-in-node=\"117\">Schwarze oder wei\u00dfe Tinte<\/b>. Dieses einfarbige Siebdruckverfahren bietet die perfekte Balance zwischen niedrigen Kosten und hoher Sichtbarkeit und ist somit die ideale Wahl zur Kategorisierung von Teilnehmern (z. B. VIP, Mitarbeiter, Normale Eintrittskarten), ohne das Budget zu sprengen.<\/p>\n<h2 data-path-to-node=\"14\">Hauptmerkmale<\/h2>\n<ul data-path-to-node=\"15\">\n<li>\n<p data-path-to-node=\"15,0,0\"><b data-path-to-node=\"15,0,0\" data-index-in-node=\"0\">Wirtschaftliche Druckl\u00f6sung:<\/b> Hochgeschwindigkeits-Einfarben-Siebdruck (Schwarz\/Wei\u00df) gew\u00e4hrleistet niedrige St\u00fcckkosten und ist somit ideal f\u00fcr Gro\u00dfveranstaltungen.<\/p>\n<\/li>\n<li>\n<p data-path-to-node=\"15,1,0\"><b data-path-to-node=\"15,1,0\" data-index-in-node=\"0\">Manipulationssichere Sicherheit:<\/b> Jedes Band verf\u00fcgt \u00fcber einen gestanzten Klebeverschluss, der beim Versuch, es zu entfernen, zerrei\u00dft und so eine Weitergabe und damit verbundene Umsatzeinbu\u00dfen verhindert.<\/p>\n<\/li>\n<li>\n<p data-path-to-node=\"15,2,0\"><b data-path-to-node=\"15,2,0\" data-index-in-node=\"0\">Fortlaufende Nummerierung:<\/b> Alle Armb\u00e4nder sind mit individuellen Seriennummern versehen, um Ihnen die Nachverfolgung der Besucherzahlen und die \u00dcberpr\u00fcfung der Ticketverk\u00e4ufe zu erleichtern.<\/p>\n<\/li>\n<li>\n<p data-path-to-node=\"15,3,1\"><span data-path-to-node=\"15,3,1,0\"><b data-path-to-node=\"15,3,1,0\" data-index-in-node=\"0\"><span class=\"citation-19\">Original DuPont\u2122 Tyvek\u00ae:<\/span><\/b><span class=\"citation-19\"> Wir verwenden ausschlie\u00dflich authentisches Material, das leicht, absolut wasserdicht und bis zu 5 Tage lang rei\u00dffest ist. <\/span><\/span><\/p>\n<\/li>\n<li>\n<p data-path-to-node=\"15,4,0\"><b data-path-to-node=\"15,4,0\" data-index-in-node=\"0\">Gro\u00dfe Farbauswahl:<\/b> Der schwarze Aufdruck hebt sich deutlich von unserer breiten Auswahl an Neon-, Metallic- und einfarbigen Basisbandfarben ab.<\/p>\n<\/li>\n<\/ul>\n<h2 data-path-to-node=\"16\">Technische Daten<\/h2>\n<ul data-path-to-node=\"17\">\n<li>\n<p data-path-to-node=\"17,0,1\"><span data-path-to-node=\"17,0,1,0\"><b data-path-to-node=\"17,0,1,0\" data-index-in-node=\"0\"><span class=\"citation-18\">Material:<\/span><\/b><span class=\"citation-18\"> DuPont\u2122 Tyvek\u00ae (Recycelbares Polyethylen hoher Dichte). <\/span><\/span><\/p>\n<\/li>\n<li>\n<p data-path-to-node=\"17,1,0\"><b data-path-to-node=\"17,1,0\" data-index-in-node=\"0\">Druckart:<\/b> 1-farbiger Siebdruck (Standard: Schwarze Tinte).<\/p>\n<\/li>\n<li>\n<p data-path-to-node=\"17,2,0\"><b data-path-to-node=\"17,2,0\" data-index-in-node=\"0\">Gr\u00f6\u00dfe:<\/b> Standardbreite 19 mm oder 25 mm (L\u00e4nge verstellbar).<\/p>\n<\/li>\n<li>\n<p data-path-to-node=\"17,3,0\"><b data-path-to-node=\"17,3,0\" data-index-in-node=\"0\">Schlie\u00dfung:<\/b> Einwegklebstoff mit Sicherheitsverschluss.<\/p>\n<\/li>\n<li>\n<p data-path-to-node=\"17,4,0\"><b data-path-to-node=\"17,4,0\" data-index-in-node=\"0\">Haltbarkeit:<\/b> Wasserabweisend, rei\u00dffest, geeignet f\u00fcr 1-5 Tage.<\/p>\n<\/li>\n<\/ul>\n<h2 data-path-to-node=\"18\">Anwendungsf\u00e4lle<\/h2>\n<ul data-path-to-node=\"19\">\n<li>\n<p data-path-to-node=\"19,0,0\"><b data-path-to-node=\"19,0,0\" data-index-in-node=\"0\">Torsteuerung:<\/b> Schnelle visuelle Identifizierung zahlender G\u00e4ste in Nachtclubs und Bars.<\/p>\n<\/li>\n<li>\n<p data-path-to-node=\"19,1,0\"><b data-path-to-node=\"19,1,0\" data-index-in-node=\"0\">Crowd Management:<\/b> Besonderer Text (z. B. \u201cMITARBEITER\u201d, \u201cK\u00dcNSTLER\u201d) f\u00fcr gesperrte Bereiche.<\/p>\n<\/li>\n<li>\n<p data-path-to-node=\"19,2,0\"><b data-path-to-node=\"19,2,0\" data-index-in-node=\"0\">Gro\u00dfe Festivals:<\/b> Die kosteng\u00fcnstigste M\u00f6glichkeit, Tausende von Teilnehmern zu gewinnen.<\/p>\n<\/li>\n<li>\n<p data-path-to-node=\"19,3,0\"><b data-path-to-node=\"19,3,0\" data-index-in-node=\"0\">Garderobe &amp; Ticketverkauf:<\/b> Die Kapazit\u00e4t wird anhand der fortlaufenden Nummern \u00fcberpr\u00fcft.<\/p>\n<\/li>\n<\/ul>","protected":false},"excerpt":{"rendered":"<ul>\n<li>\n<p data-path-to-node=\"11,0,1\"><span data-path-to-node=\"11,0,1,0\"><b data-path-to-node=\"11,0,1,0\" data-index-in-node=\"0\"><span class=\"citation-22\">Kosteneffizientes Branding:<\/span><\/b><span class=\"citation-22\"> Gestochen scharfer einfarbiger Siebdruck (Schwarz oder Wei\u00df), ideal f\u00fcr Logos und Texte<\/span><\/span><\/p>\n<\/li>\n<li>\n<p data-path-to-node=\"11,1,1\"><span data-path-to-node=\"11,1,1,0\"><b data-path-to-node=\"11,1,1,0\" data-index-in-node=\"0\"><span class=\"citation-21\">Hohe Sicherheit:<\/span><\/b><span class=\"citation-21\"> Mit fortlaufenden Seriennummern vornummeriert und manipulationssicherem Klebstoff versehen. <\/span><\/span><\/p>\n<\/li>\n<li>\n<p data-path-to-node=\"11,2,1\"><span data-path-to-node=\"11,2,1,0\"><b data-path-to-node=\"11,2,1,0\" data-index-in-node=\"0\"><span class=\"citation-20\">Langlebiges Material:<\/span><\/b><span class=\"citation-20\"> Hergestellt aus original DuPont\u2122 Tyvek\u00ae \u2013 wasserdicht und rei\u00dffest. <\/span><\/span><\/p>\n<\/li>\n<li>\n<p data-path-to-node=\"11,3,0\"><b data-path-to-node=\"11,3,0\" data-index-in-node=\"0\">Schnelle Produktion:<\/b> Die schnellste individuelle L\u00f6sung f\u00fcr enge Fristen.<\/p>\n<\/li>\n<\/ul>","protected":false},"featured_media":6108,"comment_status":"closed","ping_status":"closed","template":"","meta":[],"product_brand":[],"product_cat":[41],"product_tag":[],"class_list":{"0":"post-5497","1":"product","2":"type-product","3":"status-publish","4":"has-post-thumbnail","6":"product_cat-tyvek","8":"first","9":"instock","10":"shipping-taxable","11":"purchasable","12":"product-type-simple"},"_links":{"self":[{"href":"https:\/\/wristbandfactory.eu\/de\/wp-json\/wp\/v2\/product\/5497","targetHints":{"allow":["GET"]}}],"collection":[{"href":"https:\/\/wristbandfactory.eu\/de\/wp-json\/wp\/v2\/product"}],"about":[{"href":"https:\/\/wristbandfactory.eu\/de\/wp-json\/wp\/v2\/types\/product"}],"replies":[{"embeddable":true,"href":"https:\/\/wristbandfactory.eu\/de\/wp-json\/wp\/v2\/comments?post=5497"}],"wp:featuredmedia":[{"embeddable":true,"href":"https:\/\/wristbandfactory.eu\/de\/wp-json\/wp\/v2\/media\/6108"}],"wp:attachment":[{"href":"https:\/\/wristbandfactory.eu\/de\/wp-json\/wp\/v2\/media?parent=5497"}],"wp:term":[{"taxonomy":"product_brand","embeddable":true,"href":"https:\/\/wristbandfactory.eu\/de\/wp-json\/wp\/v2\/product_brand?post=5497"},{"taxonomy":"product_cat","embeddable":true,"href":"https:\/\/wristbandfactory.eu\/de\/wp-json\/wp\/v2\/product_cat?post=5497"},{"taxonomy":"product_tag","embeddable":true,"href":"https:\/\/wristbandfactory.eu\/de\/wp-json\/wp\/v2\/product_tag?post=5497"}],"curies":[{"name":"wp","href":"https:\/\/api.w.org\/{rel}","templated":true}]}}