{"id":5416,"date":"2025-11-13T17:37:51","date_gmt":"2025-11-13T14:37:51","guid":{"rendered":"https:\/\/wristbandfactory.eu\/?post_type=product&#038;p=5416"},"modified":"2025-12-22T16:16:34","modified_gmt":"2025-12-22T13:16:34","slug":"usb-wristbands-custom-silicone","status":"publish","type":"product","link":"https:\/\/wristbandfactory.eu\/de\/p\/usb-wristbands-custom-silicone\/","title":{"rendered":"USB-Armb\u00e4nder (Silikon nach Ma\u00df)"},"content":{"rendered":"<p>Hinterlassen Sie bei Ihrer n\u00e4chsten Firmenveranstaltung oder Messe einen bleibenden Eindruck mit unseren individuell gestaltbaren Silikon-USB-Armb\u00e4ndern. Dieses innovative Werbemittel vereint den Tragekomfort eines Armbands mit der Praktikabilit\u00e4t eines USB-Sticks und sorgt daf\u00fcr, dass Ihre Marke auch nach der Veranstaltung noch lange im Ged\u00e4chtnis bleibt.<\/p>\n<p>Diese USB-Armb\u00e4nder sind ideal, um digitale Kataloge, Pr\u00e4sentationsmaterialien oder Marketingvideos an Kunden und Partner zu verteilen. Sie bestehen aus strapazierf\u00e4higem und komfortablem Silikon und lassen sich individuell an Ihr Corporate Design anpassen. W\u00e4hlen Sie Ihre Wunschfarbe und f\u00fcgen Sie Ihr Logo hinzu, um maximale Sichtbarkeit zu erzielen.<\/p>\n<p>Wir bieten eine vielseitige Auswahl an Speicherkapazit\u00e4ten f\u00fcr jeden Gesch\u00e4ftsbedarf, von 8 GB bis 128 GB. Mit einer Mindestbestellmenge von 100 St\u00fcck sind diese USB-Stick-Armb\u00e4nder eine skalierbare und effektive L\u00f6sung f\u00fcr Marketingkampagnen, interne Schulungen oder Werbegeschenke bei Veranstaltungen.<\/p>\n<p><b>Hauptmerkmale:<\/b><\/p>\n<ul>\n<li><b>Design mit Doppelfunktion:<\/b> Dient sowohl als tragbares Silikonarmband als auch als funktionaler USB-Stick.<\/li>\n<li><b>Vollst\u00e4ndige Anpassung:<\/b> Erh\u00e4ltlich in jeder gew\u00fcnschten Farbe, um perfekt zu den Richtlinien Ihrer Marke zu passen.<\/li>\n<li><b>Vielseitiger Stauraum:<\/b> W\u00e4hlen Sie aus einer breiten Palette an Speicherkapazit\u00e4ten (8 GB, 16 GB, 32 GB, 64 GB, 128 GB) f\u00fcr Ihre Daten.<\/li>\n<li><b>Gro\u00dfbestellung bereit:<\/b> Ideal f\u00fcr Gro\u00dfveranstaltungen und Werbeaktionen mit einer Mindestbestellmenge von 100 St\u00fcck.<\/li>\n<li><b>Langlebiges Material:<\/b> Hergestellt aus flexiblem und komfortablem Silikon (20,5 x 1,7 cm), geeignet f\u00fcr l\u00e4ngeres Tragen.<\/li>\n<\/ul>","protected":false},"excerpt":{"rendered":"<ul>\n<li>Ein praktischer 2-in-1-Werbeartikel: ein bequemes Silikonarmband und ein USB-Stick.<\/li>\n<li>Vollst\u00e4ndig individualisierbar mit Ihrem Markenlogo und Ihren spezifischen Firmenfarben.<\/li>\n<li>Erh\u00e4ltlich in einer breiten Palette von Speicherkapazit\u00e4ten (8 GB bis 128 GB), um Ihren Datenbedarf zu decken.<\/li>\n<li>Ideal f\u00fcr Firmenveranstaltungen, Messen und Konferenzen. Mindestbestellmenge: 100 St\u00fcck.<\/li>\n<\/ul>","protected":false},"featured_media":6253,"comment_status":"closed","ping_status":"closed","template":"","meta":[],"product_brand":[],"product_cat":[128,88],"product_tag":[],"class_list":{"0":"post-5416","1":"product","2":"type-product","3":"status-publish","4":"has-post-thumbnail","6":"product_cat-mobile-tech-accessories","7":"product_cat-smart-wristbands","9":"first","10":"instock","11":"shipping-taxable","12":"product-type-simple"},"_links":{"self":[{"href":"https:\/\/wristbandfactory.eu\/de\/wp-json\/wp\/v2\/product\/5416","targetHints":{"allow":["GET"]}}],"collection":[{"href":"https:\/\/wristbandfactory.eu\/de\/wp-json\/wp\/v2\/product"}],"about":[{"href":"https:\/\/wristbandfactory.eu\/de\/wp-json\/wp\/v2\/types\/product"}],"replies":[{"embeddable":true,"href":"https:\/\/wristbandfactory.eu\/de\/wp-json\/wp\/v2\/comments?post=5416"}],"wp:featuredmedia":[{"embeddable":true,"href":"https:\/\/wristbandfactory.eu\/de\/wp-json\/wp\/v2\/media\/6253"}],"wp:attachment":[{"href":"https:\/\/wristbandfactory.eu\/de\/wp-json\/wp\/v2\/media?parent=5416"}],"wp:term":[{"taxonomy":"product_brand","embeddable":true,"href":"https:\/\/wristbandfactory.eu\/de\/wp-json\/wp\/v2\/product_brand?post=5416"},{"taxonomy":"product_cat","embeddable":true,"href":"https:\/\/wristbandfactory.eu\/de\/wp-json\/wp\/v2\/product_cat?post=5416"},{"taxonomy":"product_tag","embeddable":true,"href":"https:\/\/wristbandfactory.eu\/de\/wp-json\/wp\/v2\/product_tag?post=5416"}],"curies":[{"name":"wp","href":"https:\/\/api.w.org\/{rel}","templated":true}]}}