{"id":5409,"date":"2025-11-13T17:32:46","date_gmt":"2025-11-13T14:32:46","guid":{"rendered":"https:\/\/wristbandfactory.eu\/?post_type=product&#038;p=5409"},"modified":"2026-01-09T22:54:44","modified_gmt":"2026-01-09T19:54:44","slug":"charging-cable-with-rpet-phone-strap-60w-usb-c","status":"publish","type":"product","link":"https:\/\/wristbandfactory.eu\/de\/p\/charging-cable-with-rpet-phone-strap-60w-usb-c\/","title":{"rendered":"Ladekabel mit rPET-Handygurt (60W USB-C)"},"content":{"rendered":"<p><span style=\"font-family: -apple-system, BlinkMacSystemFont, 'Segoe UI', Roboto, 'Helvetica Neue', Arial, 'Noto Sans', sans-serif, 'Apple Color Emoji', 'Segoe UI Emoji', 'Segoe UI Symbol', 'Noto Color Emoji';\">Bieten Sie auf Ihrer n\u00e4chsten Messe oder Firmenveranstaltung ein wirklich praktisches und nachhaltiges Technikprodukt an. Dieses innovative 2-in-1-Ladekabel ist mehr als nur eine Stromquelle; es ist ein robustes Handy-Armband, das daf\u00fcr sorgt, dass Ihre Marke stets pr\u00e4sent und sichtbar ist.<\/span><\/p>\n<p>Das Herzst\u00fcck dieses Produkts ist ein leistungsstarkes 60-W-USB-C-zu-USB-C-Kabel, das sowohl Schnellladen als auch Highspeed-Daten\u00fcbertragung unterst\u00fctzt. Das geflochtene Kabel besteht aus recyceltem PET (rPET) und spricht damit umweltbewusste Kunden und Partner an. Zus\u00e4tzlich dient es als robuste Handyschlaufe, die mit den meisten Handyh\u00fcllen kompatibel ist. Die Schlaufe ist leicht, verstellbar und beeindruckend strapazierf\u00e4hig \u2013 sie h\u00e4lt bis zu 8 kg.<\/p>\n<p>Dieses multifunktionale Ladekabel ist ein hervorragendes Werbemittel f\u00fcr Technologieunternehmen, Firmenkonferenzen und Marketingagenturen. Durch die individuelle Gestaltung des robusten Aluminiumgeh\u00e4uses erhalten die Teilnehmer ein n\u00fctzliches Geschenk, das sie auch lange nach der Veranstaltung noch verwenden werden \u2013 so maximieren Sie die Markenpr\u00e4senz.<\/p>\n<p><b>Hauptmerkmale:<\/b><\/p>\n<ul>\n<li><b>60-W-Schnellladung:<\/b> Ein Highspeed-USB-C-zu-USB-C-Kabel versorgt Ger\u00e4te schnell mit Strom und unterst\u00fctzt die Daten\u00fcbertragung.<\/li>\n<li><b>Robustes Handyband:<\/b> Dient als freih\u00e4ndige Handgelenkschlaufe und ist auf die sichere Handhabung mit einem Gewicht von bis zu 8 kg getestet.<\/li>\n<li><b>Umweltfreundliches Material:<\/b> Geflochtenes Kabel aus recycelten rPET-Flaschen, ideal f\u00fcr nachhaltigkeitsorientiertes Branding.<\/li>\n<li><b>Universelle Kompatibilit\u00e4t:<\/b> Entwickelt, um mit den meisten Handyh\u00fcllen kompatibel zu sein und sich unbedruckt anbringen zu lassen \u2013 f\u00fcr den sofortigen Einsatz.<\/li>\n<li><b>Premium-Ausf\u00fchrung:<\/b> Verf\u00fcgt \u00fcber robuste Aluminium-Anschlussgeh\u00e4use, die sich ideal f\u00fcr die Lasergravur Ihres Logos eignen.<\/li>\n<\/ul>","protected":false},"excerpt":{"rendered":"<ul>\n<li>Eine 3-in-1-L\u00f6sung: Handy-Armband, 60-W-Schnellladekabel und Daten\u00fcbertragungskabel.<\/li>\n<li>Hergestellt aus nachhaltigem rPET-Nylon-Geflechtmaterial.<\/li>\n<li>Verf\u00fcgt \u00fcber Typ-C-zu-Typ-C-Anschl\u00fcsse f\u00fcr moderne Ger\u00e4te.<\/li>\n<li>Ein \u00e4u\u00dferst n\u00fctzlicher Werbeartikel f\u00fcr Technologiekonferenzen und Firmenveranstaltungen.<\/li>\n<\/ul>","protected":false},"featured_media":6681,"comment_status":"closed","ping_status":"closed","template":"","meta":[],"product_brand":[],"product_cat":[128],"product_tag":[],"class_list":{"0":"post-5409","1":"product","2":"type-product","3":"status-publish","4":"has-post-thumbnail","6":"product_cat-mobile-tech-accessories","8":"first","9":"instock","10":"shipping-taxable","11":"purchasable","12":"product-type-simple"},"_links":{"self":[{"href":"https:\/\/wristbandfactory.eu\/de\/wp-json\/wp\/v2\/product\/5409","targetHints":{"allow":["GET"]}}],"collection":[{"href":"https:\/\/wristbandfactory.eu\/de\/wp-json\/wp\/v2\/product"}],"about":[{"href":"https:\/\/wristbandfactory.eu\/de\/wp-json\/wp\/v2\/types\/product"}],"replies":[{"embeddable":true,"href":"https:\/\/wristbandfactory.eu\/de\/wp-json\/wp\/v2\/comments?post=5409"}],"wp:featuredmedia":[{"embeddable":true,"href":"https:\/\/wristbandfactory.eu\/de\/wp-json\/wp\/v2\/media\/6681"}],"wp:attachment":[{"href":"https:\/\/wristbandfactory.eu\/de\/wp-json\/wp\/v2\/media?parent=5409"}],"wp:term":[{"taxonomy":"product_brand","embeddable":true,"href":"https:\/\/wristbandfactory.eu\/de\/wp-json\/wp\/v2\/product_brand?post=5409"},{"taxonomy":"product_cat","embeddable":true,"href":"https:\/\/wristbandfactory.eu\/de\/wp-json\/wp\/v2\/product_cat?post=5409"},{"taxonomy":"product_tag","embeddable":true,"href":"https:\/\/wristbandfactory.eu\/de\/wp-json\/wp\/v2\/product_tag?post=5409"}],"curies":[{"name":"wp","href":"https:\/\/api.w.org\/{rel}","templated":true}]}}