{"id":5406,"date":"2025-11-13T17:14:36","date_gmt":"2025-11-13T14:14:36","guid":{"rendered":"https:\/\/wristbandfactory.eu\/?post_type=product&#038;p=5406"},"modified":"2025-12-30T15:11:21","modified_gmt":"2025-12-30T12:11:21","slug":"microfiber-wristbands-with-zipper","status":"publish","type":"product","link":"https:\/\/wristbandfactory.eu\/de\/p\/microfiber-wristbands-with-zipper\/","title":{"rendered":"Mikrofaser-Armb\u00e4nder mit Rei\u00dfverschluss"},"content":{"rendered":"<p>Bieten Sie Ihren Veranstaltungsteilnehmern oder Ihrem Team einen praktischen und gut sichtbaren Werbeartikel an. <span class=\"citation-205 citation-end-205\">Unsere Mikrofaser-Armb\u00e4nder verf\u00fcgen \u00fcber eine integrierte Rei\u00dfverschlusstasche und bieten somit eine sichere M\u00f6glichkeit, Schl\u00fcssel, Bargeld oder kleine Wertsachen bei Sport, Festivals und anderen Freizeitaktivit\u00e4ten mitzuf\u00fchren.<\/span>.<\/p>\n<p><span class=\"citation-204 citation-end-204\">Dieses Armband aus einem widerstandsf\u00e4higen und dennoch weichen Mikrofasermaterial bietet einen bequemen, festen Sitz f\u00fcr den ganzen Tag.<\/span>. <span class=\"citation-203 citation-end-203\">Die farblich passende Rei\u00dfverschlusstasche ist zur individuellen Gestaltung vorgesehen und bietet eine 5,5 x 4 cm gro\u00dfe Druckfl\u00e4che f\u00fcr Ihr Firmenlogo oder Event-Branding mittels Siebdruck oder langlebigem Siebtransfer.<\/span><\/p>\n<p>Dieses Armbandportemonnaie eignet sich ideal f\u00fcr betriebliche Gesundheitsprogramme, Sponsoring von Fitnessstudios, Werbegeschenke auf Messen oder als praktischer Artikel f\u00fcr Festivalbesucher und sorgt daf\u00fcr, dass Ihre Marke auch unterwegs sichtbar bleibt.<\/p>\n<p><b>Hauptmerkmale:<\/b><\/p>\n<ul>\n<li><b><span class=\"citation-202\">Sichere Rei\u00dfverschlusstasche:<\/span><\/b><span class=\"citation-202 citation-end-202\"> Verf\u00fcgt \u00fcber eine integrierte Tasche mit farblich passendem Rei\u00dfverschluss zur sicheren Aufbewahrung<\/span>.<\/li>\n<li><b><span class=\"citation-201\">Weiches Mikrofasermaterial:<\/span><\/b><span class=\"citation-201 citation-end-201\"> Hergestellt aus strapazierf\u00e4higer und weicher Mikrofaser, konzipiert f\u00fcr Sport und Freizeit<\/span>.<\/li>\n<li><b><span class=\"citation-200\">Bequeme, feste Passform:<\/span><\/b><span class=\"citation-200 citation-end-200\"> Mit Abmessungen von 10 x 9 cm bietet es eine bequeme, eng anliegende Passform f\u00fcr den aktiven Gebrauch.<\/span>.<\/li>\n<li><b><span class=\"citation-199\">Bereich f\u00fcr individuelles Branding:<\/span><\/b><span class=\"citation-199 citation-end-199\"> Bietet eine 5,5 x 4 cm gro\u00dfe Druckfl\u00e4che auf der Tasche f\u00fcr Ihr Logo<\/span>.<\/li>\n<li><b><span class=\"citation-198\">Leuchtende Farben:<\/span><\/b><span class=\"citation-198 citation-end-198\"> Erh\u00e4ltlich in verschiedenen leuchtenden Farbt\u00f6nen, passend zu Ihrer Markenidentit\u00e4t<\/span>.<\/li>\n<\/ul>","protected":false},"excerpt":{"rendered":"<ul>\n<li><span class=\"citation-209 citation-end-209\">Verf\u00fcgt \u00fcber ein sicheres Rei\u00dfverschlussfach f\u00fcr Schl\u00fcssel, Bargeld oder kleine Gegenst\u00e4nde<\/span>.<\/li>\n<li><span class=\"citation-208 citation-end-208\">Hergestellt aus weicher, strapazierf\u00e4higer Mikrofaser, ideal f\u00fcr Sport und aktive Veranstaltungen<\/span>.<\/li>\n<li><span class=\"citation-207 citation-end-207\">Gro\u00dfe 5,5 x 4 cm gro\u00dfe Druckfl\u00e4che auf der Tasche f\u00fcr Ihr Logo<\/span>.\n<div class=\"source-inline-chip-container ng-star-inserted\"><\/div>\n<\/li>\n<li><span class=\"citation-206 citation-end-206\">Erh\u00e4ltlich in einer Reihe leuchtender Farben, passend zu Ihrer Marke<\/span><\/li>\n<\/ul>","protected":false},"featured_media":6414,"comment_status":"closed","ping_status":"closed","template":"","meta":[],"product_brand":[],"product_cat":[66,118,122],"product_tag":[],"class_list":{"0":"post-5406","1":"product","2":"type-product","3":"status-publish","4":"has-post-thumbnail","6":"product_cat-wristbands","7":"product_cat-sports-fitness","8":"product_cat-promotional-accessories","10":"first","11":"instock","12":"shipping-taxable","13":"purchasable","14":"product-type-simple"},"_links":{"self":[{"href":"https:\/\/wristbandfactory.eu\/de\/wp-json\/wp\/v2\/product\/5406","targetHints":{"allow":["GET"]}}],"collection":[{"href":"https:\/\/wristbandfactory.eu\/de\/wp-json\/wp\/v2\/product"}],"about":[{"href":"https:\/\/wristbandfactory.eu\/de\/wp-json\/wp\/v2\/types\/product"}],"replies":[{"embeddable":true,"href":"https:\/\/wristbandfactory.eu\/de\/wp-json\/wp\/v2\/comments?post=5406"}],"wp:featuredmedia":[{"embeddable":true,"href":"https:\/\/wristbandfactory.eu\/de\/wp-json\/wp\/v2\/media\/6414"}],"wp:attachment":[{"href":"https:\/\/wristbandfactory.eu\/de\/wp-json\/wp\/v2\/media?parent=5406"}],"wp:term":[{"taxonomy":"product_brand","embeddable":true,"href":"https:\/\/wristbandfactory.eu\/de\/wp-json\/wp\/v2\/product_brand?post=5406"},{"taxonomy":"product_cat","embeddable":true,"href":"https:\/\/wristbandfactory.eu\/de\/wp-json\/wp\/v2\/product_cat?post=5406"},{"taxonomy":"product_tag","embeddable":true,"href":"https:\/\/wristbandfactory.eu\/de\/wp-json\/wp\/v2\/product_tag?post=5406"}],"curies":[{"name":"wp","href":"https:\/\/api.w.org\/{rel}","templated":true}]}}