{"id":5404,"date":"2025-11-13T17:06:02","date_gmt":"2025-11-13T14:06:02","guid":{"rendered":"https:\/\/wristbandfactory.eu\/?post_type=product&#038;p=5404"},"modified":"2026-01-09T18:23:33","modified_gmt":"2026-01-09T15:23:33","slug":"rpet-phone-strap-with-60w-data-cable","status":"publish","type":"product","link":"https:\/\/wristbandfactory.eu\/de\/p\/rpet-phone-strap-with-60w-data-cable\/","title":{"rendered":"RPET-Handygurt mit 60-W-Datenkabel"},"content":{"rendered":"<p>Bieten Sie auf Ihrer n\u00e4chsten Technologiekonferenz oder Firmenveranstaltung ein praktisches und nachhaltiges Werbegeschenk an. Das VRIST ist ein multifunktionales Armband f\u00fcr moderne Berufst\u00e4tige, das freih\u00e4ndiges Bedienen mit wichtigen Ladefunktionen kombiniert.<\/p>\n<p>Der 45 cm lange Riemen besteht aus umweltfreundlichem RPET-Material (recyceltem PET) und unterstreicht das Engagement Ihrer Marke f\u00fcr Nachhaltigkeit. Er dient gleichzeitig als sicherer Handyhalter, sodass die Teilnehmer ihre Ger\u00e4te stets griffbereit haben.<\/p>\n<p>Die Hauptfunktion des Armbands ist ein leistungsstarker <b>60-W-USB-C-zu-USB-C-Kabel<\/b>, unterst\u00fctzt sowohl Schnellladung als auch <b>Daten\u00fcbertragung<\/b>. Das macht es zu einem \u00e4u\u00dferst praktischen Werbegeschenk f\u00fcr technikaffine Zielgruppen. Ein Schl\u00fcsselclip sorgt f\u00fcr zus\u00e4tzliche Funktionalit\u00e4t. Dieses Produkt wird in einer BSCI-zertifizierten Amfori-Fabrik hergestellt, was eine verantwortungsvolle Lieferkette gew\u00e4hrleistet.<\/p>\n<p><b>Hauptmerkmale:<\/b><\/p>\n<ul>\n<li><b>Multifunktionales Design:<\/b> Dient als Handyhalterung am Armband, Hochgeschwindigkeits-Datenkabel und Schl\u00fcsselclip.<\/li>\n<li><b>Umweltfreundliches Material:<\/b> Das Armband besteht aus recyceltem PET (RPET) und demonstriert damit die Nachhaltigkeit des Unternehmens.<\/li>\n<li><b>60 W Leistung &amp; Daten:<\/b> Das Highspeed-60W-Type-C-zu-Type-C-Kabel unterst\u00fctzt sowohl schnelles Laden als auch Daten\u00fcbertragung.<\/li>\n<li><b>Freih\u00e4ndige Nutzung bei Veranstaltungen:<\/b> Erm\u00f6glicht es den Teilnehmern, ihre Handys und Schl\u00fcssel sicher und griffbereit aufzubewahren.<\/li>\n<li><b>Verantwortungsvolle Beschaffung:<\/b> Hergestellt in einer amfori BSCI-zertifizierten Fabrik.<\/li>\n<\/ul>","protected":false},"excerpt":{"rendered":"<ul>\n<li>Umweltfreundliches Armband aus recyceltem PET-Material (RPET).<\/li>\n<li>Hochgeschwindigkeits-60-W-Typ-C-zu-Typ-C-Kabel zum Laden und zur Daten\u00fcbertragung.<\/li>\n<li>Dient als Handyhalterung am Armband f\u00fcr freih\u00e4ndiges Arbeiten bei Veranstaltungen.<\/li>\n<li>Inklusive Schl\u00fcsselclip f\u00fcr zus\u00e4tzlichen Nutzen.<\/li>\n<\/ul>","protected":false},"featured_media":6666,"comment_status":"closed","ping_status":"closed","template":"","meta":[],"product_brand":[],"product_cat":[128],"product_tag":[],"class_list":{"0":"post-5404","1":"product","2":"type-product","3":"status-publish","4":"has-post-thumbnail","6":"product_cat-mobile-tech-accessories","8":"first","9":"instock","10":"shipping-taxable","11":"purchasable","12":"product-type-simple"},"_links":{"self":[{"href":"https:\/\/wristbandfactory.eu\/de\/wp-json\/wp\/v2\/product\/5404","targetHints":{"allow":["GET"]}}],"collection":[{"href":"https:\/\/wristbandfactory.eu\/de\/wp-json\/wp\/v2\/product"}],"about":[{"href":"https:\/\/wristbandfactory.eu\/de\/wp-json\/wp\/v2\/types\/product"}],"replies":[{"embeddable":true,"href":"https:\/\/wristbandfactory.eu\/de\/wp-json\/wp\/v2\/comments?post=5404"}],"wp:featuredmedia":[{"embeddable":true,"href":"https:\/\/wristbandfactory.eu\/de\/wp-json\/wp\/v2\/media\/6666"}],"wp:attachment":[{"href":"https:\/\/wristbandfactory.eu\/de\/wp-json\/wp\/v2\/media?parent=5404"}],"wp:term":[{"taxonomy":"product_brand","embeddable":true,"href":"https:\/\/wristbandfactory.eu\/de\/wp-json\/wp\/v2\/product_brand?post=5404"},{"taxonomy":"product_cat","embeddable":true,"href":"https:\/\/wristbandfactory.eu\/de\/wp-json\/wp\/v2\/product_cat?post=5404"},{"taxonomy":"product_tag","embeddable":true,"href":"https:\/\/wristbandfactory.eu\/de\/wp-json\/wp\/v2\/product_tag?post=5404"}],"curies":[{"name":"wp","href":"https:\/\/api.w.org\/{rel}","templated":true}]}}