{"id":5402,"date":"2025-11-13T16:55:11","date_gmt":"2025-11-13T13:55:11","guid":{"rendered":"https:\/\/wristbandfactory.eu\/?post_type=product&#038;p=5402"},"modified":"2025-12-30T15:03:05","modified_gmt":"2025-12-30T12:03:05","slug":"floating-foam-wristband-keychains","status":"publish","type":"product","link":"https:\/\/wristbandfactory.eu\/de\/p\/floating-foam-wristband-keychains\/","title":{"rendered":"Schwimmende Schaumstoff-Armband-Schl\u00fcsselanh\u00e4nger"},"content":{"rendered":"<p>Sorgen Sie daf\u00fcr, dass die Schl\u00fcssel Ihrer Kunden bei Firmenveranstaltungen auf dem Wasser, in Marinas oder auf Bootsausfl\u00fcgen sicher aufbewahrt sind \u2013 mit unseren schwimmenden Schaumstoff-Schl\u00fcsselanh\u00e4ngern. Dieser praktische Werbeartikel ist ein Muss f\u00fcr jedes Unternehmen aus der Wasser-, Gastronomie- oder Bootsbranche.<\/p>\n<p>Dieser Schl\u00fcsselanh\u00e4nger ist so konzipiert, dass er angenehm am Handgelenk getragen werden kann. Er besteht aus robustem PET-Polyester mit Schaumstofff\u00fcllung. Dadurch bleibt er schwimmf\u00e4hig und sinkt nicht, wenn er ins Wasser f\u00e4llt. Seine leuchtende Farbe PANTONE 298C sorgt f\u00fcr gute Sichtbarkeit und macht ihn leicht erkennbar.<\/p>\n<p>Dieser schwimmende Schl\u00fcsselanh\u00e4nger eignet sich ideal f\u00fcr die Verteilung auf Bootsmessen, als Standardartikel f\u00fcr Mitglieder von Yachth\u00e4fen oder als praktisches Werbegeschenk f\u00fcr Reise- und Gastgewerbemarken und sorgt daf\u00fcr, dass Ihre Marke mit Sicherheit und Praktikabilit\u00e4t in Verbindung gebracht wird.<\/p>\n<p><b>Hauptmerkmale:<\/b><\/p>\n<ul>\n<li><b>Schwimmf\u00e4higes, schaumgef\u00fclltes Design:<\/b> Schwimmt zuverl\u00e4ssig und verhindert so, dass die Schl\u00fcssel im Wasser untergehen.<\/li>\n<li><b>Strapazierf\u00e4higes PET-Material:<\/b> Hergestellt aus robustem Polyester f\u00fcr den dauerhaften Einsatz in maritimen Umgebungen.<\/li>\n<li><b>Gut sichtbare Farbe:<\/b> Erh\u00e4ltlich in einem leuchtenden PANTONE 298C-Ton, damit es im Wasser leicht zu erkennen ist.<\/li>\n<li><b>Freih\u00e4ndige Nutzung:<\/b> Dient sowohl als Armband als auch als Schl\u00fcsselanh\u00e4nger und bietet somit praktischen Nutzen.<\/li>\n<li><b>Zertifizierte Produktion:<\/b> Hergestellt in einer amfori BSCI-zertifizierten Fabrik, was eine verantwortungsvolle Beschaffung gew\u00e4hrleistet.<\/li>\n<\/ul>","protected":false},"excerpt":{"rendered":"<ul>\n<li>Verhindert das Versinken von Schl\u00fcsseln, ideal f\u00fcr Boote, Marinas und Veranstaltungen am Wasser.<\/li>\n<li>Hergestellt aus strapazierf\u00e4higem, schaumgef\u00fclltem PET-Polyester f\u00fcr zuverl\u00e4ssigen Auftrieb.<\/li>\n<li>Bietet einen Werbeartikel mit hoher Sichtbarkeit f\u00fcr Marken aus dem Wasserbereich.<\/li>\n<li>Erh\u00e4ltlich in einem leuchtenden PANTONE 298C Blau f\u00fcr optimale Sichtbarkeit.<\/li>\n<\/ul>","protected":false},"featured_media":6411,"comment_status":"closed","ping_status":"closed","template":"","meta":[],"product_brand":[],"product_cat":[66,94],"product_tag":[],"class_list":{"0":"post-5402","1":"product","2":"type-product","3":"status-publish","4":"has-post-thumbnail","6":"product_cat-wristbands","7":"product_cat-keychains","9":"first","10":"instock","11":"shipping-taxable","12":"purchasable","13":"product-type-simple"},"_links":{"self":[{"href":"https:\/\/wristbandfactory.eu\/de\/wp-json\/wp\/v2\/product\/5402","targetHints":{"allow":["GET"]}}],"collection":[{"href":"https:\/\/wristbandfactory.eu\/de\/wp-json\/wp\/v2\/product"}],"about":[{"href":"https:\/\/wristbandfactory.eu\/de\/wp-json\/wp\/v2\/types\/product"}],"replies":[{"embeddable":true,"href":"https:\/\/wristbandfactory.eu\/de\/wp-json\/wp\/v2\/comments?post=5402"}],"wp:featuredmedia":[{"embeddable":true,"href":"https:\/\/wristbandfactory.eu\/de\/wp-json\/wp\/v2\/media\/6411"}],"wp:attachment":[{"href":"https:\/\/wristbandfactory.eu\/de\/wp-json\/wp\/v2\/media?parent=5402"}],"wp:term":[{"taxonomy":"product_brand","embeddable":true,"href":"https:\/\/wristbandfactory.eu\/de\/wp-json\/wp\/v2\/product_brand?post=5402"},{"taxonomy":"product_cat","embeddable":true,"href":"https:\/\/wristbandfactory.eu\/de\/wp-json\/wp\/v2\/product_cat?post=5402"},{"taxonomy":"product_tag","embeddable":true,"href":"https:\/\/wristbandfactory.eu\/de\/wp-json\/wp\/v2\/product_tag?post=5402"}],"curies":[{"name":"wp","href":"https:\/\/api.w.org\/{rel}","templated":true}]}}