{"id":5393,"date":"2025-11-13T16:47:58","date_gmt":"2025-11-13T13:47:58","guid":{"rendered":"https:\/\/wristbandfactory.eu\/?post_type=product&#038;p=5393"},"modified":"2025-12-16T15:06:47","modified_gmt":"2025-12-16T12:06:47","slug":"silicone-wristbands-with-aluminium-plate","status":"publish","type":"product","link":"https:\/\/wristbandfactory.eu\/de\/p\/silicone-wristbands-with-aluminium-plate\/","title":{"rendered":"Silikonarmb\u00e4nder mit Aluminiumplatte"},"content":{"rendered":"<p><span class=\"citation-125 citation-end-125\">Werten Sie Ihre Werbeartikel mit unseren Silikonarmb\u00e4ndern mit markanter Aluminiumplatte auf. <\/span><span class=\"citation-124 citation-end-124\">Dieses Modell vereint den Komfort und die Langlebigkeit von Silikon mit einer hochwertigen Metallplatte und bietet so die perfekte Grundlage f\u00fcr Ihr Firmenlogo. <\/span><\/p>\n<p><span class=\"citation-123 citation-end-123\">Im Gegensatz zu herk\u00f6mmlichen bedruckten oder gepr\u00e4gten B\u00e4ndern besteht die silberne Aluminiumplatte aus <\/span> Es wurde speziell f\u00fcr die Lasergravur entwickelt und bietet ein scharfes, dauerhaftes und hochwertiges Finish, das sich nicht abnutzt. Dadurch eignet es sich hervorragend f\u00fcr Firmenveranstaltungen, VIP-Zugang oder als langlebiges Werbegeschenk, das Kunden und Mitarbeiter gleicherma\u00dfen sch\u00e4tzen werden.<\/p>\n<p><span class=\"citation-122 citation-end-122\">Das Armband selbst besteht aus hochwertigem, strapazierf\u00e4higem Silikon und gew\u00e4hrleistet so einen angenehmen Tragekomfort den ganzen Tag \u00fcber, beispielsweise bei Konferenzen oder Messen. <\/span> Die Gr\u00f6\u00dfe 202 x 12 x 3 mm passt den meisten Erwachsenen. Das Design aus verschiedenen Materialien verleiht Ihrer n\u00e4chsten Marketingkampagne einen anspruchsvollen und modernen Look.<\/p>\n<p><b>Hauptmerkmale:<\/b><\/p>\n<ul>\n<li><b><span class=\"citation-121\">Hochwertige Metallplatte:<\/span><\/b><span class=\"citation-121 citation-end-121\"> Verf\u00fcgt \u00fcber eine helle, silberne Aluminiumplatte, ideal f\u00fcr Lasergravuren. <\/span><\/li>\n<li><b><span class=\"citation-120\">Strapazierf\u00e4higes Silikonarmband:<\/span><\/b><span class=\"citation-120 citation-end-120\"> Hergestellt aus hochwertigem 100%-Silikon f\u00fcr Komfort und Langlebigkeit. <\/span><\/li>\n<li><b>Hochwertiges Branding:<\/b> Bietet eine anspruchsvollere und langlebigere Branding-Option als herk\u00f6mmliche Silikonarmb\u00e4nder.<\/li>\n<li><b>Standardgr\u00f6\u00dfe f\u00fcr Erwachsene:<\/b> Die Abmessungen 202 x 12 x 3 mm passen den meisten Teilnehmern.<\/li>\n<li><b>Leicht:<\/b> Wiegt nur 8 g und ist daher den ganzen Tag \u00fcber angenehm zu tragen.<\/li>\n<\/ul>","protected":false},"excerpt":{"rendered":"<ul>\n<li><span class=\"citation-127 citation-end-127\">Verf\u00fcgt \u00fcber eine hochwertige silberne Aluminiumplatte f\u00fcr ein langlebiges, graviertes Logo. <\/span><\/li>\n<li><span class=\"citation-126 citation-end-126\">Das strapazierf\u00e4hige Silikonarmband 100% bietet hohen Tragekomfort bei ganzt\u00e4gigen Veranstaltungen. <\/span><\/li>\n<li>Ideal f\u00fcr Firmenveranstaltungen, Spendenaktionen und als hochwertiger Werbeartikel.<\/li>\n<li>Die Standardgr\u00f6\u00dfe von 202 x 12 x 3 mm passt den meisten Erwachsenenhandgelenken.<\/li>\n<\/ul>","protected":false},"featured_media":5946,"comment_status":"closed","ping_status":"closed","template":"","meta":[],"product_brand":[],"product_cat":[49],"product_tag":[],"class_list":{"0":"post-5393","1":"product","2":"type-product","3":"status-publish","4":"has-post-thumbnail","6":"product_cat-silicone","8":"first","9":"instock","10":"shipping-taxable","11":"purchasable","12":"product-type-simple"},"_links":{"self":[{"href":"https:\/\/wristbandfactory.eu\/de\/wp-json\/wp\/v2\/product\/5393","targetHints":{"allow":["GET"]}}],"collection":[{"href":"https:\/\/wristbandfactory.eu\/de\/wp-json\/wp\/v2\/product"}],"about":[{"href":"https:\/\/wristbandfactory.eu\/de\/wp-json\/wp\/v2\/types\/product"}],"replies":[{"embeddable":true,"href":"https:\/\/wristbandfactory.eu\/de\/wp-json\/wp\/v2\/comments?post=5393"}],"wp:featuredmedia":[{"embeddable":true,"href":"https:\/\/wristbandfactory.eu\/de\/wp-json\/wp\/v2\/media\/5946"}],"wp:attachment":[{"href":"https:\/\/wristbandfactory.eu\/de\/wp-json\/wp\/v2\/media?parent=5393"}],"wp:term":[{"taxonomy":"product_brand","embeddable":true,"href":"https:\/\/wristbandfactory.eu\/de\/wp-json\/wp\/v2\/product_brand?post=5393"},{"taxonomy":"product_cat","embeddable":true,"href":"https:\/\/wristbandfactory.eu\/de\/wp-json\/wp\/v2\/product_cat?post=5393"},{"taxonomy":"product_tag","embeddable":true,"href":"https:\/\/wristbandfactory.eu\/de\/wp-json\/wp\/v2\/product_tag?post=5393"}],"curies":[{"name":"wp","href":"https:\/\/api.w.org\/{rel}","templated":true}]}}