{"id":5312,"date":"2025-10-24T14:27:43","date_gmt":"2025-10-24T11:27:43","guid":{"rendered":"https:\/\/wristbandfactory.eu\/?post_type=product&#038;p=5312"},"modified":"2026-01-10T00:00:57","modified_gmt":"2026-01-09T21:00:57","slug":"eco-friendly-cardboard-lanyards-20mm","status":"publish","type":"product","link":"https:\/\/wristbandfactory.eu\/de\/p\/eco-friendly-cardboard-lanyards-20mm\/","title":{"rendered":"Papier-Schl\u00fcsselb\u00e4nder (Recycelter Karton)"},"content":{"rendered":"<p data-path-to-node=\"11\">Setzen Sie mit unserem Produkt ein klares und sichtbares Zeichen f\u00fcr die Umweltwerte Ihres Unternehmens. <b>Umweltfreundliche Karton-Lanyards<\/b>. Als ultimative \u201cAnti-Plastik\u201d-L\u00f6sung sind diese Lanyards f\u00fcr Zero-Waste-Veranstaltungen, gr\u00fcne Konferenzen und Marken konzipiert, die ihren Worten in Sachen Nachhaltigkeit Taten folgen lassen wollen.<\/p>\n<p data-path-to-node=\"12\">Hergestellt aus <b>widerstandsf\u00e4higer Recyclingkarton<\/b> Diese Lanyards aus verst\u00e4rktem Papier bieten eine nachhaltige Alternative zu Polyester und Nylon. Sie f\u00fchlen sich nat\u00fcrlich und leicht wie Papier an, sind aber dennoch robust genug, um den Belastungen einer typischen Messe oder Firmenveranstaltung standzuhalten. Ihr markantes \u201cKraftpapier\u201d-Aussehen vermittelt jedem Teilnehmer sofort die Botschaft des Umweltschutzes.<\/p>\n<p data-path-to-node=\"13\">Jedes Lanyard hat eine Standardbreite von 20 mm f\u00fcr einen bequemen Sitz und ist mit einem hochwertigen Verschluss ausgestattet. <b>Metall-Drehkarabiner<\/b>. Dadurch wird sichergestellt, dass auch Ihr Befestigungsmechanismus langlebig und zuverl\u00e4ssig ist. Mit diesem Produkt der \u201cNature Line\u201d eliminieren Sie Einwegplastik vollst\u00e4ndig aus der Lieferkette Ihrer Veranstaltung.<\/p>\n<p data-path-to-node=\"14\"><b>Hauptmerkmale:<\/b><\/p>\n<ul data-path-to-node=\"15\">\n<li>\n<p data-path-to-node=\"15,0,0\"><b>Material:<\/b> 100% Widerstandsf\u00e4higer Recyclingkarton (Papierbasis).<\/p>\n<\/li>\n<li>\n<p data-path-to-node=\"15,1,0\"><b>Nachhaltigkeit:<\/b> Eine komplett plastikfreie Alternative f\u00fcr umweltbewusstes Branding.<\/p>\n<\/li>\n<li>\n<p data-path-to-node=\"15,2,0\"><b>Haltbarkeit:<\/b> Entwickelt, um Ausweise w\u00e4hrend der Dauer \u00fcblicher Veranstaltungen sicher aufzubewahren.<\/p>\n<\/li>\n<li>\n<p data-path-to-node=\"15,3,0\"><b>Hardware:<\/b> Beinhaltet einen robusten drehbaren Metallkarabiner zur unbedruckten Befestigung.<\/p>\n<\/li>\n<li>\n<p data-path-to-node=\"15,4,0\"><b>\u00c4sthetik:<\/b> Nat\u00fcrliches, mattes Finish, das den umweltfreundlichen Ursprung unterstreicht.<\/p>\n<\/li>\n<\/ul>","protected":false},"excerpt":{"rendered":"<ul>\n<li>\n<p data-path-to-node=\"9,0,0\"><b>Plastikfreie L\u00f6sung:<\/b> Eine komplett plastikfreie Lanyard-Option aus strapazierf\u00e4higem, recyceltem Papiermaterial.<\/p>\n<\/li>\n<li>\n<p data-path-to-node=\"9,1,0\"><b>Nature Line:<\/b> Als Teil unserer exklusiven \u00d6ko-Reihe bietet sie eine unverwechselbare, nat\u00fcrliche \u00c4sthetik (Kraftpapier-Optik).<\/p>\n<\/li>\n<li>\n<p data-path-to-node=\"9,2,0\"><b>\u00dcberraschend langlebig:<\/b> Entwickelt, um ausreichend widerstandsf\u00e4hig f\u00fcr eint\u00e4gige Veranstaltungen, Konferenzen und Meetings zu sein.<\/p>\n<\/li>\n<li>\n<p data-path-to-node=\"9,3,0\"><b>Standardpassform:<\/b> Die 20 mm Breite gew\u00e4hrleistet gute Sichtbarkeit und Komfort; ausgestattet ist das Ger\u00e4t mit einem robusten drehbaren Metallkarabiner.<\/p>\n<\/li>\n<\/ul>","protected":false},"featured_media":6697,"comment_status":"closed","ping_status":"closed","template":"","meta":[],"product_brand":[],"product_cat":[107,113],"product_tag":[],"class_list":{"0":"post-5312","1":"product","2":"type-product","3":"status-publish","4":"has-post-thumbnail","6":"product_cat-eco-friendly-lanyards","7":"product_cat-plain-lanyards","9":"first","10":"instock","11":"shipping-taxable","12":"purchasable","13":"product-type-simple"},"_links":{"self":[{"href":"https:\/\/wristbandfactory.eu\/de\/wp-json\/wp\/v2\/product\/5312","targetHints":{"allow":["GET"]}}],"collection":[{"href":"https:\/\/wristbandfactory.eu\/de\/wp-json\/wp\/v2\/product"}],"about":[{"href":"https:\/\/wristbandfactory.eu\/de\/wp-json\/wp\/v2\/types\/product"}],"replies":[{"embeddable":true,"href":"https:\/\/wristbandfactory.eu\/de\/wp-json\/wp\/v2\/comments?post=5312"}],"wp:featuredmedia":[{"embeddable":true,"href":"https:\/\/wristbandfactory.eu\/de\/wp-json\/wp\/v2\/media\/6697"}],"wp:attachment":[{"href":"https:\/\/wristbandfactory.eu\/de\/wp-json\/wp\/v2\/media?parent=5312"}],"wp:term":[{"taxonomy":"product_brand","embeddable":true,"href":"https:\/\/wristbandfactory.eu\/de\/wp-json\/wp\/v2\/product_brand?post=5312"},{"taxonomy":"product_cat","embeddable":true,"href":"https:\/\/wristbandfactory.eu\/de\/wp-json\/wp\/v2\/product_cat?post=5312"},{"taxonomy":"product_tag","embeddable":true,"href":"https:\/\/wristbandfactory.eu\/de\/wp-json\/wp\/v2\/product_tag?post=5312"}],"curies":[{"name":"wp","href":"https:\/\/api.w.org\/{rel}","templated":true}]}}