{"id":5304,"date":"2025-10-24T13:51:56","date_gmt":"2025-10-24T10:51:56","guid":{"rendered":"https:\/\/wristbandfactory.eu\/?post_type=product&#038;p=5304"},"modified":"2026-01-09T16:31:02","modified_gmt":"2026-01-09T13:31:02","slug":"reusable-event-cups-extra-large-1-2l","status":"publish","type":"product","link":"https:\/\/wristbandfactory.eu\/de\/p\/reusable-event-cups-extra-large-1-2l\/","title":{"rendered":"Wiederverwendbare Eventbecher (Extra gro\u00df, 1,2 l)"},"content":{"rendered":"<p data-path-to-node=\"7\">Reduzieren Sie Warteschlangen und steigern Sie die Zufriedenheit Ihrer Teilnehmer bei Gro\u00dfveranstaltungen mit unseren extra gro\u00dfen, wiederverwendbaren PP-Bechern (1,2 l). Diese Becher mit hohem Fassungsverm\u00f6gen sind die ideale L\u00f6sung f\u00fcr Stadien, gro\u00dfe Festivals und Konzerte, da Sie gr\u00f6\u00dfere Portionen servieren und den Bedarf an Nachf\u00fcllungen deutlich minimieren k\u00f6nnen.<\/p>\n<p data-path-to-node=\"8\">Diese Becher werden aus robustem und dennoch flexiblem PP (Polypropylen) hergestellt, sind bruchfest und f\u00fcr den wiederholten Gebrauch konzipiert. Sie bieten eine stabile und umweltbewusste Alternative zu Einwegkunststoffen.<\/p>\n<p data-path-to-node=\"9\">Die durchscheinende Oberfl\u00e4che bietet eine gut sichtbare Fl\u00e4che f\u00fcr Ihr Firmenlogo oder Event-Branding. Ein besonderes Merkmal dieses Bechers ist sein speziell geformter Boden, der f\u00fcr zus\u00e4tzliche Stabilit\u00e4t auf Untersetzern sorgt.<\/p>\n<p data-path-to-node=\"10\"><b>Hauptmerkmale:<\/b><\/p>\n<ul data-path-to-node=\"11\">\n<li>\n<p data-path-to-node=\"11,0,0\"><b>Extragro\u00dfes Fassungsverm\u00f6gen von 1,2 l:<\/b> Minimiert das Nachf\u00fcllen bei stark frequentierten Festivals, Stadien und Konzerten.<\/p>\n<\/li>\n<li>\n<p data-path-to-node=\"11,1,0\"><b>Langlebiges PP-Material:<\/b> Flexibel, bruchfest und f\u00fcr mehrere Veranstaltungen vollst\u00e4ndig wiederverwendbar.<\/p>\n<\/li>\n<li>\n<p data-path-to-node=\"11,2,0\"><b>Durchscheinendes Finish:<\/b> Bietet eine ideale, gut sichtbare Oberfl\u00e4che f\u00fcr individuelles Branding.<\/p>\n<\/li>\n<li>\n<p data-path-to-node=\"11,3,0\"><b>Stabiles Basisdesign:<\/b> Speziell geformte Unterseite f\u00fcr sicheren Stand auf Untersetzern.<\/p>\n<\/li>\n<li>\n<p data-path-to-node=\"11,4,0\"><b>Gro\u00dfe Abmessungen:<\/b> Sie ist 19 cm hoch und hat einen Durchmesser von 10,7 cm.<\/p>\n<\/li>\n<\/ul>","protected":false},"excerpt":{"rendered":"<ul>\n<li>\n<p data-path-to-node=\"6,0,0\">Das extra gro\u00dfe Fassungsverm\u00f6gen von 1,2 Litern minimiert das Nachf\u00fcllen bei Gro\u00dfveranstaltungen.<\/p>\n<\/li>\n<li>\n<p data-path-to-node=\"6,1,0\">Hergestellt aus strapazierf\u00e4higem, flexiblem und bruchfestem PP-Material.<\/p>\n<\/li>\n<li>\n<p data-path-to-node=\"6,2,0\">Die durchscheinende Oberfl\u00e4che bietet eine gut sichtbare Fl\u00e4che f\u00fcr Markenbotschaften.<\/p>\n<\/li>\n<li>\n<p data-path-to-node=\"6,3,0\">Verf\u00fcgt \u00fcber ein einzigartiges, stabiles Sockeldesign zur Verwendung mit Untersetzern.<\/p>\n<\/li>\n<li><\/li>\n<\/ul>","protected":false},"featured_media":6622,"comment_status":"closed","ping_status":"closed","template":"","meta":[],"product_brand":[],"product_cat":[111],"product_tag":[],"class_list":{"0":"post-5304","1":"product","2":"type-product","3":"status-publish","4":"has-post-thumbnail","6":"product_cat-reusable-event-cups","8":"first","9":"instock","10":"shipping-taxable","11":"product-type-simple"},"_links":{"self":[{"href":"https:\/\/wristbandfactory.eu\/de\/wp-json\/wp\/v2\/product\/5304","targetHints":{"allow":["GET"]}}],"collection":[{"href":"https:\/\/wristbandfactory.eu\/de\/wp-json\/wp\/v2\/product"}],"about":[{"href":"https:\/\/wristbandfactory.eu\/de\/wp-json\/wp\/v2\/types\/product"}],"replies":[{"embeddable":true,"href":"https:\/\/wristbandfactory.eu\/de\/wp-json\/wp\/v2\/comments?post=5304"}],"wp:featuredmedia":[{"embeddable":true,"href":"https:\/\/wristbandfactory.eu\/de\/wp-json\/wp\/v2\/media\/6622"}],"wp:attachment":[{"href":"https:\/\/wristbandfactory.eu\/de\/wp-json\/wp\/v2\/media?parent=5304"}],"wp:term":[{"taxonomy":"product_brand","embeddable":true,"href":"https:\/\/wristbandfactory.eu\/de\/wp-json\/wp\/v2\/product_brand?post=5304"},{"taxonomy":"product_cat","embeddable":true,"href":"https:\/\/wristbandfactory.eu\/de\/wp-json\/wp\/v2\/product_cat?post=5304"},{"taxonomy":"product_tag","embeddable":true,"href":"https:\/\/wristbandfactory.eu\/de\/wp-json\/wp\/v2\/product_tag?post=5304"}],"curies":[{"name":"wp","href":"https:\/\/api.w.org\/{rel}","templated":true}]}}