{"id":5300,"date":"2025-10-24T12:52:28","date_gmt":"2025-10-24T09:52:28","guid":{"rendered":"https:\/\/wristbandfactory.eu\/?post_type=product&#038;p=5300"},"modified":"2026-01-05T00:20:13","modified_gmt":"2026-01-04T21:20:13","slug":"laser-engravable-rectangular-glass-trophies","status":"publish","type":"product","link":"https:\/\/wristbandfactory.eu\/de\/p\/laser-engravable-rectangular-glass-trophies\/","title":{"rendered":"Rechteckige Glastroph\u00e4en mit Lasergravur"},"content":{"rendered":"<p>Sorgen Sie bei Ihrer n\u00e4chsten Preisverleihung oder Firmengala f\u00fcr einen bleibenden Eindruck. Unsere gro\u00dfe rechteckige Glastroph\u00e4e ist eine hochwertige und wertvolle Auszeichnung, die sich perfekt f\u00fcr die Anerkennung von Spitzenkr\u00e4ften, wichtigen Kunden oder Wettbewerbsgewinnern eignet.<\/p>\n<p>Diese Troph\u00e4e ist 19 cm hoch und aus dickem, hochwertigem Glas gefertigt. Mit einem Gewicht von 690 Gramm vermittelt sie einen sp\u00fcrbar hochwertigen Eindruck. Das klare, rechteckige Design bietet eine gro\u00dfe, flache Oberfl\u00e4che, die speziell f\u00fcr hochpr\u00e4zisen Laserdruck (Gravur) entwickelt wurde. So werden Ihr Firmenlogo, der Preistitel und die Empf\u00e4ngerdaten mit au\u00dfergew\u00f6hnlicher Klarheit personalisiert. Ideal f\u00fcr Verkaufsauszeichnungen, Mitarbeiter-des-Monats-Programme oder die Danksagung an wichtige Partner. Jede Troph\u00e4e wird in einer individuellen Schutzh\u00fclle geliefert, die den Transport sicher und pr\u00e4sentationsbereit macht.<\/p>\n<p><b>Hauptmerkmale:<\/b><\/p>\n<ul>\n<li><b>Gro\u00dfes rechteckiges Design:<\/b> Die H\u00f6he betr\u00e4gt 19 cm und bietet reichlich Platz f\u00fcr eine individuelle Gravur.<\/li>\n<li><b>Hochwertiges Schwerglas:<\/b> Mit einem Gewicht von 690 g f\u00fchlt sich diese Troph\u00e4e solide an, was ihren wahrgenommenen Wert steigert.<\/li>\n<li><b>Optimiert f\u00fcr die Lasergravur:<\/b> Die speziell gestaltete Oberfl\u00e4che erm\u00f6glicht eine scharfe, detaillierte Personalisierung per Laserdruck.<\/li>\n<li><b>Stabile Basis:<\/b> Verf\u00fcgt \u00fcber einen widerstandsf\u00e4higen, 4,5 cm tiefen Glassockel f\u00fcr eine stabile Pr\u00e4sentation auf jedem Schreibtisch oder Regal.<\/li>\n<li><b>Schutzh\u00fclle enthalten:<\/b> Jede Troph\u00e4e wird f\u00fcr einen sicheren Transport und als Geschenk in einem eigenen Etui pr\u00e4sentiert.<\/li>\n<\/ul>\n<p>&nbsp;<\/p>","protected":false},"excerpt":{"rendered":"<ul>\n<li>Hochwertiger, 19 cm hoher, rechteckiger Glaspreis.<\/li>\n<li>Satte 690g Gewicht f\u00fcr ein hochwertiges Tragegef\u00fchl.<\/li>\n<li>Optimierte Oberfl\u00e4che f\u00fcr die pr\u00e4zise Lasergravur Ihres Logos.<\/li>\n<li>Inklusive individueller Schutzh\u00fclle zur sicheren Pr\u00e4sentation.<\/li>\n<\/ul>","protected":false},"featured_media":6540,"comment_status":"closed","ping_status":"closed","template":"","meta":[],"product_brand":[],"product_cat":[79],"product_tag":[],"class_list":{"0":"post-5300","1":"product","2":"type-product","3":"status-publish","4":"has-post-thumbnail","6":"product_cat-awards","8":"first","9":"instock","10":"shipping-taxable","11":"purchasable","12":"product-type-simple"},"_links":{"self":[{"href":"https:\/\/wristbandfactory.eu\/de\/wp-json\/wp\/v2\/product\/5300","targetHints":{"allow":["GET"]}}],"collection":[{"href":"https:\/\/wristbandfactory.eu\/de\/wp-json\/wp\/v2\/product"}],"about":[{"href":"https:\/\/wristbandfactory.eu\/de\/wp-json\/wp\/v2\/types\/product"}],"replies":[{"embeddable":true,"href":"https:\/\/wristbandfactory.eu\/de\/wp-json\/wp\/v2\/comments?post=5300"}],"wp:featuredmedia":[{"embeddable":true,"href":"https:\/\/wristbandfactory.eu\/de\/wp-json\/wp\/v2\/media\/6540"}],"wp:attachment":[{"href":"https:\/\/wristbandfactory.eu\/de\/wp-json\/wp\/v2\/media?parent=5300"}],"wp:term":[{"taxonomy":"product_brand","embeddable":true,"href":"https:\/\/wristbandfactory.eu\/de\/wp-json\/wp\/v2\/product_brand?post=5300"},{"taxonomy":"product_cat","embeddable":true,"href":"https:\/\/wristbandfactory.eu\/de\/wp-json\/wp\/v2\/product_cat?post=5300"},{"taxonomy":"product_tag","embeddable":true,"href":"https:\/\/wristbandfactory.eu\/de\/wp-json\/wp\/v2\/product_tag?post=5300"}],"curies":[{"name":"wp","href":"https:\/\/api.w.org\/{rel}","templated":true}]}}