{"id":5292,"date":"2025-10-24T12:42:32","date_gmt":"2025-10-24T09:42:32","guid":{"rendered":"https:\/\/wristbandfactory.eu\/?post_type=product&#038;p=5292"},"modified":"2025-10-24T12:42:33","modified_gmt":"2025-10-24T09:42:33","slug":"window-name-badges-with-clip-and-pin","status":"publish","type":"product","link":"https:\/\/wristbandfactory.eu\/de\/p\/window-name-badges-with-clip-and-pin\/","title":{"rendered":"Fenster-Namensschilder mit Clip und Nadel"},"content":{"rendered":"<p>Sorgen Sie mit diesen wiederverwendbaren Namensschildern f\u00fcr die klare, professionelle Identifizierung Ihres Teams, Ihrer Konferenzteilnehmer oder Ihres Veranstaltungspersonals. Diese Schilder zeichnen sich durch ein klares, modernes Design mit gl\u00e4nzender Oberfl\u00e4che aus und verleihen jedem Unternehmensumfeld einen eleganten Look.<\/p>\n<p>Der vordere Fensterschlitz erm\u00f6glicht den schnellen Austausch der bedruckten Namensschilder und macht sie so zu einer kosteng\u00fcnstigen und flexiblen L\u00f6sung f\u00fcr Besuchermanagement, Aushilfspersonal oder wiederkehrende Veranstaltungen. Die R\u00fcckseite des Namensschildes ist mit einem robusten Doppelbefestigungssystem ausgestattet. Diese doppelte Befestigung mit Metallclip und Sicherheitsnadel gew\u00e4hrleistet eine sichere und stabile Befestigung an jeder Art von Kleidung, vom Sakko bis zur Uniform.<\/p>\n<p><b>Hauptmerkmale:<\/b><\/p>\n<ul>\n<li><b>Wiederverwendbares Fensterdesign:<\/b> Erm\u00f6glicht den schnellen und unbedruckten Austausch von Namenseins\u00e4tzen.<\/li>\n<li><b>Doppeltes Befestigungssystem:<\/b> Ausgestattet mit einem Metallclip und einer Sicherheitsnadel f\u00fcr eine sichere, vielseitige Befestigung.<\/li>\n<li><b>Professionelles gl\u00e4nzendes Finish:<\/b> Bietet ein modernes, elegantes Erscheinungsbild, das f\u00fcr Unternehmensumgebungen geeignet ist.<\/li>\n<li><b>Kompakte Abmessungen:<\/b> Ma\u00dfe: 6,8 x 3,4 cm f\u00fcr klare Sicht, ohne sperrig zu sein.<\/li>\n<\/ul>","protected":false},"excerpt":{"rendered":"<ul>\n<li>Professionelles Hochglanz-Finish f\u00fcr einen modernen Corporate-Look.<\/li>\n<li>Vielseitiger Doppelverschluss: Verf\u00fcgt sowohl \u00fcber einen Metallclip als auch \u00fcber eine Sicherheitsnadel.<\/li>\n<li>Wiederverwendbares Fensterdesign zum unbedruckten Einlegen von Namenskarten.<\/li>\n<li>Ideal f\u00fcr Gro\u00dfeink\u00e4ufe f\u00fcr Veranstaltungen, Mitarbeiter und Messen.<\/li>\n<\/ul>","protected":false},"featured_media":5293,"comment_status":"closed","ping_status":"closed","template":"","meta":[],"product_brand":[],"product_cat":[91],"product_tag":[],"class_list":{"0":"post-5292","1":"product","2":"type-product","3":"status-publish","4":"has-post-thumbnail","6":"product_cat-badge-holders","8":"first","9":"instock","10":"shipping-taxable","11":"purchasable","12":"product-type-simple"},"_links":{"self":[{"href":"https:\/\/wristbandfactory.eu\/de\/wp-json\/wp\/v2\/product\/5292","targetHints":{"allow":["GET"]}}],"collection":[{"href":"https:\/\/wristbandfactory.eu\/de\/wp-json\/wp\/v2\/product"}],"about":[{"href":"https:\/\/wristbandfactory.eu\/de\/wp-json\/wp\/v2\/types\/product"}],"replies":[{"embeddable":true,"href":"https:\/\/wristbandfactory.eu\/de\/wp-json\/wp\/v2\/comments?post=5292"}],"wp:featuredmedia":[{"embeddable":true,"href":"https:\/\/wristbandfactory.eu\/de\/wp-json\/wp\/v2\/media\/5293"}],"wp:attachment":[{"href":"https:\/\/wristbandfactory.eu\/de\/wp-json\/wp\/v2\/media?parent=5292"}],"wp:term":[{"taxonomy":"product_brand","embeddable":true,"href":"https:\/\/wristbandfactory.eu\/de\/wp-json\/wp\/v2\/product_brand?post=5292"},{"taxonomy":"product_cat","embeddable":true,"href":"https:\/\/wristbandfactory.eu\/de\/wp-json\/wp\/v2\/product_cat?post=5292"},{"taxonomy":"product_tag","embeddable":true,"href":"https:\/\/wristbandfactory.eu\/de\/wp-json\/wp\/v2\/product_tag?post=5292"}],"curies":[{"name":"wp","href":"https:\/\/api.w.org\/{rel}","templated":true}]}}