{"id":5288,"date":"2025-10-24T12:36:41","date_gmt":"2025-10-24T09:36:41","guid":{"rendered":"https:\/\/wristbandfactory.eu\/?post_type=product&#038;p=5288"},"modified":"2025-10-24T12:36:41","modified_gmt":"2025-10-24T09:36:41","slug":"aluminium-name-badges-with-clip-and-pin","status":"publish","type":"product","link":"https:\/\/wristbandfactory.eu\/de\/p\/aluminium-name-badges-with-clip-and-pin\/","title":{"rendered":"Aluminium-Namensschilder mit Clip und Nadel"},"content":{"rendered":"<p>Sorgen Sie mit diesen wiederverwendbaren Namensschildern aus Aluminium f\u00fcr eine professionelle und einheitliche Mitarbeiteridentifikation bei Firmenveranstaltungen, Messen und im B\u00fcro. Der elegante, eloxierte Aluminiumrahmen sorgt f\u00fcr eine langlebige und hochwertige Oberfl\u00e4che, die das Image Ihres Unternehmens st\u00e4rkt.<\/p>\n<p>Diese Namensschilder sind flexibel und erm\u00f6glichen den schnellen und unbedruckten Austausch der Papiereinlagen. Sie eignen sich daher ideal f\u00fcr Aushilfskr\u00e4fte, Konferenzteilnehmer oder Unternehmen mit hoher Personalfluktuation. Die R\u00fcckseite verf\u00fcgt \u00fcber eine robuste, multifunktionale Befestigung mit Clip und Nadel, sodass Sie das Schild sicher an jedem Kleidungsst\u00fcck befestigen k\u00f6nnen. Diese vielseitige und kosteng\u00fcnstige L\u00f6sung ist auch in Gro\u00dfpackungen f\u00fcr alle Ihre Identifikationsanforderungen erh\u00e4ltlich.<\/p>\n<p><b>Hauptmerkmale:<\/b><\/p>\n<ul>\n<li><b>Robuster Aluminiumrahmen:<\/b> Verf\u00fcgt \u00fcber eine hochwertige eloxierte Oberfl\u00e4che f\u00fcr ein professionelles, langlebiges Erscheinungsbild.<\/li>\n<li><b>Doppeltes Befestigungssystem:<\/b> Enth\u00e4lt sowohl einen Clip als auch eine Nadel auf der R\u00fcckseite f\u00fcr eine vielseitige und sichere Befestigung an jeder Kleidung.<\/li>\n<li><b>Wiederverwendbar und kosteng\u00fcnstig:<\/b> Konzipiert f\u00fcr die Aufnahme von Standard-Papiereinlagen (nicht im Lieferumfang enthalten), sodass Aktualisierungen f\u00fcr neue Mitarbeiter oder Veranstaltungen problemlos m\u00f6glich sind.<\/li>\n<li><b>Schlanke Abmessungen:<\/b> Die Ma\u00dfe betragen 70 x 25 mm und erm\u00f6glichen eine klare, sichtbare Namensanzeige, ohne aufdringlich zu sein.<\/li>\n<\/ul>","protected":false},"excerpt":{"rendered":"<ul>\n<li>Professioneller eloxierter Aluminiumrahmen f\u00fcr eine erstklassige Optik.<\/li>\n<li>Vielseitige Doppelclip- und Stiftbefestigung f\u00fcr eine sichere Befestigung.<\/li>\n<li>Wiederverwendbares Design: Unbedruckt neue Namenskarten ausdrucken und einlegen.<\/li>\n<li>Ideal f\u00fcr Gro\u00dfbestellungen f\u00fcr Firmenmitarbeiter, Veranstaltungen und Messen.<\/li>\n<\/ul>","protected":false},"featured_media":5289,"comment_status":"closed","ping_status":"closed","template":"","meta":[],"product_brand":[],"product_cat":[91],"product_tag":[],"class_list":{"0":"post-5288","1":"product","2":"type-product","3":"status-publish","4":"has-post-thumbnail","6":"product_cat-badge-holders","8":"first","9":"instock","10":"shipping-taxable","11":"purchasable","12":"product-type-simple"},"_links":{"self":[{"href":"https:\/\/wristbandfactory.eu\/de\/wp-json\/wp\/v2\/product\/5288","targetHints":{"allow":["GET"]}}],"collection":[{"href":"https:\/\/wristbandfactory.eu\/de\/wp-json\/wp\/v2\/product"}],"about":[{"href":"https:\/\/wristbandfactory.eu\/de\/wp-json\/wp\/v2\/types\/product"}],"replies":[{"embeddable":true,"href":"https:\/\/wristbandfactory.eu\/de\/wp-json\/wp\/v2\/comments?post=5288"}],"wp:featuredmedia":[{"embeddable":true,"href":"https:\/\/wristbandfactory.eu\/de\/wp-json\/wp\/v2\/media\/5289"}],"wp:attachment":[{"href":"https:\/\/wristbandfactory.eu\/de\/wp-json\/wp\/v2\/media?parent=5288"}],"wp:term":[{"taxonomy":"product_brand","embeddable":true,"href":"https:\/\/wristbandfactory.eu\/de\/wp-json\/wp\/v2\/product_brand?post=5288"},{"taxonomy":"product_cat","embeddable":true,"href":"https:\/\/wristbandfactory.eu\/de\/wp-json\/wp\/v2\/product_cat?post=5288"},{"taxonomy":"product_tag","embeddable":true,"href":"https:\/\/wristbandfactory.eu\/de\/wp-json\/wp\/v2\/product_tag?post=5288"}],"curies":[{"name":"wp","href":"https:\/\/api.w.org\/{rel}","templated":true}]}}