{"id":5272,"date":"2025-10-23T23:21:35","date_gmt":"2025-10-23T20:21:35","guid":{"rendered":"https:\/\/wristbandfactory.eu\/?post_type=product&#038;p=5272"},"modified":"2026-01-05T14:40:56","modified_gmt":"2026-01-05T11:40:56","slug":"promotional-hand-clappers","status":"publish","type":"product","link":"https:\/\/wristbandfactory.eu\/de\/p\/promotional-hand-clappers\/","title":{"rendered":"Werbe-Handklatscher"},"content":{"rendered":"<p>Sorgen Sie mit unseren Werbe-Handklatschern daf\u00fcr, dass Ihre Marke in jedem Stadion oder bei jeder Firmenveranstaltung hervorsticht. Das \u201cMaracan\u00e1\u201d-Design sorgt f\u00fcr akustische und visuelle Aufmerksamkeit und l\u00f6st das Problem passiver Event-Giveaways.<\/p>\n<p>Diese handf\u00f6rmige Klatsche ist eine unterhaltsame und interaktive M\u00f6glichkeit f\u00fcr Besucher, ihre Unterst\u00fctzung zu zeigen und L\u00e4rm zu machen. Sie ist in verschiedenen leuchtenden Farben erh\u00e4ltlich, leicht (20 g) und hat die perfekte Gr\u00f6\u00dfe (8,5 x 18,5 x 2 cm), damit sie auch von gro\u00dfen Menschenmengen problemlos gehandhabt werden kann. Sie eignet sich hervorragend und kosteng\u00fcnstig f\u00fcr die Massenverteilung auf Festivals, Messen oder Sportwettk\u00e4mpfen und maximiert so die Markenwirkung.<\/p>\n<p><b>Hauptmerkmale:<\/b><\/p>\n<ul>\n<li>Handf\u00f6rmige Klappe f\u00fcr h\u00f6rbare Publikumsbeteiligung<\/li>\n<li>\u201cMaracan\u00e1\u201d-Design f\u00fcr Sport- und Eventthemen<\/li>\n<li>Erh\u00e4ltlich in verschiedenen hellen, gut sichtbaren Farbt\u00f6nen<\/li>\n<li>Leicht und kompakt: 8,5 x 18,5 x 2 cm, 20 g<\/li>\n<li>Ideal f\u00fcr Werbegeschenke in gro\u00dfen Mengen<\/li>\n<\/ul>","protected":false},"excerpt":{"rendered":"<ul>\n<li>Sorgen Sie bei Sportveranstaltungen oder Kundgebungen f\u00fcr Publikumsl\u00e4rm und Markenpr\u00e4senz.<\/li>\n<li>Verf\u00fcgt \u00fcber ein lustiges, leuchtendes \u201cMaracan\u00e1\u201d-Handdesign.<\/li>\n<li>Leicht (20 g) und kompakt (18,5 cm) f\u00fcr eine unbedruckte Massenverteilung.<\/li>\n<li>Ein idealer, kosteng\u00fcnstiger und wirkungsvoller Werbeartikel f\u00fcr Gro\u00dfbestellungen.<\/li>\n<\/ul>","protected":false},"featured_media":6584,"comment_status":"closed","ping_status":"closed","template":"","meta":[],"product_brand":[],"product_cat":[123],"product_tag":[],"class_list":{"0":"post-5272","1":"product","2":"type-product","3":"status-publish","4":"has-post-thumbnail","6":"product_cat-fan-cheering-items","8":"first","9":"instock","10":"shipping-taxable","11":"purchasable","12":"product-type-simple"},"_links":{"self":[{"href":"https:\/\/wristbandfactory.eu\/de\/wp-json\/wp\/v2\/product\/5272","targetHints":{"allow":["GET"]}}],"collection":[{"href":"https:\/\/wristbandfactory.eu\/de\/wp-json\/wp\/v2\/product"}],"about":[{"href":"https:\/\/wristbandfactory.eu\/de\/wp-json\/wp\/v2\/types\/product"}],"replies":[{"embeddable":true,"href":"https:\/\/wristbandfactory.eu\/de\/wp-json\/wp\/v2\/comments?post=5272"}],"wp:featuredmedia":[{"embeddable":true,"href":"https:\/\/wristbandfactory.eu\/de\/wp-json\/wp\/v2\/media\/6584"}],"wp:attachment":[{"href":"https:\/\/wristbandfactory.eu\/de\/wp-json\/wp\/v2\/media?parent=5272"}],"wp:term":[{"taxonomy":"product_brand","embeddable":true,"href":"https:\/\/wristbandfactory.eu\/de\/wp-json\/wp\/v2\/product_brand?post=5272"},{"taxonomy":"product_cat","embeddable":true,"href":"https:\/\/wristbandfactory.eu\/de\/wp-json\/wp\/v2\/product_cat?post=5272"},{"taxonomy":"product_tag","embeddable":true,"href":"https:\/\/wristbandfactory.eu\/de\/wp-json\/wp\/v2\/product_tag?post=5272"}],"curies":[{"name":"wp","href":"https:\/\/api.w.org\/{rel}","templated":true}]}}