{"id":5260,"date":"2025-10-23T23:07:40","date_gmt":"2025-10-23T20:07:40","guid":{"rendered":"https:\/\/wristbandfactory.eu\/?post_type=product&#038;p=5260"},"modified":"2026-01-09T18:19:50","modified_gmt":"2026-01-09T15:19:50","slug":"promotional-hawaiian-necklaces-polyester","status":"publish","type":"product","link":"https:\/\/wristbandfactory.eu\/de\/p\/promotional-hawaiian-necklaces-polyester\/","title":{"rendered":"Werbe-Hawaii-Halsketten (Polyester)"},"content":{"rendered":"<p>Mit unseren Hawaii-Werbeketten gehen Sie \u00fcber Standard-Event-Accessoires hinaus. Diese Polyesterketten sind die perfekte, kosteng\u00fcnstige L\u00f6sung, um Sommeraktionen, Festivals oder Firmenveranstaltungen mit tropischem Thema mit einem lebendigen, thematischen Branding zu versehen und so daf\u00fcr zu sorgen, dass Ihre Veranstaltung unvergesslich wird.<\/p>\n<p>Jeder Lei ist aus weichem, leichtem Polyester gefertigt und bietet Komfort und hohe Sichtbarkeit. Das strapazierf\u00e4hige, mehrfarbige Regenbogendesign sorgt f\u00fcr einen festlichen Look, der die G\u00e4ste nicht belastet. Sie sind die ideale Wahl f\u00fcr Veranstalter, die gro\u00dfe Mengen themenbezogener Accessoires f\u00fcr Strandpartys, Messen oder gro\u00dfe Feiern ben\u00f6tigen.<\/p>\n<p><b>Hauptmerkmale:<\/b><\/p>\n<ul>\n<li>Hergestellt aus weichem, leichtem Polyestermaterial<\/li>\n<li>Lebendiges, mehrfarbiges Regenbogenblumendesign<\/li>\n<li>Bequem f\u00fcr den ganzen Tag bei Veranstaltungen<\/li>\n<li>Ideal f\u00fcr Mottopartys, Festivals und Werbeaktionen<\/li>\n<li>Lieferung in Gro\u00dfmengen f\u00fcr Gro\u00dfbestellungen<\/li>\n<\/ul>\n<p>&nbsp;<\/p>","protected":false},"excerpt":{"rendered":"<ul>\n<li>Versch\u00f6nern Sie Firmenfeiern, Messen oder Festivals im Handumdrehen.<\/li>\n<li>Verf\u00fcgt \u00fcber ein lebendiges, mehrfarbiges Regenbogen-Blumendesign aus Polyester.<\/li>\n<li>Leicht und bequem, sodass die Teilnehmer es den ganzen Tag tragen k\u00f6nnen.<\/li>\n<li>F\u00fcr Gro\u00dfveranstaltungen in gro\u00dfen Mengen erh\u00e4ltlich.<\/li>\n<li style=\"list-style-type: none;\"><\/li>\n<\/ul>","protected":false},"featured_media":6663,"comment_status":"closed","ping_status":"closed","template":"","meta":[],"product_brand":[],"product_cat":[129,120],"product_tag":[],"class_list":{"0":"post-5260","1":"product","2":"type-product","3":"status-publish","4":"has-post-thumbnail","6":"product_cat-leisure-lifestyle","7":"product_cat-themed-necklaces","9":"first","10":"instock","11":"shipping-taxable","12":"purchasable","13":"product-type-simple"},"_links":{"self":[{"href":"https:\/\/wristbandfactory.eu\/de\/wp-json\/wp\/v2\/product\/5260","targetHints":{"allow":["GET"]}}],"collection":[{"href":"https:\/\/wristbandfactory.eu\/de\/wp-json\/wp\/v2\/product"}],"about":[{"href":"https:\/\/wristbandfactory.eu\/de\/wp-json\/wp\/v2\/types\/product"}],"replies":[{"embeddable":true,"href":"https:\/\/wristbandfactory.eu\/de\/wp-json\/wp\/v2\/comments?post=5260"}],"wp:featuredmedia":[{"embeddable":true,"href":"https:\/\/wristbandfactory.eu\/de\/wp-json\/wp\/v2\/media\/6663"}],"wp:attachment":[{"href":"https:\/\/wristbandfactory.eu\/de\/wp-json\/wp\/v2\/media?parent=5260"}],"wp:term":[{"taxonomy":"product_brand","embeddable":true,"href":"https:\/\/wristbandfactory.eu\/de\/wp-json\/wp\/v2\/product_brand?post=5260"},{"taxonomy":"product_cat","embeddable":true,"href":"https:\/\/wristbandfactory.eu\/de\/wp-json\/wp\/v2\/product_cat?post=5260"},{"taxonomy":"product_tag","embeddable":true,"href":"https:\/\/wristbandfactory.eu\/de\/wp-json\/wp\/v2\/product_tag?post=5260"}],"curies":[{"name":"wp","href":"https:\/\/api.w.org\/{rel}","templated":true}]}}