{"id":5256,"date":"2025-10-23T16:41:54","date_gmt":"2025-10-23T13:41:54","guid":{"rendered":"https:\/\/wristbandfactory.eu\/?post_type=product&#038;p=5256"},"modified":"2026-01-05T00:22:55","modified_gmt":"2026-01-04T21:22:55","slug":"led-promotional-coasters-3-mode","status":"publish","type":"product","link":"https:\/\/wristbandfactory.eu\/de\/p\/led-promotional-coasters-3-mode\/","title":{"rendered":"LED-Werbeuntersetzer (3-Modus)"},"content":{"rendered":"<p>Herk\u00f6mmliche Untersetzer werden leicht ignoriert. Unsere LED-Getr\u00e4nkeuntersetzer verwandeln jeden Tisch in eine leuchtende Werbefl\u00e4che und ziehen bei Firmengalas, Messen und gesponserten Nachtveranstaltungen die Aufmerksamkeit auf sich.<\/p>\n<p>Diese Untersetzer aus strapazierf\u00e4higem Acryl verf\u00fcgen \u00fcber sechs helle, mehrfarbige LEDs. Ein unbedruckter Knopf an der Unterseite schaltet zwischen drei verschiedenen Beleuchtungspositionen um: ein festes Leuchten, ein langsames Blinken und ein schnelles Blinken, sodass Ihr individuelles Branding sichtbar bleibt.<\/p>\n<p>Jeder Untersetzer verf\u00fcgt \u00fcber eine selbstklebende R\u00fcckseite und l\u00e4sst sich so sicher am Boden jedes Glases oder jeder Flasche befestigen. Sie werden einsatzbereit geliefert und sind inklusive zwei Knopfzellenbatterien f\u00fcr Ihre Veranstaltung. Diese leuchtenden Untersetzer eignen sich ideal f\u00fcr den Massenversand und erh\u00f6hen die Markensichtbarkeit.<\/p>\n<p><b>Hauptmerkmale:<\/b><\/p>\n<ul>\n<li>6 mehrfarbige LEDs f\u00fcr helle Beleuchtung<\/li>\n<li>3 Lichtmodi: Dauerlicht, langsames Blinken und schnelles Blinken<\/li>\n<li>Selbstklebende R\u00fcckseite f\u00fcr unbedrucktes Anbringen auf Trinkgef\u00e4\u00dfen<\/li>\n<li>Robuste Acrylkonstruktion<\/li>\n<li>Bedienung \u00fcber eine unbedruckte Basistaste<\/li>\n<li>Inklusive 2x Knopfzellenbatterien<\/li>\n<\/ul>","protected":false},"excerpt":{"rendered":"<ul>\n<li>Beleuchten Sie Ihre Marke bei Produkteinf\u00fchrungen, Messen oder Festivals.<\/li>\n<li>Verf\u00fcgt \u00fcber 3 mehrfarbige Lichtmodi: Fest, schnelles Blinken und langsames Blinken.<\/li>\n<li>Die selbstklebende R\u00fcckseite haftet direkt am Boden von Gl\u00e4sern oder Flaschen.<\/li>\n<li>Wird betriebsbereit mit zwei Knopfbatterien geliefert.<\/li>\n<\/ul>","protected":false},"featured_media":6543,"comment_status":"closed","ping_status":"closed","template":"","meta":[],"product_brand":[],"product_cat":[119],"product_tag":[],"class_list":{"0":"post-5256","1":"product","2":"type-product","3":"status-publish","4":"has-post-thumbnail","6":"product_cat-drinkware-accessories","8":"first","9":"instock","10":"shipping-taxable","11":"purchasable","12":"product-type-simple"},"_links":{"self":[{"href":"https:\/\/wristbandfactory.eu\/de\/wp-json\/wp\/v2\/product\/5256","targetHints":{"allow":["GET"]}}],"collection":[{"href":"https:\/\/wristbandfactory.eu\/de\/wp-json\/wp\/v2\/product"}],"about":[{"href":"https:\/\/wristbandfactory.eu\/de\/wp-json\/wp\/v2\/types\/product"}],"replies":[{"embeddable":true,"href":"https:\/\/wristbandfactory.eu\/de\/wp-json\/wp\/v2\/comments?post=5256"}],"wp:featuredmedia":[{"embeddable":true,"href":"https:\/\/wristbandfactory.eu\/de\/wp-json\/wp\/v2\/media\/6543"}],"wp:attachment":[{"href":"https:\/\/wristbandfactory.eu\/de\/wp-json\/wp\/v2\/media?parent=5256"}],"wp:term":[{"taxonomy":"product_brand","embeddable":true,"href":"https:\/\/wristbandfactory.eu\/de\/wp-json\/wp\/v2\/product_brand?post=5256"},{"taxonomy":"product_cat","embeddable":true,"href":"https:\/\/wristbandfactory.eu\/de\/wp-json\/wp\/v2\/product_cat?post=5256"},{"taxonomy":"product_tag","embeddable":true,"href":"https:\/\/wristbandfactory.eu\/de\/wp-json\/wp\/v2\/product_tag?post=5256"}],"curies":[{"name":"wp","href":"https:\/\/api.w.org\/{rel}","templated":true}]}}