{"id":5252,"date":"2025-10-23T15:50:34","date_gmt":"2025-10-23T12:50:34","guid":{"rendered":"https:\/\/wristbandfactory.eu\/?post_type=product&#038;p=5252"},"modified":"2025-10-23T15:52:00","modified_gmt":"2025-10-23T12:52:00","slug":"vertical-pvc-id-holder","status":"publish","type":"product","link":"https:\/\/wristbandfactory.eu\/de\/p\/vertical-pvc-id-holder\/","title":{"rendered":"Vertikaler PVC-Ausweishalter"},"content":{"rendered":"<p>Stellen Sie mit unserem vertikalen PVC-Ausweishalter sicher, dass jeder Teilnehmer, Mitarbeiter und Gast eindeutig identifiziert ist. Dieser Halter wurde f\u00fcr den professionellen Einsatz auf Konferenzen, Messen und im Unternehmensumfeld entwickelt und bietet eine robuste und praktische L\u00f6sung zur Pr\u00e4sentation von Zugangskarten und Ausweisen.<\/p>\n<p>Dieser Ausweishalter aus transparentem, strapazierf\u00e4higem PVC sch\u00fctzt Ausweise vor Abnutzung und sorgt gleichzeitig f\u00fcr Sichtbarkeit. Die Oberseite des Halters ist verst\u00e4rkt, um dem t\u00e4glichen Gebrauch standzuhalten und Risse oder Besch\u00e4digungen an der Befestigungsstelle des Schl\u00fcsselbands zu verhindern. Das clevere Design mit mehreren Perforationen bietet flexible Befestigungsm\u00f6glichkeiten f\u00fcr mittig und seitlich befestigte Schl\u00fcsselbandclips oder Ausweishalter.<\/p>\n<p>Als Massenware ist der Ausweishalter \u201cSkoll\u201d (Ref.: 20639) die ideale Wahl f\u00fcr Eventmanager und Eink\u00e4ufer, die eine zuverl\u00e4ssige, kosteng\u00fcnstige und schnell einsetzbare L\u00f6sung f\u00fcr den Ausweisbedarf im gro\u00dfen Ma\u00dfstab ben\u00f6tigen.<\/p>\n<p><b>Hauptmerkmale:<\/b><\/p>\n<ul>\n<li><b>Orientierung:<\/b> Vertikal<\/li>\n<li><b>Material:<\/b> Klares, langlebiges PVC<\/li>\n<li><b>Design:<\/b> Verst\u00e4rkte Oberseite f\u00fcr verbesserte Haltbarkeit<\/li>\n<li><b>Kompatibilit\u00e4t:<\/b> Mehrfach perforiert f\u00fcr zentrale und seitliche Lanyard-Befestigungen<\/li>\n<li><b>Verwenden:<\/b> Ideal f\u00fcr Firmenausweise, Veranstaltungsp\u00e4sse und Zugangskarten<\/li>\n<\/ul>","protected":false},"excerpt":{"rendered":"<ul>\n<li>Robuste, durchsichtige PVC-Konstruktion f\u00fcr stark frequentierte Veranstaltungen.<\/li>\n<li>Verst\u00e4rkte Oberkante verhindert Rei\u00dfen und Verlust des Ausweises.<\/li>\n<li>Vielseitige Schlitze passen f\u00fcr alle Standard-Schl\u00fcsselbandclips und Ausweishalter.<\/li>\n<li>Eine kosteng\u00fcnstige L\u00f6sung f\u00fcr die gro\u00df angelegte Unternehmens- und Event-ID.<\/li>\n<\/ul>","protected":false},"featured_media":5253,"comment_status":"closed","ping_status":"closed","template":"","meta":[],"product_brand":[],"product_cat":[91],"product_tag":[],"class_list":{"0":"post-5252","1":"product","2":"type-product","3":"status-publish","4":"has-post-thumbnail","6":"product_cat-badge-holders","8":"first","9":"instock","10":"shipping-taxable","11":"purchasable","12":"product-type-simple"},"_links":{"self":[{"href":"https:\/\/wristbandfactory.eu\/de\/wp-json\/wp\/v2\/product\/5252","targetHints":{"allow":["GET"]}}],"collection":[{"href":"https:\/\/wristbandfactory.eu\/de\/wp-json\/wp\/v2\/product"}],"about":[{"href":"https:\/\/wristbandfactory.eu\/de\/wp-json\/wp\/v2\/types\/product"}],"replies":[{"embeddable":true,"href":"https:\/\/wristbandfactory.eu\/de\/wp-json\/wp\/v2\/comments?post=5252"}],"wp:featuredmedia":[{"embeddable":true,"href":"https:\/\/wristbandfactory.eu\/de\/wp-json\/wp\/v2\/media\/5253"}],"wp:attachment":[{"href":"https:\/\/wristbandfactory.eu\/de\/wp-json\/wp\/v2\/media?parent=5252"}],"wp:term":[{"taxonomy":"product_brand","embeddable":true,"href":"https:\/\/wristbandfactory.eu\/de\/wp-json\/wp\/v2\/product_brand?post=5252"},{"taxonomy":"product_cat","embeddable":true,"href":"https:\/\/wristbandfactory.eu\/de\/wp-json\/wp\/v2\/product_cat?post=5252"},{"taxonomy":"product_tag","embeddable":true,"href":"https:\/\/wristbandfactory.eu\/de\/wp-json\/wp\/v2\/product_tag?post=5252"}],"curies":[{"name":"wp","href":"https:\/\/api.w.org\/{rel}","templated":true}]}}