{"id":5247,"date":"2025-10-22T14:14:30","date_gmt":"2025-10-22T11:14:30","guid":{"rendered":"https:\/\/wristbandfactory.eu\/?post_type=product&#038;p=5247"},"modified":"2025-12-29T17:54:49","modified_gmt":"2025-12-29T14:54:49","slug":"elastic-fabric-wristbands","status":"publish","type":"product","link":"https:\/\/wristbandfactory.eu\/de\/p\/elastic-fabric-wristbands\/","title":{"rendered":"Elastische Stoffarmb\u00e4nder"},"content":{"rendered":"<p data-path-to-node=\"8\">Bieten Sie Ihren Teilnehmern h\u00f6chsten Komfort mit unseren elastischen Stoffarmb\u00e4ndern. Hergestellt aus hochwertigem, weichem und dehnbarem Material, lassen sie sich unbedruckt \u00fcber die Hand und das Handgelenk ziehen \u2013 ganz ohne Plastikverschluss.<\/p>\n<p data-path-to-node=\"9\">Dieses \u201cEinheitsgr\u00f6\u00dfen-Design\u201d verunbedrucktt Ihren Bestell- und Vertriebsprozess und macht sie zur perfekten, problemlosen L\u00f6sung f\u00fcr Firmenaktionen, Merchandising-Artikel und mehrt\u00e4gige Veranstaltungen, bei denen Komfort im Vordergrund steht.<\/p>\n<h3>Individuelles Branding in Vollfarbe<\/h3>\n<p data-path-to-node=\"11\">Das gesamte Armband ist wie eine leere Leinwand. Wir verwenden hochaufl\u00f6senden, randlosen Sublimationsdruck, um sicherzustellen, dass Ihr Branding brillant, detailreich und nahtlos in den weichen Stoff integriert ist.<\/p>\n<h3>Optionales Smart Label (QR &amp; NFC)<\/h3>\n<p data-path-to-node=\"13\">F\u00fcr zus\u00e4tzliche Funktionalit\u00e4t lassen sich diese elastischen Armb\u00e4nder mit einem individuell bedruckten Etikett versehen. Dieses Etikett eignet sich ideal zum Hinzuf\u00fcgen eines eindeutigen QR-Codes oder Barcodes f\u00fcr den Zugang oder sogar zur Integration eines NFC-Tags. So wird aus einem komfortablen Armband ein leistungsstarkes Smart-Tool f\u00fcr bargeldloses Bezahlen oder digitale Interaktion.<\/p>\n<h3 data-path-to-node=\"14\">Hauptmerkmale:<\/h3>\n<ul data-path-to-node=\"15\">\n<li>\n<p data-path-to-node=\"15,0,0\"><b>Material:<\/b> Hochwertiger, weicher, elastischer Stretchstoff.<\/p>\n<\/li>\n<li>\n<p data-path-to-node=\"15,1,0\"><b>Fit:<\/b> Einheitsgr\u00f6\u00dfe, dehnbar f\u00fcr die Passform.<\/p>\n<\/li>\n<li>\n<p data-path-to-node=\"15,2,0\"><b>Schlie\u00dfung:<\/b> Kein Verschluss erforderlich; bequemes Schlupfdesign.<\/p>\n<\/li>\n<li>\n<p data-path-to-node=\"15,3,0\"><b>Drucken:<\/b> Vollfarbiger, hochaufl\u00f6sender Sublimationsdruck (randlos).<\/p>\n<\/li>\n<li>\n<p data-path-to-node=\"15,4,0\"><b>Smart-Tech-Option:<\/b> Kann mit einem individuellen Etikett f\u00fcr QR-Codes oder NFC-Tags ausgestattet werden.<\/p>\n<\/li>\n<li>\n<p data-path-to-node=\"15,5,0\"><b>Ideal f\u00fcr:<\/b> Aktionen, Merchandise, Festivals und komfortable Mehrtagesnutzung.<\/p>\n<\/li>\n<\/ul>","protected":false},"excerpt":{"rendered":"<ul>\n<li>\n<p data-path-to-node=\"7,0,0\"><b>Ultimativer Komfort:<\/b> Hergestellt aus einem weichen, dehnbaren Einheitsgr\u00f6\u00dfenstoff.<\/p>\n<\/li>\n<li>\n<p data-path-to-node=\"7,1,0\"><b>Kein Schloss erforderlich:<\/b> L\u00e4sst sich unbedruckt anziehen, ganz ohne Kunststoffverschluss.<\/p>\n<\/li>\n<li>\n<p data-path-to-node=\"7,2,0\"><b>Lebendiges Branding:<\/b> Vollst\u00e4ndig individualisierbar mit randlosem, vollfarbigem Sublimationsdruck.<\/p>\n<\/li>\n<li>\n<p data-path-to-node=\"7,3,0\"><b>Intelligente Option:<\/b> Kann mit einem individuellen Etikett f\u00fcr QR-Codes, Barcodes oder NFC-Tags ausgestattet werden.<\/p>\n<\/li>\n<\/ul>","protected":false},"featured_media":6382,"comment_status":"closed","ping_status":"closed","template":"","meta":[],"product_brand":[],"product_cat":[47],"product_tag":[],"class_list":{"0":"post-5247","1":"product","2":"type-product","3":"status-publish","4":"has-post-thumbnail","6":"product_cat-fabric-wristbands","8":"first","9":"instock","10":"shipping-taxable","11":"purchasable","12":"product-type-simple"},"_links":{"self":[{"href":"https:\/\/wristbandfactory.eu\/de\/wp-json\/wp\/v2\/product\/5247","targetHints":{"allow":["GET"]}}],"collection":[{"href":"https:\/\/wristbandfactory.eu\/de\/wp-json\/wp\/v2\/product"}],"about":[{"href":"https:\/\/wristbandfactory.eu\/de\/wp-json\/wp\/v2\/types\/product"}],"replies":[{"embeddable":true,"href":"https:\/\/wristbandfactory.eu\/de\/wp-json\/wp\/v2\/comments?post=5247"}],"wp:featuredmedia":[{"embeddable":true,"href":"https:\/\/wristbandfactory.eu\/de\/wp-json\/wp\/v2\/media\/6382"}],"wp:attachment":[{"href":"https:\/\/wristbandfactory.eu\/de\/wp-json\/wp\/v2\/media?parent=5247"}],"wp:term":[{"taxonomy":"product_brand","embeddable":true,"href":"https:\/\/wristbandfactory.eu\/de\/wp-json\/wp\/v2\/product_brand?post=5247"},{"taxonomy":"product_cat","embeddable":true,"href":"https:\/\/wristbandfactory.eu\/de\/wp-json\/wp\/v2\/product_cat?post=5247"},{"taxonomy":"product_tag","embeddable":true,"href":"https:\/\/wristbandfactory.eu\/de\/wp-json\/wp\/v2\/product_tag?post=5247"}],"curies":[{"name":"wp","href":"https:\/\/api.w.org\/{rel}","templated":true}]}}