{"id":5224,"date":"2025-10-21T12:20:54","date_gmt":"2025-10-21T09:20:54","guid":{"rendered":"https:\/\/wristbandfactory.eu\/?post_type=product&#038;p=5224"},"modified":"2025-12-16T15:50:00","modified_gmt":"2025-12-16T12:50:00","slug":"tricolor-silicone-wristbands","status":"publish","type":"product","link":"https:\/\/wristbandfactory.eu\/de\/p\/tricolor-silicone-wristbands\/","title":{"rendered":"Dreifarbige Silikonarmb\u00e4nder"},"content":{"rendered":"<p>Steigern Sie die Sichtbarkeit Ihrer Marke mit unseren individuell gestaltbaren dreifarbigen Silikonarmb\u00e4ndern. Diese Armb\u00e4nder bestehen aus drei separaten Farbsegmenten, die zu einem nahtlosen Armband verschmolzen sind und so einen markanten, kontrastreichen Look bieten, der mit einfarbigen Armb\u00e4ndern nicht zu erreichen ist.<\/p>\n<p>Diese segmentierten Armb\u00e4nder sind ein leistungsstarkes Tool f\u00fcr Eventorganisatoren, Marketingmanager und Organisationen. Nutzen Sie sie, um Ihre Markenfarben zu repr\u00e4sentieren, ein Anliegen zu unterst\u00fctzen oder ein bestimmtes Eventthema zu unterstreichen. Wir fertigen jedes Band aus hochwertigem, antiallergischem 100%-Silikon f\u00fcr dauerhaften Komfort und Haltbarkeit.<\/p>\n<p>Ihr Logo oder Ihre Botschaft wird pr\u00e4zise in das Band eingepr\u00e4gt (vertieft) und anschlie\u00dfend mit einer kontrastierenden Pantone-Farbe ausgef\u00fcllt. Diese Einlegemethode sch\u00fctzt Ihr Design vor Abnutzung und garantiert eine lang anhaltende Markenpr\u00e4senz. Wir k\u00f6nnen diese Armb\u00e4nder in jeder Gr\u00f6\u00dfe herstellen, einschlie\u00dflich Standardgr\u00f6\u00dfen f\u00fcr Erwachsene (202 mm), Jugendliche oder kleinere Kindergr\u00f6\u00dfen, um genau auf Ihre Zielgruppe zu passen.<\/p>\n<blockquote><p><b>Produktionshinweis:<\/b> Diese Armb\u00e4nder werden durch das Zusammenf\u00fcgen verschiedenfarbiger Silikonabschnitte hergestellt. Aufgrund dieses Formprozesses kann die Grenzlinie zwischen den Farben nicht perfekt gerade sein und es kommt zu einer nat\u00fcrlichen Farbmischung oder -vermischung.<\/p><\/blockquote>\n<p><b>Hauptmerkmale:<\/b><\/p>\n<ul>\n<li><b>Wirkungsvolles dreifarbiges Design:<\/b> Es vereint drei unterschiedliche Farbsegmente zu einem markanten Markenstatement.<\/li>\n<li><b>Langlebiges Logo-Inlay:<\/b> Ihr Design ist vertieft und mit einer einfarbigen Einlage gef\u00fcllt, sodass es nicht verblasst oder sich abnutzt.<\/li>\n<li><b>Vollst\u00e4ndige Pantone-\u00dcbereinstimmung:<\/b> Passen Sie alle drei Segmente und die Logof\u00fcllung exakt an Ihre Pantone-Markenfarben an.<\/li>\n<li><b>100% Hochwertiges Silikon:<\/b> Hergestellt aus strapazierf\u00e4higem, flexiblem, hypoallergenem Silikon (<span class=\"math-inline\" data-math=\"100\\\\%\">$100\\\\%$<\/span> flexibles, strapazierf\u00e4higes Silikon) f\u00fcr langanhaltenden Komfort.<\/li>\n<li><b>Vielseitige Gr\u00f6\u00dfenm\u00f6glichkeiten:<\/b> Erh\u00e4ltlich in Standardgr\u00f6\u00dfe f\u00fcr Erwachsene (202 * 12 <span class=\"math-inline\" data-math=\"\\times\">*<\/span>\u00a02 mm), Jugendgr\u00f6\u00dfen und individuelle Kindergr\u00f6\u00dfen.<\/li>\n<\/ul>","protected":false},"excerpt":{"rendered":"<ul>\n<li>Verf\u00fcgt \u00fcber drei unterschiedliche, ausdrucksstarke Farbsegmente f\u00fcr einen markanten Look.<\/li>\n<li>Langlebiges, vertieftes Logo mit einfarbiger F\u00fcllung, die sich nicht abnutzt.<\/li>\n<li>Vollst\u00e4ndig anpassbar mit den Pantone-Farben Ihrer Organisation.<\/li>\n<li>Erh\u00e4ltlich in Erwachsenen-, Jugend- und Kindergr\u00f6\u00dfen, passend f\u00fcr jedes Publikum.<\/li>\n<li><\/li>\n<\/ul>","protected":false},"featured_media":5974,"comment_status":"closed","ping_status":"closed","template":"","meta":[],"product_brand":[],"product_cat":[49],"product_tag":[],"class_list":{"0":"post-5224","1":"product","2":"type-product","3":"status-publish","4":"has-post-thumbnail","6":"product_cat-silicone","8":"first","9":"instock","10":"shipping-taxable","11":"purchasable","12":"product-type-simple"},"_links":{"self":[{"href":"https:\/\/wristbandfactory.eu\/de\/wp-json\/wp\/v2\/product\/5224","targetHints":{"allow":["GET"]}}],"collection":[{"href":"https:\/\/wristbandfactory.eu\/de\/wp-json\/wp\/v2\/product"}],"about":[{"href":"https:\/\/wristbandfactory.eu\/de\/wp-json\/wp\/v2\/types\/product"}],"replies":[{"embeddable":true,"href":"https:\/\/wristbandfactory.eu\/de\/wp-json\/wp\/v2\/comments?post=5224"}],"wp:featuredmedia":[{"embeddable":true,"href":"https:\/\/wristbandfactory.eu\/de\/wp-json\/wp\/v2\/media\/5974"}],"wp:attachment":[{"href":"https:\/\/wristbandfactory.eu\/de\/wp-json\/wp\/v2\/media?parent=5224"}],"wp:term":[{"taxonomy":"product_brand","embeddable":true,"href":"https:\/\/wristbandfactory.eu\/de\/wp-json\/wp\/v2\/product_brand?post=5224"},{"taxonomy":"product_cat","embeddable":true,"href":"https:\/\/wristbandfactory.eu\/de\/wp-json\/wp\/v2\/product_cat?post=5224"},{"taxonomy":"product_tag","embeddable":true,"href":"https:\/\/wristbandfactory.eu\/de\/wp-json\/wp\/v2\/product_tag?post=5224"}],"curies":[{"name":"wp","href":"https:\/\/api.w.org\/{rel}","templated":true}]}}