{"id":5218,"date":"2025-10-21T11:56:09","date_gmt":"2025-10-21T08:56:09","guid":{"rendered":"https:\/\/wristbandfactory.eu\/?post_type=product&#038;p=5218"},"modified":"2026-01-03T00:07:26","modified_gmt":"2026-01-02T21:07:26","slug":"remote-control-led-wristbands","status":"publish","type":"product","link":"https:\/\/wristbandfactory.eu\/de\/p\/remote-control-led-wristbands\/","title":{"rendered":"Kundenspezifische, ferngesteuerte LED-Armb\u00e4nder (RF &amp; DMX)"},"content":{"rendered":"<p data-path-to-node=\"9\">Verwandeln Sie Ihr Konzert, Festival oder Firmenevent in eine unvergessliche Lichtshow. Mit unseren ferngesteuerten LED-Armb\u00e4ndern k\u00f6nnen Sie jeden Gast mit Ihrer Musik und Ihrem Programm synchronisieren und so ein beeindruckendes, einheitliches visuelles Erlebnis schaffen, das die Zuschauer begeistert.<\/p>\n<p data-path-to-node=\"10\">Hier finden Sie alle unsere ferngesteuerten Armbandmodelle aus Silikon und Kunststoff. Wir haben unsere verschiedenen Modelle hier zusammengefasst, damit Sie die perfekte L\u00f6sung f\u00fcr die technischen Anforderungen und das Budget Ihrer Veranstaltung finden.<\/p>\n<p data-path-to-node=\"11\">Alle Modelle sind mit einer Zentraleinheit kompatibel. <strong><a href=\"https:\/\/wristbandfactory.eu\/de\/p\/remote-dmx-controllers-for-led-wristbands\/\">Fernbedienung &amp; DMX-Controller<\/a><\/strong> das separat in unserem Sortiment verkauft wird <strong><a href=\"https:\/\/wristbandfactory.eu\/de\/c\/event-supplies\/\">Veranstaltungsbedarf<\/a><\/strong> Kategorie. Mit diesem Controller kann ein einzelner Bediener die LED-Farben und Blinkmuster aller Armb\u00e4nder im Veranstaltungsort gleichzeitig \u00e4ndern.<\/p>\n<h3>W\u00e4hlen Sie Ihr ferngesteuertes Modell<\/h3>\n<p data-path-to-node=\"13\">W\u00e4hlen Sie das spezifische Modell anhand der Anforderungen Ihrer Veranstaltung hinsichtlich Helligkeit, Akkulaufzeit, Design oder Nachhaltigkeit aus:<\/p>\n<h4>1. Die \u201chelle\u201d (11-LED \/ AAA-betriebene)<\/h4>\n<p><img fetchpriority=\"high\" decoding=\"async\" class=\"alignnone wp-image-5543\" src=\"https:\/\/wristbandfactory.eu\/wp-content\/uploads\/2025\/10\/the-bright.jpg\" alt=\"\" width=\"300\" height=\"300\" srcset=\"https:\/\/wristbandfactory.eu\/wp-content\/uploads\/2025\/10\/the-bright.jpg 1080w, https:\/\/wristbandfactory.eu\/wp-content\/uploads\/2025\/10\/the-bright-768x768.jpg 768w, https:\/\/wristbandfactory.eu\/wp-content\/uploads\/2025\/10\/the-bright-12x12.jpg 12w, https:\/\/wristbandfactory.eu\/wp-content\/uploads\/2025\/10\/the-bright-300x300.jpg 300w, https:\/\/wristbandfactory.eu\/wp-content\/uploads\/2025\/10\/the-bright-600x600.jpg 600w, https:\/\/wristbandfactory.eu\/wp-content\/uploads\/2025\/10\/the-bright-100x100.jpg 100w, https:\/\/wristbandfactory.eu\/wp-content\/uploads\/2025\/10\/the-bright-64x64.jpg 64w\" sizes=\"(max-width: 300px) 100vw, 300px\" \/><\/p>\n<p data-path-to-node=\"17\">Unser leistungsst\u00e4rkstes Modell verf\u00fcgt \u00fcber 11 einzelne LEDs f\u00fcr maximale visuelle Wirkung in Stadien. Es wird mit zwei handels\u00fcblichen, austauschbaren AAA-Batterien betrieben und bietet eine Laufzeit von bis zu 12 Stunden.<\/p>\n<ul data-path-to-node=\"18\">\n<li>\n<p data-path-to-node=\"18,0,0\"><b data-path-to-node=\"18,0,0\" data-index-in-node=\"0\">Am besten geeignet f\u00fcr:<\/b> Gro\u00df angelegte Stadiontourneen und Open-Air-Festivals.<\/p>\n<\/li>\n<\/ul>\n<h4>2. Der \u201cumweltfreundliche\u201d Standard<\/h4>\n<p><img decoding=\"async\" class=\"alignnone wp-image-5544\" src=\"https:\/\/wristbandfactory.eu\/wp-content\/uploads\/2025\/10\/eco-friendly.jpg\" alt=\"\" width=\"300\" height=\"300\" \/><\/p>\n<p data-path-to-node=\"19\"><span data-path-to-node=\"20,2\"><span class=\"citation-377\">Dieses Modell ist unsere beliebteste und vielseitigste L\u00f6sung und besteht aus komfortablem ABS und Silikon. <\/span><\/span><span data-path-to-node=\"20,4\"> Es zeichnet sich durch eine robuste Batterielaufzeit von 12 Stunden (CR2032) und 15 Farboptionen aus.<\/span><\/p>\n<ul data-path-to-node=\"20\">\n<li>\n<p data-path-to-node=\"20,0,0\"><b>Am besten geeignet f\u00fcr:<\/b> Marken und Veranstaltungen mit Fokus auf Nachhaltigkeit und Zuverl\u00e4ssigkeit.<\/p>\n<\/li>\n<\/ul>\n<h4>3. Die \u201cSkulptur\u201d (3D-Design)<\/h4>\n<p><img decoding=\"async\" class=\"alignnone wp-image-5545\" src=\"https:\/\/wristbandfactory.eu\/wp-content\/uploads\/2025\/10\/sculpted-1.jpg\" alt=\"\" width=\"300\" height=\"300\" srcset=\"https:\/\/wristbandfactory.eu\/wp-content\/uploads\/2025\/10\/sculpted-1.jpg 500w, https:\/\/wristbandfactory.eu\/wp-content\/uploads\/2025\/10\/sculpted-1-12x12.jpg 12w, https:\/\/wristbandfactory.eu\/wp-content\/uploads\/2025\/10\/sculpted-1-300x300.jpg 300w, https:\/\/wristbandfactory.eu\/wp-content\/uploads\/2025\/10\/sculpted-1-100x100.jpg 100w, https:\/\/wristbandfactory.eu\/wp-content\/uploads\/2025\/10\/sculpted-1-64x64.jpg 64w\" sizes=\"(max-width: 300px) 100vw, 300px\" \/><\/p>\n<p data-path-to-node=\"21\">Setzen Sie ein klares Designstatement. Dieses Modell zeichnet sich durch ein einzigartiges Design aus., <b>geometrisch 3D-geformte Oberseite<\/b> (Erh\u00e4ltlich mit 2 oder 4 LEDs). Es handelt sich um ein hochwertiges, tragbares Accessoire, das sich von anderen abhebt.<\/p>\n<ul data-path-to-node=\"22\">\n<li>\n<p data-path-to-node=\"22,0,0\"><b>Am besten geeignet f\u00fcr:<\/b> VIP-Bereiche, Produkteinf\u00fchrungen und hochkar\u00e4tige Modeveranstaltungen.<\/p>\n<\/li>\n<\/ul>\n<h4>4. Das \u201cLeichtgewicht\u201d (20 g)<\/h4>\n<p><img loading=\"lazy\" decoding=\"async\" class=\"alignnone wp-image-5546\" src=\"https:\/\/wristbandfactory.eu\/wp-content\/uploads\/2025\/10\/lightweight.jpg\" alt=\"\" width=\"300\" height=\"300\" srcset=\"https:\/\/wristbandfactory.eu\/wp-content\/uploads\/2025\/10\/lightweight.jpg 500w, https:\/\/wristbandfactory.eu\/wp-content\/uploads\/2025\/10\/lightweight-12x12.jpg 12w, https:\/\/wristbandfactory.eu\/wp-content\/uploads\/2025\/10\/lightweight-300x300.jpg 300w, https:\/\/wristbandfactory.eu\/wp-content\/uploads\/2025\/10\/lightweight-100x100.jpg 100w, https:\/\/wristbandfactory.eu\/wp-content\/uploads\/2025\/10\/lightweight-64x64.jpg 64w\" sizes=\"(max-width: 300px) 100vw, 300px\" \/><\/p>\n<p data-path-to-node=\"24\">Dieses Modell wurde f\u00fcr maximalen Komfort entwickelt und wiegt <b>nur 20 Gramm<\/b>, So k\u00f6nnen die Teilnehmer die Lampe die ganze Nacht tragen. Sie ist in 15 Farben erh\u00e4ltlich und hat eine Laufzeit von 12 Stunden (CR2032-Batterien).<\/p>\n<ul data-path-to-node=\"25\">\n<li>\n<p data-path-to-node=\"25,0,0\"><b>Am besten geeignet f\u00fcr:<\/b> Konferenzen, Firmenfeiern und Veranstaltungen, bei denen Komfort im Vordergrund steht.<\/p>\n<\/li>\n<\/ul>\n<h4>5. Die \u201cUhr\u201d (Ereignis-Uhr)<\/h4>\n<p><img loading=\"lazy\" decoding=\"async\" class=\"alignnone wp-image-5548 size-full\" src=\"https:\/\/wristbandfactory.eu\/wp-content\/uploads\/2025\/10\/watch-e1763320779944.jpg\" alt=\"\" width=\"480\" height=\"288\" srcset=\"https:\/\/wristbandfactory.eu\/wp-content\/uploads\/2025\/10\/watch-e1763320779944.jpg 480w, https:\/\/wristbandfactory.eu\/wp-content\/uploads\/2025\/10\/watch-e1763320779944-18x12.jpg 18w, https:\/\/wristbandfactory.eu\/wp-content\/uploads\/2025\/10\/watch-e1763320779944-64x38.jpg 64w\" sizes=\"(max-width: 480px) 100vw, 480px\" \/><\/p>\n<p data-path-to-node=\"27\">Dieses Modell verf\u00fcgt \u00fcber ein <b>Uhrenstil<\/b> Design mit einer gro\u00dfen, flachen Oberfl\u00e4che, die eine hervorragende, gut sichtbare Fl\u00e4che f\u00fcr Ihr individuelles Logo bietet.<\/p>\n<ul data-path-to-node=\"28\">\n<li>\n<p data-path-to-node=\"28,0,0\"><b>Am besten geeignet f\u00fcr:<\/b> Firmenveranstaltungen und Sponsorenbranding.<\/p>\n<\/li>\n<\/ul>\n<h2 data-path-to-node=\"31\">Technische Daten<\/h2>\n<ul data-path-to-node=\"32\">\n<li>\n<p data-path-to-node=\"32,0,1\"><span data-path-to-node=\"32,0,1,0\"><b data-path-to-node=\"32,0,1,0\" data-index-in-node=\"0\"><span class=\"citation-374\">Steuerungstechnik:<\/span><\/b><span class=\"citation-374\"> RF (Radiofrequenz) und DMX512. <\/span><\/span><\/p>\n<\/li>\n<li>\n<p data-path-to-node=\"32,1,1\"><span data-path-to-node=\"32,1,1,0\"><b data-path-to-node=\"32,1,1,0\" data-index-in-node=\"0\"><span class=\"citation-373\">Materialien:<\/span><\/b><span class=\"citation-373\"> Silikon, ABS, PVC. <\/span><\/span><\/p>\n<\/li>\n<li>\n<p data-path-to-node=\"32,2,0\"><b data-path-to-node=\"32,2,0\" data-index-in-node=\"0\">Akkulaufzeit:<\/b> 6 bis 12 Stunden, je nach Modell.<\/p>\n<\/li>\n<li>\n<p data-path-to-node=\"32,3,1\"><span data-path-to-node=\"32,3,1,0\"><b data-path-to-node=\"32,3,1,0\" data-index-in-node=\"0\"><span class=\"citation-372\">Markenbildung:<\/span><\/b><span class=\"citation-372\"> Individueller einfarbiger oder mehrfarbiger Logodruck. <\/span><\/span><\/p>\n<\/li>\n<li>\n<p data-path-to-node=\"32,4,0\"><b data-path-to-node=\"32,4,0\" data-index-in-node=\"0\">Mindestbestellmenge:<\/b> 100 Einheiten.<\/p>\n<\/li>\n<\/ul>\n<h3><strong><a href=\"https:\/\/wristbandfactory.eu\/de\/p\/remote-dmx-controllers-for-led-wristbands\/\">Fernbedienung &amp; DMX-Controller<\/a><\/strong><\/h3>\n<p><img loading=\"lazy\" decoding=\"async\" class=\"\" src=\"https:\/\/wristbandfactory.eu\/wp-content\/uploads\/2025\/10\/controller-2-scaled.jpeg\" width=\"365\" height=\"365\" \/><\/p>","protected":false},"excerpt":{"rendered":"<ul>\n<li>\n<p data-path-to-node=\"9,0,0\"><b data-path-to-node=\"9,0,0\" data-index-in-node=\"0\">Zentralisierte Synchronisierung:<\/b> Vollst\u00e4ndig kompatibel mit RF- und DMX-Controllern f\u00fcr immersive, fl\u00e4chendeckende Lichtshows.<\/p>\n<\/li>\n<li>\n<p data-path-to-node=\"9,1,0\"><b data-path-to-node=\"9,1,0\" data-index-in-node=\"0\">Vielf\u00e4ltige Modellpalette:<\/b> W\u00e4hlen Sie aus 11 verschiedenen Modellen, darunter ultraleichte, hochhelle AAA- und 3D-geformte Designs.<\/p>\n<\/li>\n<li>\n<p data-path-to-node=\"9,2,1\"><span data-path-to-node=\"9,2,1,0\"><b data-path-to-node=\"9,2,1,0\" data-index-in-node=\"0\"><span class=\"citation-351\">B2B-Branding:<\/span><\/b><span class=\"citation-351\"> Hochwertiger, individueller Logodruck ist auf allen Modellen verf\u00fcgbar, um maximale Sponsorenpr\u00e4senz zu gew\u00e4hrleisten. <\/span><\/span><\/p>\n<\/li>\n<li>\n<p data-path-to-node=\"9,3,0\"><b data-path-to-node=\"9,3,0\" data-index-in-node=\"0\">Fernsteuerung:<\/b> Zuverl\u00e4ssige Signalabdeckung bis zu 300-500 Meter f\u00fcr Veranstaltungen in Stadiongr\u00f6\u00dfe.<\/p>\n<\/li>\n<\/ul>","protected":false},"featured_media":5031,"comment_status":"closed","ping_status":"closed","template":"","meta":[],"product_brand":[],"product_cat":[80],"product_tag":[],"class_list":{"0":"post-5218","1":"product","2":"type-product","3":"status-publish","4":"has-post-thumbnail","6":"product_cat-led-wristbands","8":"first","9":"instock","10":"shipping-taxable","11":"purchasable","12":"product-type-simple"},"_links":{"self":[{"href":"https:\/\/wristbandfactory.eu\/de\/wp-json\/wp\/v2\/product\/5218","targetHints":{"allow":["GET"]}}],"collection":[{"href":"https:\/\/wristbandfactory.eu\/de\/wp-json\/wp\/v2\/product"}],"about":[{"href":"https:\/\/wristbandfactory.eu\/de\/wp-json\/wp\/v2\/types\/product"}],"replies":[{"embeddable":true,"href":"https:\/\/wristbandfactory.eu\/de\/wp-json\/wp\/v2\/comments?post=5218"}],"wp:featuredmedia":[{"embeddable":true,"href":"https:\/\/wristbandfactory.eu\/de\/wp-json\/wp\/v2\/media\/5031"}],"wp:attachment":[{"href":"https:\/\/wristbandfactory.eu\/de\/wp-json\/wp\/v2\/media?parent=5218"}],"wp:term":[{"taxonomy":"product_brand","embeddable":true,"href":"https:\/\/wristbandfactory.eu\/de\/wp-json\/wp\/v2\/product_brand?post=5218"},{"taxonomy":"product_cat","embeddable":true,"href":"https:\/\/wristbandfactory.eu\/de\/wp-json\/wp\/v2\/product_cat?post=5218"},{"taxonomy":"product_tag","embeddable":true,"href":"https:\/\/wristbandfactory.eu\/de\/wp-json\/wp\/v2\/product_tag?post=5218"}],"curies":[{"name":"wp","href":"https:\/\/api.w.org\/{rel}","templated":true}]}}