{"id":5209,"date":"2025-10-20T23:33:45","date_gmt":"2025-10-20T20:33:45","guid":{"rendered":"https:\/\/wristbandfactory.eu\/?post_type=product&#038;p=5209"},"modified":"2025-12-30T23:06:12","modified_gmt":"2025-12-30T20:06:12","slug":"printed-cup-holder-clip","status":"publish","type":"product","link":"https:\/\/wristbandfactory.eu\/de\/p\/printed-cup-holder-clip\/","title":{"rendered":"Bedruckter Becherhalter-Clip"},"content":{"rendered":"<p data-path-to-node=\"12\">Verbessern Sie das Erlebnis der Teilnehmer Ihres n\u00e4chsten Festivals oder Ihrer n\u00e4chsten Konferenz mit unseren praktischen L\u00f6sungen. <b data-path-to-node=\"12\" data-index-in-node=\"112\">Bedruckter Getr\u00e4nkehalter-Clip<\/b>. Dieses clevere Accessoire l\u00f6st ein h\u00e4ufiges Problem bei Veranstaltungen: den ganzen Tag einen wiederverwendbaren Becher festzuhalten. Indem Sie Ihren G\u00e4sten erm\u00f6glichen, ihren leeren Getr\u00e4nkebeh\u00e4lter sicher an einem Lanyard oder einer G\u00fcrtelschlaufe zu befestigen, haben Sie ihre H\u00e4nde frei zum Netzwerken, Tanzen oder Anfeuern.<\/p>\n<p data-path-to-node=\"13\"><span data-path-to-node=\"13,1\"><span class=\"citation-56\">Entwickelt f\u00fcr die nahtlose Zusammenarbeit mit unserem <\/span><b data-path-to-node=\"13,1\" data-index-in-node=\"37\"><span class=\"citation-56\">Schl\u00fcsselb\u00e4nder<\/span><\/b> <\/span><span data-path-to-node=\"13,4\"><span class=\"citation-55\">Und <\/span><b data-path-to-node=\"13,4\" data-index-in-node=\"4\"><span class=\"citation-55\">Festivalbecher bedrucken<\/span><\/b><\/span><span data-path-to-node=\"13,6\">, Dieser Clip ist eine unverzichtbare Erg\u00e4nzung f\u00fcr jede umweltfreundliche Veranstaltungsstrategie. Er f\u00f6rdert die Wiederverwendung von Bechern, indem er sie leicht zu transportieren macht und so die Wahrscheinlichkeit verringert, dass sie weggeworfen werden oder verloren gehen.<\/span><\/p>\n<h2 data-path-to-node=\"14\">Hauptmerkmale<\/h2>\n<ul data-path-to-node=\"15\">\n<li>\n<p data-path-to-node=\"15,0,0\"><b data-path-to-node=\"15,0,0\" data-index-in-node=\"0\">Sicherer Halt:<\/b> Der Clipmechanismus greift fest in den Rand von handels\u00fcblichen wiederverwendbaren Plastikbechern (PP) und Trinkbechern und sorgt so daf\u00fcr, dass der Becher beim Gehen an Ort und Stelle bleibt.<\/p>\n<\/li>\n<li>\n<p data-path-to-node=\"15,1,0\"><b data-path-to-node=\"15,1,0\" data-index-in-node=\"0\">Gut sichtbares Branding:<\/b> Trotz seiner kompakten Gr\u00f6\u00dfe verf\u00fcgt der Clip \u00fcber eine auff\u00e4llige, flache Fl\u00e4che, die speziell f\u00fcr den Aufdruck Ihres Logos entwickelt wurde und Ihre Marke bei jedem Schluck ins Rampenlicht r\u00fcckt.<\/p>\n<\/li>\n<li>\n<p data-path-to-node=\"15,2,0\"><b data-path-to-node=\"15,2,0\" data-index-in-node=\"0\">Farbabstimmung:<\/b> Hergestellt aus robustem ABS-Kunststoff, erh\u00e4ltlich in einer breiten Farbpalette, passend zu Ihrer Markenidentit\u00e4t oder Ihrem Veranstaltungsthema.<\/p>\n<\/li>\n<li>\n<p data-path-to-node=\"15,3,0\"><b data-path-to-node=\"15,3,0\" data-index-in-node=\"0\">Leichtbauweise:<\/b> Mit einem Gewicht von nur 3 Gramm tr\u00e4gt es nicht im Geringsten zum Lanyard-Setup des Teilnehmers bei.<\/p>\n<\/li>\n<\/ul>\n<h2 data-path-to-node=\"16\">Technische Daten<\/h2>\n<ul data-path-to-node=\"17\">\n<li>\n<p data-path-to-node=\"17,0,0\"><b data-path-to-node=\"17,0,0\" data-index-in-node=\"0\">Material:<\/b> Widerstandsf\u00e4higer ABS-Kunststoff.<\/p>\n<\/li>\n<li>\n<p data-path-to-node=\"17,1,0\"><b data-path-to-node=\"17,1,0\" data-index-in-node=\"0\">Abmessungen:<\/b> 1,6 x 2,2 x 2,2 cm.<\/p>\n<\/li>\n<li>\n<p data-path-to-node=\"17,2,0\"><b data-path-to-node=\"17,2,0\" data-index-in-node=\"0\">Gewicht:<\/b> 3 g.<\/p>\n<\/li>\n<li>\n<p data-path-to-node=\"17,3,0\"><b data-path-to-node=\"17,3,0\" data-index-in-node=\"0\">Kompatibilit\u00e4t:<\/b> Passend f\u00fcr handels\u00fcbliche, wiederverwendbare Festivalbecher und -gl\u00e4ser.<\/p>\n<\/li>\n<li>\n<p data-path-to-node=\"17,4,0\"><b data-path-to-node=\"17,4,0\" data-index-in-node=\"0\">Anhang:<\/b> Ring\u00f6se f\u00fcr Fangriemen oder Karabiner.<\/p>\n<\/li>\n<li>\n<p data-path-to-node=\"17,5,0\"><b data-path-to-node=\"17,5,0\" data-index-in-node=\"0\">Anpassung:<\/b> Tampondruck auf der flachen Oberfl\u00e4che.<\/p>\n<\/li>\n<\/ul>\n<h2 data-path-to-node=\"18\">Anwendungsf\u00e4lle<\/h2>\n<ul data-path-to-node=\"19\">\n<li>\n<p data-path-to-node=\"19,0,0\"><b data-path-to-node=\"19,0,0\" data-index-in-node=\"0\">Musikfestivals:<\/b> Erm\u00f6glicht es den Fans, zu tanzen, ohne einen leeren Becher halten zu m\u00fcssen.<\/p>\n<\/li>\n<li>\n<p data-path-to-node=\"19,1,0\"><b data-path-to-node=\"19,1,0\" data-index-in-node=\"0\">Bier- und Weinproben:<\/b> H\u00e4lt das Verkostungsglas zwischen den Stationen griffbereit.<\/p>\n<\/li>\n<li>\n<p data-path-to-node=\"19,2,0\"><b data-path-to-node=\"19,2,0\" data-index-in-node=\"0\">Messen:<\/b> So hat man die H\u00e4nde frei, um Visitenkarten auszutauschen, w\u00e4hrend man gleichzeitig eine Kaffeetasse tr\u00e4gt.<\/p>\n<\/li>\n<li>\n<p data-path-to-node=\"19,3,0\"><b data-path-to-node=\"19,3,0\" data-index-in-node=\"0\">Veranstaltungen im Freien:<\/b> Verhindert, dass Tassen verloren gehen oder auf dem Boden liegen bleiben.<\/p>\n<\/li>\n<\/ul>","protected":false},"excerpt":{"rendered":"<ul>\n<li>\n<p data-path-to-node=\"11,0,0\"><b data-path-to-node=\"11,0,0\" data-index-in-node=\"0\">Freisprechkomfort:<\/b> Erm\u00f6glicht es den Teilnehmern, ihren wiederverwendbaren Becher an einem Schl\u00fcsselband oder einer G\u00fcrtelschlaufe zu befestigen.<\/p>\n<\/li>\n<li>\n<p data-path-to-node=\"11,1,0\"><b data-path-to-node=\"11,1,0\" data-index-in-node=\"0\">Universelle Passform:<\/b> H\u00e4lt sicher am Rand der meisten handels\u00fcblichen Festivalbecher aus Kunststoff.<\/p>\n<\/li>\n<li>\n<p data-path-to-node=\"11,2,0\"><b data-path-to-node=\"11,2,0\" data-index-in-node=\"0\">Individuelles Branding:<\/b> Verf\u00fcgt \u00fcber eine spezielle flache Oberfl\u00e4che f\u00fcr gut sichtbaren Logodruck.<\/p>\n<\/li>\n<li>\n<p data-path-to-node=\"11,3,0\"><b data-path-to-node=\"11,3,0\" data-index-in-node=\"0\">Leicht und robust:<\/b> Hergestellt aus widerstandsf\u00e4higem ABS-Kunststoff (3 g), erh\u00e4ltlich in verschiedenen Farben.<\/p>\n<\/li>\n<\/ul>","protected":false},"featured_media":6476,"comment_status":"closed","ping_status":"closed","template":"","meta":[],"product_brand":[],"product_cat":[119],"product_tag":[],"class_list":{"0":"post-5209","1":"product","2":"type-product","3":"status-publish","4":"has-post-thumbnail","6":"product_cat-drinkware-accessories","8":"first","9":"instock","10":"shipping-taxable","11":"purchasable","12":"product-type-simple"},"_links":{"self":[{"href":"https:\/\/wristbandfactory.eu\/de\/wp-json\/wp\/v2\/product\/5209","targetHints":{"allow":["GET"]}}],"collection":[{"href":"https:\/\/wristbandfactory.eu\/de\/wp-json\/wp\/v2\/product"}],"about":[{"href":"https:\/\/wristbandfactory.eu\/de\/wp-json\/wp\/v2\/types\/product"}],"replies":[{"embeddable":true,"href":"https:\/\/wristbandfactory.eu\/de\/wp-json\/wp\/v2\/comments?post=5209"}],"wp:featuredmedia":[{"embeddable":true,"href":"https:\/\/wristbandfactory.eu\/de\/wp-json\/wp\/v2\/media\/6476"}],"wp:attachment":[{"href":"https:\/\/wristbandfactory.eu\/de\/wp-json\/wp\/v2\/media?parent=5209"}],"wp:term":[{"taxonomy":"product_brand","embeddable":true,"href":"https:\/\/wristbandfactory.eu\/de\/wp-json\/wp\/v2\/product_brand?post=5209"},{"taxonomy":"product_cat","embeddable":true,"href":"https:\/\/wristbandfactory.eu\/de\/wp-json\/wp\/v2\/product_cat?post=5209"},{"taxonomy":"product_tag","embeddable":true,"href":"https:\/\/wristbandfactory.eu\/de\/wp-json\/wp\/v2\/product_tag?post=5209"}],"curies":[{"name":"wp","href":"https:\/\/api.w.org\/{rel}","templated":true}]}}