{"id":5200,"date":"2025-10-20T23:22:10","date_gmt":"2025-10-20T20:22:10","guid":{"rendered":"https:\/\/wristbandfactory.eu\/?post_type=product&#038;p=5200"},"modified":"2026-01-05T00:27:18","modified_gmt":"2026-01-04T21:27:18","slug":"led-safety-whistle-with-cord","status":"publish","type":"product","link":"https:\/\/wristbandfactory.eu\/de\/p\/led-safety-whistle-with-cord\/","title":{"rendered":"LED-Pfeife mit Umh\u00e4ngeband"},"content":{"rendered":"<p data-path-to-node=\"10\">Mit unserer LED-Sicherheitspfeife sorgen Sie daf\u00fcr, dass Ihre Mitarbeiter, Sicherheitsteams und Partyg\u00e4ste gut gesehen und geh\u00f6rt werden. Dieses vielseitige Hilfsmittel ist unverzichtbar, um Menschenmengen bei schlechten Lichtverh\u00e4ltnissen zu lenken, Personal zu koordinieren oder unbedruckt f\u00fcr eine mitrei\u00dfende Atmosph\u00e4re auf Festivals und Raves zu sorgen.<\/p>\n<p data-path-to-node=\"11\">Das robuste Kunststoffgeh\u00e4use beherbergt helle, mehrfarbige LEDs, die auch aus der Ferne gut sichtbar sind, w\u00e4hrend der Pfeifmechanismus einen scharfen, lauten Ton erzeugt, um sofortige Aufmerksamkeit zu erregen. \u00dcber einen unbedruckten Ein-\/Ausschalter k\u00f6nnen Benutzer bequem zwischen drei verschiedenen Beleuchtungsmodi (schnelles, mittleres und langsames Blinken) wechseln. <span class=\"citation-28 citation-end-28\">Jede Pfeife wird mit einer passenden Halskordel geliefert, sodass sie jederzeit griffbereit ist, ohne die H\u00e4nde zu beanspruchen.<\/span><\/p>\n<h2 data-path-to-node=\"12\">Hauptmerkmale<\/h2>\n<ul data-path-to-node=\"13\">\n<li>\n<p data-path-to-node=\"13,0,0\"><b data-path-to-node=\"13,0,0\" data-index-in-node=\"0\">Hohe Sichtbarkeit:<\/b> Mehrfarbige LEDs verwandeln ein gew\u00f6hnliches Sicherheitswerkzeug in ein leuchtendes Signal.<\/p>\n<\/li>\n<li>\n<p data-path-to-node=\"13,1,0\"><b data-path-to-node=\"13,1,0\" data-index-in-node=\"0\">Vielseitige Modi:<\/b> Drei unterschiedliche Blinkgeschwindigkeiten, passend f\u00fcr Dringlichkeit oder Partystimmung.<\/p>\n<\/li>\n<li>\n<p data-path-to-node=\"13,2,0\"><b data-path-to-node=\"13,2,0\" data-index-in-node=\"0\">Sofortige Bereitstellung:<\/b> Wird inklusive 3 Knopfzellenbatterien geliefert und ist sofort einsatzbereit.<\/p>\n<\/li>\n<li>\n<p data-path-to-node=\"13,3,0\"><b data-path-to-node=\"13,3,0\" data-index-in-node=\"0\">Crowd Management:<\/b> Ein effektives, kosteng\u00fcnstiges Hilfsmittel f\u00fcr Reiseleiter, Begleitpersonen und Sicherheitspersonal.<\/p>\n<\/li>\n<\/ul>\n<h2 data-path-to-node=\"14\">Technische Daten<\/h2>\n<ul data-path-to-node=\"15\">\n<li>\n<p data-path-to-node=\"15,0,0\"><b data-path-to-node=\"15,0,0\" data-index-in-node=\"0\">Produkt:<\/b> LED-Leuchtpfeife.<\/p>\n<\/li>\n<li>\n<p data-path-to-node=\"15,1,0\"><b data-path-to-node=\"15,1,0\" data-index-in-node=\"0\">Lichtfarbe:<\/b> Mehrfarbig (RGB).<\/p>\n<\/li>\n<li>\n<p data-path-to-node=\"15,2,0\"><b data-path-to-node=\"15,2,0\" data-index-in-node=\"0\">Modi:<\/b> 3 Einstellungen (Schnell, Mittel, Langsam).<\/p>\n<\/li>\n<li>\n<p data-path-to-node=\"15,3,0\"><b data-path-to-node=\"15,3,0\" data-index-in-node=\"0\">Leistung:<\/b> 3x Knopfzellenbatterien (im Lieferumfang enthalten).<\/p>\n<\/li>\n<li>\n<p data-path-to-node=\"15,4,0\"><b data-path-to-node=\"15,4,0\" data-index-in-node=\"0\">Anhang:<\/b><span class=\"citation-27 citation-end-27\"> Inklusive Trageband\/Schl\u00fcsselband.<\/span><\/p>\n<\/li>\n<li>\n<p data-path-to-node=\"15,5,0\"><b data-path-to-node=\"15,5,0\" data-index-in-node=\"0\">Mindestbestellmenge:<\/b> 100 Stk.<\/p>\n<\/li>\n<\/ul>\n<h2 data-path-to-node=\"16\">Anwendungsf\u00e4lle<\/h2>\n<ul data-path-to-node=\"17\">\n<li>\n<p data-path-to-node=\"17,0,0\"><b data-path-to-node=\"17,0,0\" data-index-in-node=\"0\">Veranstaltungssicherheit:<\/b> Unterst\u00fctzt das Personal bei der Koordination in dunklen R\u00e4umlichkeiten oder bei gro\u00dfen Menschenmengen.<\/p>\n<\/li>\n<li>\n<p data-path-to-node=\"17,1,0\"><b data-path-to-node=\"17,1,0\" data-index-in-node=\"0\">Nachtl\u00e4ufe &amp; Sport:<\/b> F\u00fcgt den Teilnehmern Sichtbarkeit und eine Signalisierungsmethode hinzu.<\/p>\n<\/li>\n<li>\n<p data-path-to-node=\"17,2,0\"><b data-path-to-node=\"17,2,0\" data-index-in-node=\"0\">Raves &amp; Festivals:<\/b> Ein beliebter, preiswerter Merchandising-Artikel, der die Lichtshow bereichert.<\/p>\n<\/li>\n<li>\n<p data-path-to-node=\"17,3,0\"><b data-path-to-node=\"17,3,0\" data-index-in-node=\"0\">Notfallsets:<\/b> Ein kompaktes Sicherheitsger\u00e4t f\u00fcr Ausfl\u00fcge im Freien oder Schulfahrten.<\/p>\n<\/li>\n<\/ul>","protected":false},"excerpt":{"rendered":"<ul>\n<li>\n<p data-path-to-node=\"9,0,0\"><b data-path-to-node=\"9,0,0\" data-index-in-node=\"0\">Audio-visuelle Sicherheit:<\/b> Lauter Sound kombiniert mit hellen, mehrfarbigen LEDs.<\/p>\n<\/li>\n<li>\n<p data-path-to-node=\"9,1,0\"><b data-path-to-node=\"9,1,0\" data-index-in-node=\"0\">3 Lichtmodi:<\/b> W\u00e4hlen Sie zwischen langsamem, mittlerem oder schnellem Blinken.<\/p>\n<\/li>\n<li>\n<p data-path-to-node=\"9,2,0\"><b data-path-to-node=\"9,2,0\" data-index-in-node=\"0\">Gebrauchsfertig:<\/b> Batterien sind im Lieferumfang enthalten und vorinstalliert.<\/p>\n<\/li>\n<li>\n<p data-path-to-node=\"9,3,0\"><b data-path-to-node=\"9,3,0\" data-index-in-node=\"0\">Freisprechfunktion:<\/b><span class=\"citation-29 citation-end-29\"> Inklusive praktischer Halskordel.<\/span><\/p>\n<\/li>\n<\/ul>","protected":false},"featured_media":6546,"comment_status":"closed","ping_status":"closed","template":"","meta":[],"product_brand":[],"product_cat":[76],"product_tag":[],"class_list":{"0":"post-5200","1":"product","2":"type-product","3":"status-publish","4":"has-post-thumbnail","6":"product_cat-glow-led-products","8":"first","9":"instock","10":"shipping-taxable","11":"purchasable","12":"product-type-simple"},"_links":{"self":[{"href":"https:\/\/wristbandfactory.eu\/de\/wp-json\/wp\/v2\/product\/5200","targetHints":{"allow":["GET"]}}],"collection":[{"href":"https:\/\/wristbandfactory.eu\/de\/wp-json\/wp\/v2\/product"}],"about":[{"href":"https:\/\/wristbandfactory.eu\/de\/wp-json\/wp\/v2\/types\/product"}],"replies":[{"embeddable":true,"href":"https:\/\/wristbandfactory.eu\/de\/wp-json\/wp\/v2\/comments?post=5200"}],"wp:featuredmedia":[{"embeddable":true,"href":"https:\/\/wristbandfactory.eu\/de\/wp-json\/wp\/v2\/media\/6546"}],"wp:attachment":[{"href":"https:\/\/wristbandfactory.eu\/de\/wp-json\/wp\/v2\/media?parent=5200"}],"wp:term":[{"taxonomy":"product_brand","embeddable":true,"href":"https:\/\/wristbandfactory.eu\/de\/wp-json\/wp\/v2\/product_brand?post=5200"},{"taxonomy":"product_cat","embeddable":true,"href":"https:\/\/wristbandfactory.eu\/de\/wp-json\/wp\/v2\/product_cat?post=5200"},{"taxonomy":"product_tag","embeddable":true,"href":"https:\/\/wristbandfactory.eu\/de\/wp-json\/wp\/v2\/product_tag?post=5200"}],"curies":[{"name":"wp","href":"https:\/\/api.w.org\/{rel}","templated":true}]}}