{"id":5179,"date":"2025-10-20T21:58:37","date_gmt":"2025-10-20T18:58:37","guid":{"rendered":"https:\/\/wristbandfactory.eu\/?post_type=product&#038;p=5179"},"modified":"2025-12-30T23:37:21","modified_gmt":"2025-12-30T20:37:21","slug":"gold-laser-engraved-medals","status":"publish","type":"product","link":"https:\/\/wristbandfactory.eu\/de\/p\/gold-laser-engraved-medals\/","title":{"rendered":"Goldmedaillen mit Lasergravur"},"content":{"rendered":"<p>W\u00fcrdigen Sie Spitzenleistungen und feiern Sie Erfolge bei Ihrer n\u00e4chsten Veranstaltung mit diesen klassischen Goldmedaillen. Sie bieten eine hochwertige, greifbare M\u00f6glichkeit, die Leistungen von Mitarbeitern, Sportlern oder Teilnehmern anzuerkennen und unterstreichen so das Engagement Ihres Unternehmens f\u00fcr Spitzenleistungen.<\/p>\n<p>Unsere Standardmedaille hat einen Durchmesser von 7 cm, ist aus robustem Metall gefertigt und besticht durch ein markantes Pr\u00e4gedesign mit traditionellem Goldfinish. Die Oberfl\u00e4che ist speziell f\u00fcr die Laserbeschriftung vorbereitet, sodass Ihr Logo, der Veranstaltungsname oder die Gewinnerdaten mit au\u00dfergew\u00f6hnlicher Pr\u00e4zision und Klarheit eingraviert werden. Die Standardmedaille wird pr\u00e4sentationsfertig mit einem passenden Metallring und einem klassischen roten Polyesterband geliefert.<\/p>\n<p>F\u00fcr eine vollst\u00e4ndig markenspezifische L\u00f6sung kann diese Medaille auch als Sonderanfertigung hergestellt werden. W\u00e4hlen Sie aus verschiedenen Gr\u00f6\u00dfen, Ausf\u00fchrungen und individuellen Bandfarben, um die Medaille perfekt an die Markenidentit\u00e4t Ihrer Organisation oder das Veranstaltungsthema anzupassen. Kontaktieren Sie uns, um Ihr individuelles Medaillenprojekt zu besprechen.<\/p>\n<p><b>Hauptmerkmale:<\/b><\/p>\n<ul>\n<li><b>Material:<\/b> Hochwertiges Metall<\/li>\n<li><b>Beenden:<\/b> Gepr\u00e4gtes Design mit Goldton<\/li>\n<li><b>Anpassung:<\/b> Speziell f\u00fcr die Lasermarkierung entwickelt<\/li>\n<li><b>Lagermodell:<\/b> 7 cm Durchmesser mit rotem Polyesterband<\/li>\n<li><b>Sonderanfertigungen:<\/b> In verschiedenen Gr\u00f6\u00dfen und Ausf\u00fchrungen erh\u00e4ltlich<\/li>\n<li><b>Men\u00fcbandoptionen:<\/b> Rot ist im Lagerbestand enthalten; verschiedene Farben f\u00fcr Sonderanfertigungen erh\u00e4ltlich<\/li>\n<\/ul>\n<p>&nbsp;<\/p>","protected":false},"excerpt":{"rendered":"<ul>\n<li>Hochwertige Metallmedaille mit klassischem Gold-Finish.<\/li>\n<li>Erh\u00e4ltlich als Lagerware (7cm) oder als Sonderanfertigung.<\/li>\n<li>Speziell vorbereitete Oberfl\u00e4che f\u00fcr pr\u00e4zise Lasergravur.<\/li>\n<li>Lagerartikel mit rotem Band; Sonderanfertigungen sind in verschiedenen Farben erh\u00e4ltlich.<\/li>\n<\/ul>\n<p>&nbsp;<\/p>","protected":false},"featured_media":6503,"comment_status":"closed","ping_status":"closed","template":"","meta":[],"product_brand":[],"product_cat":[68,102],"product_tag":[],"class_list":{"0":"post-5179","1":"product","2":"type-product","3":"status-publish","4":"has-post-thumbnail","6":"product_cat-event-supplies","7":"product_cat-medals","9":"first","10":"instock","11":"shipping-taxable","12":"purchasable","13":"product-type-simple"},"_links":{"self":[{"href":"https:\/\/wristbandfactory.eu\/de\/wp-json\/wp\/v2\/product\/5179","targetHints":{"allow":["GET"]}}],"collection":[{"href":"https:\/\/wristbandfactory.eu\/de\/wp-json\/wp\/v2\/product"}],"about":[{"href":"https:\/\/wristbandfactory.eu\/de\/wp-json\/wp\/v2\/types\/product"}],"replies":[{"embeddable":true,"href":"https:\/\/wristbandfactory.eu\/de\/wp-json\/wp\/v2\/comments?post=5179"}],"wp:featuredmedia":[{"embeddable":true,"href":"https:\/\/wristbandfactory.eu\/de\/wp-json\/wp\/v2\/media\/6503"}],"wp:attachment":[{"href":"https:\/\/wristbandfactory.eu\/de\/wp-json\/wp\/v2\/media?parent=5179"}],"wp:term":[{"taxonomy":"product_brand","embeddable":true,"href":"https:\/\/wristbandfactory.eu\/de\/wp-json\/wp\/v2\/product_brand?post=5179"},{"taxonomy":"product_cat","embeddable":true,"href":"https:\/\/wristbandfactory.eu\/de\/wp-json\/wp\/v2\/product_cat?post=5179"},{"taxonomy":"product_tag","embeddable":true,"href":"https:\/\/wristbandfactory.eu\/de\/wp-json\/wp\/v2\/product_tag?post=5179"}],"curies":[{"name":"wp","href":"https:\/\/api.w.org\/{rel}","templated":true}]}}