{"id":5175,"date":"2025-10-20T21:51:42","date_gmt":"2025-10-20T18:51:42","guid":{"rendered":"https:\/\/wristbandfactory.eu\/?post_type=product&#038;p=5175"},"modified":"2026-01-05T00:29:41","modified_gmt":"2026-01-04T21:29:41","slug":"led-shot-glass-with-lanyard","status":"publish","type":"product","link":"https:\/\/wristbandfactory.eu\/de\/p\/led-shot-glass-with-lanyard\/","title":{"rendered":"LED-Schnapsglas mit Umh\u00e4ngeband"},"content":{"rendered":"<p>Machen Sie Ihre n\u00e4chste Firmenfeier, Ihr n\u00e4chstes Festival oder Ihre n\u00e4chste Werbeveranstaltung unvergesslich. Dieses Schnapsglas mit LED-Beleuchtung ist ein leistungsstarkes Tool, um das G\u00e4steerlebnis zu verbessern und die Markensichtbarkeit zu erh\u00f6hen, insbesondere in Umgebungen mit wenig Licht.<\/p>\n<p>Dieses 50-ml-Schnapsglas ist aus robustem, BPA-freiem PS-Kunststoff gefertigt. Dank des mitgelieferten Umh\u00e4ngebands k\u00f6nnen Ihre G\u00e4ste es bequem tragen, sodass Ihr Logo die ganze Nacht \u00fcber sichtbar bleibt. Ein unbedruckter Knopf am Boden aktiviert die hellen, mehrfarbigen LED-Leuchten mit drei dynamischen Modi: Dauerlicht, schnelles Blinken und langsames Blinken.<\/p>\n<p>Dieses Glas eignet sich perfekt zum Servieren von Begr\u00fc\u00dfungsgetr\u00e4nken, f\u00fcr besondere Trinkspr\u00fcche oder als tragbares Werbegeschenk. Batterien sind im Lieferumfang enthalten, sodass es sofort einsatzbereit ist.<\/p>\n<p><b>Hauptmerkmale:<\/b><\/p>\n<ul>\n<li><b>Kapazit\u00e4t:<\/b> 50 ml<\/li>\n<li><b>Material:<\/b> Langlebiger, BPA-freier PS-Kunststoff<\/li>\n<li><b>Beleuchtung:<\/b> 3 Leuchtmodi (Dauerlicht, schnelles Blinken, langsames Blinken)<\/li>\n<li><b>Tragbar:<\/b> Enth\u00e4lt ein praktisches Umh\u00e4ngeband aus Polyester<\/li>\n<li><b>Gebrauchsfertig:<\/b> Knopfzellenbatterien im Lieferumfang enthalten und installiert<\/li>\n<li><b>Aktivierung:<\/b> Unbedruckter Druckknopf an der Basis<\/li>\n<\/ul>","protected":false},"excerpt":{"rendered":"<ul>\n<li>Verf\u00fcgt \u00fcber 3 LED-Lichtmodi (Dauerlicht und Blinklicht) f\u00fcr optimale Sichtbarkeit.<\/li>\n<li>Inklusive praktischem Umh\u00e4ngeband f\u00fcr freih\u00e4ndiges Tragen bei Veranstaltungen.<\/li>\n<li>Langlebig, 50 ml Fassungsverm\u00f6gen und aus BPA-freiem Kunststoff hergestellt.<\/li>\n<li>Sofort einsatzbereit, Batterien sind im Lieferumfang enthalten und bereits eingesetzt.<\/li>\n<li><\/li>\n<\/ul>","protected":false},"featured_media":6549,"comment_status":"closed","ping_status":"closed","template":"","meta":[],"product_brand":[],"product_cat":[43,68,119,45],"product_tag":[],"class_list":{"0":"post-5175","1":"product","2":"type-product","3":"status-publish","4":"has-post-thumbnail","6":"product_cat-lanyards","7":"product_cat-event-supplies","8":"product_cat-drinkware-accessories","9":"product_cat-other","11":"first","12":"instock","13":"shipping-taxable","14":"purchasable","15":"product-type-simple"},"_links":{"self":[{"href":"https:\/\/wristbandfactory.eu\/de\/wp-json\/wp\/v2\/product\/5175","targetHints":{"allow":["GET"]}}],"collection":[{"href":"https:\/\/wristbandfactory.eu\/de\/wp-json\/wp\/v2\/product"}],"about":[{"href":"https:\/\/wristbandfactory.eu\/de\/wp-json\/wp\/v2\/types\/product"}],"replies":[{"embeddable":true,"href":"https:\/\/wristbandfactory.eu\/de\/wp-json\/wp\/v2\/comments?post=5175"}],"wp:featuredmedia":[{"embeddable":true,"href":"https:\/\/wristbandfactory.eu\/de\/wp-json\/wp\/v2\/media\/6549"}],"wp:attachment":[{"href":"https:\/\/wristbandfactory.eu\/de\/wp-json\/wp\/v2\/media?parent=5175"}],"wp:term":[{"taxonomy":"product_brand","embeddable":true,"href":"https:\/\/wristbandfactory.eu\/de\/wp-json\/wp\/v2\/product_brand?post=5175"},{"taxonomy":"product_cat","embeddable":true,"href":"https:\/\/wristbandfactory.eu\/de\/wp-json\/wp\/v2\/product_cat?post=5175"},{"taxonomy":"product_tag","embeddable":true,"href":"https:\/\/wristbandfactory.eu\/de\/wp-json\/wp\/v2\/product_tag?post=5175"}],"curies":[{"name":"wp","href":"https:\/\/api.w.org\/{rel}","templated":true}]}}