{"id":5165,"date":"2025-10-20T21:40:50","date_gmt":"2025-10-20T18:40:50","guid":{"rendered":"https:\/\/wristbandfactory.eu\/?post_type=product&#038;p=5165"},"modified":"2026-01-09T16:55:52","modified_gmt":"2026-01-09T13:55:52","slug":"silicone-cup-lids","status":"publish","type":"product","link":"https:\/\/wristbandfactory.eu\/de\/p\/silicone-cup-lids\/","title":{"rendered":"Becherdeckel aus Silikon"},"content":{"rendered":"<p>Sorgen Sie daf\u00fcr, dass Ihre G\u00e4ste bei Ihrer n\u00e4chsten Outdoor-Veranstaltung, Konferenz oder Ihrem n\u00e4chsten Festival ein sicheres und professionelles Erlebnis haben. Diese Werbebecherdeckel aus Silikon bieten eine praktische L\u00f6sung zum Schutz von Getr\u00e4nken, halten sie sauber, reduzieren Versch\u00fcttungen und f\u00f6rdern gleichzeitig Ihre Marke.<\/p>\n<p>Diese Becherh\u00fcllen aus flexiblem, lebensmittelechtem Silikon sind dehnbar und passen sicher \u00fcber die meisten Standardbechergr\u00f6\u00dfen. Sie sind eine wiederverwendbare und umweltfreundliche Alternative zu Einwegbechern. Jeder Deckel verf\u00fcgt \u00fcber eine zentrale \u00d6ffnung f\u00fcr einen Strohhalm. Das mitgelieferte Schl\u00fcsselanh\u00e4nger-Etui macht diese H\u00fclle zum perfekten Werbegeschenk, mit dem die Teilnehmer Ihre Marke auch lange nach der Veranstaltung bei sich tragen k\u00f6nnen. Personalisieren Sie die H\u00fclle oder das Etui mit Ihrem Firmenlogo f\u00fcr maximale Markenpr\u00e4senz.<\/p>\n<p><b>Hauptmerkmale:<\/b><\/p>\n<ul>\n<li><b>Material:<\/b> Flexibles und langlebiges Silikon.<\/li>\n<li><b>Fit:<\/b> Das verstellbare Design l\u00e4sst sich dehnbar an die meisten K\u00f6rbchentypen anpassen.<\/li>\n<li><b>Funktion:<\/b> Sch\u00fctzt Getr\u00e4nke vor Staub, Insekten und versch\u00fctteten Fl\u00fcssigkeiten.<\/li>\n<li><b>Wiederverwendbar:<\/b> Unbedruckt zu waschen und wiederzuverwenden, ein tolles Preis-Leistungs-Verh\u00e4ltnis.<\/li>\n<li><b>Tragbar:<\/b> Enth\u00e4lt ein kompaktes Schl\u00fcsselanh\u00e4nger-Etui zum unbedruckten Tragen.<\/li>\n<li><b>Markenbildung:<\/b> Ideal zum Drucken Ihres Logos oder von Veranstaltungsdetails.<\/li>\n<li><b>Farben:<\/b> Erh\u00e4ltlich in Schwarz, Blau, Gr\u00fcn und Rot.<\/li>\n<\/ul>\n<p>&nbsp;<\/p>","protected":false},"excerpt":{"rendered":"<ul>\n<li>Sch\u00fctzen Sie Getr\u00e4nke bei jeder Veranstaltung vor Versch\u00fctten und Schmutz.<\/li>\n<li>Wiederverwendbares und leicht zu waschendes Silikon passt auf die meisten Standardbecher.<\/li>\n<li>Enth\u00e4lt ein tragbares Schl\u00fcsselanh\u00e4nger-Etui f\u00fcr unbedruckten Transport.<\/li>\n<li>Ideal f\u00fcr Festivals, Outdoor-Marketing und Firmenveranstaltungen.<\/li>\n<\/ul>","protected":false},"featured_media":6633,"comment_status":"closed","ping_status":"closed","template":"","meta":[],"product_brand":[],"product_cat":[119],"product_tag":[],"class_list":{"0":"post-5165","1":"product","2":"type-product","3":"status-publish","4":"has-post-thumbnail","6":"product_cat-drinkware-accessories","8":"first","9":"instock","10":"shipping-taxable","11":"purchasable","12":"product-type-simple"},"_links":{"self":[{"href":"https:\/\/wristbandfactory.eu\/de\/wp-json\/wp\/v2\/product\/5165","targetHints":{"allow":["GET"]}}],"collection":[{"href":"https:\/\/wristbandfactory.eu\/de\/wp-json\/wp\/v2\/product"}],"about":[{"href":"https:\/\/wristbandfactory.eu\/de\/wp-json\/wp\/v2\/types\/product"}],"replies":[{"embeddable":true,"href":"https:\/\/wristbandfactory.eu\/de\/wp-json\/wp\/v2\/comments?post=5165"}],"wp:featuredmedia":[{"embeddable":true,"href":"https:\/\/wristbandfactory.eu\/de\/wp-json\/wp\/v2\/media\/6633"}],"wp:attachment":[{"href":"https:\/\/wristbandfactory.eu\/de\/wp-json\/wp\/v2\/media?parent=5165"}],"wp:term":[{"taxonomy":"product_brand","embeddable":true,"href":"https:\/\/wristbandfactory.eu\/de\/wp-json\/wp\/v2\/product_brand?post=5165"},{"taxonomy":"product_cat","embeddable":true,"href":"https:\/\/wristbandfactory.eu\/de\/wp-json\/wp\/v2\/product_cat?post=5165"},{"taxonomy":"product_tag","embeddable":true,"href":"https:\/\/wristbandfactory.eu\/de\/wp-json\/wp\/v2\/product_tag?post=5165"}],"curies":[{"name":"wp","href":"https:\/\/api.w.org\/{rel}","templated":true}]}}