{"id":5144,"date":"2025-10-14T23:32:11","date_gmt":"2025-10-14T20:32:11","guid":{"rendered":"https:\/\/wristbandfactory.eu\/?post_type=product&#038;p=5144"},"modified":"2025-12-18T13:07:07","modified_gmt":"2025-12-18T10:07:07","slug":"numbered-plain-tyvek-wristbands","status":"publish","type":"product","link":"https:\/\/wristbandfactory.eu\/de\/p\/numbered-plain-tyvek-wristbands\/","title":{"rendered":"Nummerierte, unbedruckte Tyvek-Armb\u00e4nder"},"content":{"rendered":"<p>Optimieren Sie die Zugangskontrolle Ihrer Veranstaltung und erh\u00f6hen Sie die Sicherheit mit unseren langlebigen, unbedruckten Tyvek-Armb\u00e4ndern. Diese Armb\u00e4nder wurden f\u00fcr den professionellen Einsatz entwickelt und bieten eine zuverl\u00e4ssige und kosteng\u00fcnstige L\u00f6sung f\u00fcr die G\u00e4steverwaltung, die Einlasskontrolle und die verunbedrucktte Identifizierung bei jeder Veranstaltung.<\/p>\n<h3>Entwickelt f\u00fcr Sicherheit und Transparenz<\/h3>\n<p>Unsere Armb\u00e4nder werden aus original DuPont\u2122 Tyvek\u00ae gefertigt und sind wasserdicht, rei\u00dffest und mit einem sicheren, manipulationssicheren Klebeverschluss ausgestattet. Jedes Armband verf\u00fcgt \u00fcber eine individuelle, vorgedruckte Seriennummer, um Betrug vorzubeugen und die G\u00e4stez\u00e4hlung zu verunbedruckten.<\/p>\n<h3>W\u00e4hlen Sie Ihre Breite: 19 mm oder 25 mm<\/h3>\n<p>W\u00e4hlen Sie die Gr\u00f6\u00dfe, die den Sichtbarkeitsanforderungen Ihrer Veranstaltung am besten entspricht:<\/p>\n<h3>19 mm Standardbreite (Industriestandard)<\/h3>\n<p>Die beliebteste Wahl f\u00fcr 90%-Veranstaltungen. Sie bietet die perfekte Balance zwischen Komfort und Sichtbarkeit.<\/p>\n<ul>\n<li><b>Am besten geeignet f\u00fcr:<\/b> Eint\u00e4gige Festivals, Konzerte, Nachtclubs und private Partys.<\/li>\n<li><b>Nutzen:<\/b> Unauff\u00e4llig am Handgelenk, aber f\u00fcr das Sicherheitspersonal leicht zu \u00fcberpr\u00fcfen.<\/li>\n<\/ul>\n<h3>25 mm extra breit (Maximale Sichtbarkeit)<\/h3>\n<p>Bietet eine gr\u00f6\u00dfere Oberfl\u00e4che, wodurch Farbe und Nummerierung auch aus gr\u00f6\u00dferer Entfernung gut sichtbar sind.<\/p>\n<ul>\n<li><b>Am besten geeignet f\u00fcr:<\/b> VIP-Identifizierung, \u00fcberf\u00fcllte Veranstaltungsorte oder Events, bei denen handschriftliche Notizen zur Band erforderlich sind.<\/li>\n<li><b>Nutzen:<\/b> Eine h\u00f6here Sichtbarkeit erm\u00f6glicht eine schnellere Abfertigung der Menschenmassen an den Eingangspunkten.<\/li>\n<\/ul>\n<h3>Hauptmerkmale:<\/h3>\n<ul>\n<li><b>Fortlaufende Nummerierung:<\/b> Jedes Armband verf\u00fcgt \u00fcber eine eindeutige Nummer f\u00fcr erh\u00f6hte Sicherheit und G\u00e4steverfolgung.<\/li>\n<li><b>Original DuPont\u2122 Tyvek\u00ae:<\/b> Wasserdichtes und rei\u00dffestes Material f\u00fcr zuverl\u00e4ssigen Einsatz bei Veranstaltungen.<\/li>\n<li><b>Manipulationssicherer Verschluss:<\/b> Der sichere Einwegklebeverschluss verhindert die \u00dcbertragung zwischen den G\u00e4sten.<\/li>\n<li><b>Zwei Breitenoptionen:<\/b> Erh\u00e4ltlich in Standard (19 mm) oder Breit (25 mm) Ausf\u00fchrung.<\/li>\n<li><b>Lebendige Farboptionen:<\/b> Erh\u00e4ltlich in Neon-, Metallic- und Standardfarben f\u00fcr eine unbedruckte visuelle G\u00e4stesegmentierung.<\/li>\n<li><b>Anwendungsfall:<\/b> Ideal f\u00fcr Zutrittskontrolle, Altersverifizierung und G\u00e4steidentifizierung.<\/li>\n<\/ul>","protected":false},"excerpt":{"rendered":"<ul>\n<li>Verf\u00fcgt \u00fcber eine eindeutige fortlaufende Nummerierung f\u00fcr sichere Zugangskontrolle und G\u00e4steverwaltung.<\/li>\n<li>Hergestellt aus original DuPont\u2122 Tyvek\u00ae (wasserdicht und rei\u00dffest).<\/li>\n<li>Gro\u00dfe Auswahl an leuchtenden Farben zur unbedruckten visuellen Identifizierung der G\u00e4ste.<\/li>\n<li>Der manipulationssichere Klebeverschluss verhindert die Weitergabe zwischen den Teilnehmern.<\/li>\n<\/ul>","protected":false},"featured_media":6111,"comment_status":"closed","ping_status":"closed","template":"","meta":[],"product_brand":[],"product_cat":[66,41,68],"product_tag":[],"class_list":{"0":"post-5144","1":"product","2":"type-product","3":"status-publish","4":"has-post-thumbnail","6":"product_cat-wristbands","7":"product_cat-tyvek","8":"product_cat-event-supplies","10":"first","11":"instock","12":"shipping-taxable","13":"purchasable","14":"product-type-simple"},"_links":{"self":[{"href":"https:\/\/wristbandfactory.eu\/de\/wp-json\/wp\/v2\/product\/5144","targetHints":{"allow":["GET"]}}],"collection":[{"href":"https:\/\/wristbandfactory.eu\/de\/wp-json\/wp\/v2\/product"}],"about":[{"href":"https:\/\/wristbandfactory.eu\/de\/wp-json\/wp\/v2\/types\/product"}],"replies":[{"embeddable":true,"href":"https:\/\/wristbandfactory.eu\/de\/wp-json\/wp\/v2\/comments?post=5144"}],"wp:featuredmedia":[{"embeddable":true,"href":"https:\/\/wristbandfactory.eu\/de\/wp-json\/wp\/v2\/media\/6111"}],"wp:attachment":[{"href":"https:\/\/wristbandfactory.eu\/de\/wp-json\/wp\/v2\/media?parent=5144"}],"wp:term":[{"taxonomy":"product_brand","embeddable":true,"href":"https:\/\/wristbandfactory.eu\/de\/wp-json\/wp\/v2\/product_brand?post=5144"},{"taxonomy":"product_cat","embeddable":true,"href":"https:\/\/wristbandfactory.eu\/de\/wp-json\/wp\/v2\/product_cat?post=5144"},{"taxonomy":"product_tag","embeddable":true,"href":"https:\/\/wristbandfactory.eu\/de\/wp-json\/wp\/v2\/product_tag?post=5144"}],"curies":[{"name":"wp","href":"https:\/\/api.w.org\/{rel}","templated":true}]}}