{"id":5130,"date":"2025-10-13T13:22:52","date_gmt":"2025-10-13T10:22:52","guid":{"rendered":"https:\/\/wristbandfactory.eu\/?post_type=product&#038;p=5130"},"modified":"2025-12-29T17:57:48","modified_gmt":"2025-12-29T14:57:48","slug":"fluorescent-fabric-wristbands-uv-reactive","status":"publish","type":"product","link":"https:\/\/wristbandfactory.eu\/de\/p\/fluorescent-fabric-wristbands-uv-reactive\/","title":{"rendered":"Fluoreszierende Stoffarmb\u00e4nder (UV-reaktiv)"},"content":{"rendered":"<p data-path-to-node=\"8\">Sorgen Sie mit unseren fluoreszierenden Stoffarmb\u00e4ndern f\u00fcr optimale Sicherheit bei Veranstaltungen mit schlechten Lichtverh\u00e4ltnissen. Die ideale L\u00f6sung f\u00fcr Nachtclubs, Konzerte und Abendfestivals, die eine hohe Sichtbarkeit und zuverl\u00e4ssige Zutrittskontrolle erfordern.<\/p>\n<h3>Hochsichtbare UV-\/Schwarzlichtfunktion<\/h3>\n<p data-path-to-node=\"10\">Das Armband ist aus weichem Polyester in leuchtenden Neonfarben gefertigt. Dieses Material ist bei Tageslicht gut sichtbar und <b>Leuchtet hell unter UV-\/Schwarzlicht<\/b>, wodurch sowohl die Sicherheits\u00fcberpr\u00fcfungen des Personals als auch die Pr\u00e4senz Ihrer Marke im Dunkeln verbessert werden.<\/p>\n<h3>Konfigurieren Sie Ihr Sicherheitsschloss<\/h3>\n<p data-path-to-node=\"12\">Gew\u00e4hrleisten Sie eine zuverl\u00e4ssige Zutrittskontrolle, indem Sie das Schloss ausw\u00e4hlen, das den Anforderungen Ihrer Veranstaltung entspricht. Diese fluoreszierenden B\u00e4nder sind mit unserem gesamten Schlosssortiment kompatibel.<\/p>\n<ul data-path-to-node=\"13\">\n<li>\n<p data-path-to-node=\"13,0,0\"><b>Hochsicherheitsschloss:<\/b> Der verstellbare Einweg-Sicherheitsverschluss (aus ABS) verhindert die Weitergabe und den unbefugten Zutritt.<\/p>\n<\/li>\n<li>\n<p data-path-to-node=\"13,1,0\"><b>Wiederverwendbares Schloss:<\/b> Eine verstellbare Perle f\u00fcr flexible Nutzung oder f\u00fcr Veranstaltungen, bei denen Armb\u00e4nder abgenommen werden k\u00f6nnen.<\/p>\n<\/li>\n<li>\n<p data-path-to-node=\"13,2,0\"><b>Umweltfreundliches Bambusschloss:<\/b> Ein nachhaltiges Einwegschloss, das gut zu jedem Stoffarmband passt.<\/p>\n<\/li>\n<\/ul>\n<p data-path-to-node=\"14\">Das strapazierf\u00e4hige und bequeme Polyesterband bietet die perfekte Oberfl\u00e4che f\u00fcr Ihr individuell bedrucktes Logo und sorgt daf\u00fcr, dass Ihre Marke auch im Dunkeln gut sichtbar ist.<\/p>\n<h3 data-path-to-node=\"15\">Hauptmerkmale:<\/h3>\n<ul data-path-to-node=\"16\">\n<li>\n<p data-path-to-node=\"16,0,0\"><b>Gut sichtbares Material:<\/b> Leuchtet unter UV-\/Schwarzlicht hell, um die Identifizierung im Dunkeln zu erleichtern.<\/p>\n<\/li>\n<li>\n<p data-path-to-node=\"16,1,0\"><b>Mehrere Verriegelungsoptionen:<\/b> W\u00e4hlen Sie zwischen Hochsicherheitsverschl\u00fcssen (Einwegverschl\u00fcssen), wiederverwendbaren Verschl\u00fcssen oder umweltfreundlichen Bambusverschl\u00fcssen.<\/p>\n<\/li>\n<li>\n<p data-path-to-node=\"16,2,0\"><b>Strapazierf\u00e4higes Polyestergewebe:<\/b> Weiches, strapazierf\u00e4higes Material, das f\u00fcr angenehmen Tragekomfort \u00fcber l\u00e4ngere Zeitr\u00e4ume entwickelt wurde.<\/p>\n<\/li>\n<li>\n<p data-path-to-node=\"16,3,0\"><b>Vollst\u00e4ndig anpassbar:<\/b> Die ideale Oberfl\u00e4che f\u00fcr den individuellen Aufdruck Ihres Veranstaltungslogos oder Sponsorenbrandings.<\/p>\n<\/li>\n<li>\n<p data-path-to-node=\"16,4,0\"><b>Universelle Passform:<\/b> Dank des verstellbaren Verschlusses passt das Design bequem an jedes Handgelenk.<\/p>\n<\/li>\n<\/ul>","protected":false},"excerpt":{"rendered":"<ul>\n<li>\n<p data-path-to-node=\"7,0,0\"><b>UV-\/Schwarzlichtreaktiv:<\/b> Leuchtet in Umgebungen mit wenig Licht hell und ist so leicht zu erkennen.<\/p>\n<\/li>\n<li>\n<p data-path-to-node=\"7,1,0\"><b>Sperroptionen:<\/b> W\u00e4hlen Sie zwischen einem Hochsicherheitsschloss, einer wiederverwendbaren Perle oder einem umweltfreundlichen Bambusschloss.<\/p>\n<\/li>\n<li>\n<p data-path-to-node=\"7,2,0\"><b>Langlebig und komfortabel:<\/b> Hergestellt aus weichem, strapazierf\u00e4higem Polyester f\u00fcr angenehmen Tragekomfort \u00fcber mehrere Tage.<\/p>\n<\/li>\n<li>\n<p data-path-to-node=\"7,3,0\"><b>Vollst\u00e4ndig anpassbar:<\/b> Die perfekte Leinwand f\u00fcr Ihr individuell bedrucktes Logo oder Ihre Veranstaltungsbotschaft.<\/p>\n<\/li>\n<\/ul>","protected":false},"featured_media":6383,"comment_status":"closed","ping_status":"closed","template":"","meta":[],"product_brand":[],"product_cat":[66,47,68],"product_tag":[],"class_list":{"0":"post-5130","1":"product","2":"type-product","3":"status-publish","4":"has-post-thumbnail","6":"product_cat-wristbands","7":"product_cat-fabric-wristbands","8":"product_cat-event-supplies","10":"first","11":"instock","12":"shipping-taxable","13":"purchasable","14":"product-type-simple"},"_links":{"self":[{"href":"https:\/\/wristbandfactory.eu\/de\/wp-json\/wp\/v2\/product\/5130","targetHints":{"allow":["GET"]}}],"collection":[{"href":"https:\/\/wristbandfactory.eu\/de\/wp-json\/wp\/v2\/product"}],"about":[{"href":"https:\/\/wristbandfactory.eu\/de\/wp-json\/wp\/v2\/types\/product"}],"replies":[{"embeddable":true,"href":"https:\/\/wristbandfactory.eu\/de\/wp-json\/wp\/v2\/comments?post=5130"}],"wp:featuredmedia":[{"embeddable":true,"href":"https:\/\/wristbandfactory.eu\/de\/wp-json\/wp\/v2\/media\/6383"}],"wp:attachment":[{"href":"https:\/\/wristbandfactory.eu\/de\/wp-json\/wp\/v2\/media?parent=5130"}],"wp:term":[{"taxonomy":"product_brand","embeddable":true,"href":"https:\/\/wristbandfactory.eu\/de\/wp-json\/wp\/v2\/product_brand?post=5130"},{"taxonomy":"product_cat","embeddable":true,"href":"https:\/\/wristbandfactory.eu\/de\/wp-json\/wp\/v2\/product_cat?post=5130"},{"taxonomy":"product_tag","embeddable":true,"href":"https:\/\/wristbandfactory.eu\/de\/wp-json\/wp\/v2\/product_tag?post=5130"}],"curies":[{"name":"wp","href":"https:\/\/api.w.org\/{rel}","templated":true}]}}