{"id":5108,"date":"2025-10-06T22:07:55","date_gmt":"2025-10-06T19:07:55","guid":{"rendered":"https:\/\/wristbandfactory.eu\/?post_type=product&#038;p=5108"},"modified":"2025-12-30T18:27:00","modified_gmt":"2025-12-30T15:27:00","slug":"custom-engraved-printed-wooden-medals","status":"publish","type":"product","link":"https:\/\/wristbandfactory.eu\/de\/p\/custom-engraved-printed-wooden-medals\/","title":{"rendered":"Individuell gravierte und bedruckte Holzmedaillen"},"content":{"rendered":"<p>Verleihen Sie Ihren Auszeichnungen mit unseren individuellen Holzmedaillen eine nat\u00fcrliche und nachhaltige \u00c4sthetik. Diese Medaillen eignen sich perfekt f\u00fcr Outdoor-Events, umweltbewusste Marken und einzigartige Auszeichnungen und bieten eine warme, rustikale Alternative zu traditionellen Metallauszeichnungen. In jeder individuellen Form gefertigt, bieten sie eine unvergessliche und umweltfreundliche M\u00f6glichkeit, Erfolge zu feiern.<\/p>\n<p><b>Vielseitige Gestaltungsm\u00f6glichkeiten<\/b> Wir bieten drei verschiedene Methoden, um Ihr Design auf der Holzoberfl\u00e4che zum Leben zu erwecken:<\/p>\n<ol start=\"1\">\n<li><b>Graviertes Logo:<\/b> F\u00fcr einen klassischen, rustikalen Look wird Ihr Design per Laser direkt in das Holz eingraviert, wodurch eine sch\u00f6ne, f\u00fchlbare Oberfl\u00e4che entsteht, die die nat\u00fcrliche Maserung hervorhebt.<\/li>\n<li><b>Siebdruck:<\/b> Ideal f\u00fcr kr\u00e4ftige, einfarbige Logos, die sich klar vom Holz abheben.<\/li>\n<li><b>Vollfarbiger UV-Druck:<\/b> F\u00fcr lebendige, komplexe Kunstwerke bringt unser fortschrittliches UV-Druckverfahren Ihr Vollfarbdesign pr\u00e4zise und langlebig direkt auf die Holzoberfl\u00e4che auf.<\/li>\n<\/ol>\n<p>Jede Medaille kann zus\u00e4tzlich personalisiert werden, indem auf der R\u00fcckseite individuelle Namen und Nummern eingraviert werden.<\/p>\n<p><b>Hochwertige und nachhaltige B\u00e4nder<\/b> Um die Auszeichnung zu vervollst\u00e4ndigen, enth\u00e4lt jede Medaille ein hochwertiges, 80 cm langes, beidseitig farbig bedrucktes Band. Sie k\u00f6nnen zwischen einem Standard-Polyesterband mit Schlaufenstich oder einem <b>umweltfreundliches rPET-Band<\/b> Aus recycelten Materialien hergestellt, was die Nachhaltigkeit Ihrer Veranstaltung weiter steigert.<\/p>\n<p><b>Hauptmerkmale:<\/b><\/p>\n<ul>\n<li><b>Nat\u00fcrliches Holzmaterial:<\/b> Bietet eine einzigartige, rustikale und umweltfreundliche \u00c4sthetik.<\/li>\n<li><b>Drei Designoptionen:<\/b> W\u00e4hlen Sie zwischen Lasergravur, 1-farbigem Siebdruck oder vollfarbigem UV-Druck.<\/li>\n<li><b>Vollst\u00e4ndig Bedruckte Form:<\/b> Erstellen Sie eine Medaille in beliebiger Form, die perfekt zu Ihrer Veranstaltung oder Marke passt.<\/li>\n<li><b>Vollfarbig bedruckte B\u00e4nder im Lieferumfang enthalten:<\/b> Ihr Design wird auf beide Seiten des Bandes gedruckt.<\/li>\n<li><b>Umweltfreundliche rPET-Bandoption:<\/b> Eine nachhaltige Bandauswahl aus recycelten Materialien.<\/li>\n<li><b>Individuelle Namens- und Nummerngravur:<\/b> Personalisieren Sie jede Medaille auf der R\u00fcckseite f\u00fcr den Empf\u00e4nger.<\/li>\n<\/ul>","protected":false},"excerpt":{"rendered":"<p>W\u00e4hlen Sie mit unseren individuellen Holzmedaillen eine einzigartige, nachhaltige Auszeichnung. Ihr Design kann in jeder beliebigen Form graviert, im Siebdruckverfahren oder UV-Druck in satten, leuchtenden Farben gedruckt werden.<\/p>","protected":false},"featured_media":6458,"comment_status":"closed","ping_status":"closed","template":"","meta":[],"product_brand":[],"product_cat":[102,45],"product_tag":[],"class_list":{"0":"post-5108","1":"product","2":"type-product","3":"status-publish","4":"has-post-thumbnail","6":"product_cat-medals","7":"product_cat-other","9":"first","10":"instock","11":"shipping-taxable","12":"purchasable","13":"product-type-simple"},"_links":{"self":[{"href":"https:\/\/wristbandfactory.eu\/de\/wp-json\/wp\/v2\/product\/5108","targetHints":{"allow":["GET"]}}],"collection":[{"href":"https:\/\/wristbandfactory.eu\/de\/wp-json\/wp\/v2\/product"}],"about":[{"href":"https:\/\/wristbandfactory.eu\/de\/wp-json\/wp\/v2\/types\/product"}],"replies":[{"embeddable":true,"href":"https:\/\/wristbandfactory.eu\/de\/wp-json\/wp\/v2\/comments?post=5108"}],"wp:featuredmedia":[{"embeddable":true,"href":"https:\/\/wristbandfactory.eu\/de\/wp-json\/wp\/v2\/media\/6458"}],"wp:attachment":[{"href":"https:\/\/wristbandfactory.eu\/de\/wp-json\/wp\/v2\/media?parent=5108"}],"wp:term":[{"taxonomy":"product_brand","embeddable":true,"href":"https:\/\/wristbandfactory.eu\/de\/wp-json\/wp\/v2\/product_brand?post=5108"},{"taxonomy":"product_cat","embeddable":true,"href":"https:\/\/wristbandfactory.eu\/de\/wp-json\/wp\/v2\/product_cat?post=5108"},{"taxonomy":"product_tag","embeddable":true,"href":"https:\/\/wristbandfactory.eu\/de\/wp-json\/wp\/v2\/product_tag?post=5108"}],"curies":[{"name":"wp","href":"https:\/\/api.w.org\/{rel}","templated":true}]}}