{"id":5103,"date":"2025-10-06T22:03:40","date_gmt":"2025-10-06T19:03:40","guid":{"rendered":"https:\/\/wristbandfactory.eu\/?post_type=product&#038;p=5103"},"modified":"2025-12-30T17:43:34","modified_gmt":"2025-12-30T14:43:34","slug":"custom-3d-medals-with-uv-color-printing","status":"publish","type":"product","link":"https:\/\/wristbandfactory.eu\/de\/p\/custom-3d-medals-with-uv-color-printing\/","title":{"rendered":"Individuelle 3D-Medaillen mit UV-Farbdruck"},"content":{"rendered":"<p>Entdecken Sie beispiellose Gestaltungsm\u00f6glichkeiten mit unseren individuellen 3D-Medaillen mit UV-Farbdruck. Diese innovative Technik kombiniert die f\u00fchlbare Tiefe einer 3D-Reliefmedaille aus Druckguss mit den lebendigen Details des Vollfarbdrucks und schafft so eine Auszeichnung mit atemberaubender visueller und struktureller Wirkung, die garantiert Eindruck macht.<\/p>\n<p><b>Farbe trifft Textur<\/b> Im Gegensatz zu herk\u00f6mmlichen Verfahren wird beim UV-Druck Ihr vollfarbiges Design direkt auf die Medaillenoberfl\u00e4che aufgebracht und passt sich perfekt den erhabenen und vertieften Bereichen Ihres individuellen 3D-Designs an. So k\u00f6nnen komplexe, farbenfrohe Logos und Grafiken mit einem f\u00fchlbaren, metallischen Relief kombiniert werden. Die Medaille selbst besteht aus einer hochwertigen Zinklegierung, die komplexe, individuelle Formen und Ausschnitte erm\u00f6glicht.<\/p>\n<p><b>Premium-Vollfarbb\u00e4nder<\/b> Erg\u00e4nzend zur Premium-Medaille enth\u00e4lt jede Auszeichnung ein hochwertiges, beidseitig in leuchtenden Farben bedrucktes Band. W\u00e4hlen Sie zwischen klassischem Polyester oder einem umweltfreundlichen <b>rPET-Band<\/b> aus recycelten Materialien hergestellt, um den Nachhaltigkeitszielen Ihres Unternehmens zu entsprechen.<\/p>\n<p><b>Vollst\u00e4ndige Anpassungsoptionen<\/b><\/p>\n<ul>\n<li><b>Medaille:<\/b> Ihr Design kann in jeder beliebigen Form bis zu 65 mm gefertigt werden. W\u00e4hlen Sie aus 8 verschiedenen Beschichtungsfarben f\u00fcr die Metallbasis. Optional k\u00f6nnen Sie auf der R\u00fcckseite ein erhabenes oder vertieftes Logodesign sowie individuelle Namen und Nummern eingravieren.<\/li>\n<li><b>Schleife:<\/b> Enth\u00e4lt ein 80 cm langes Band mit Schlaufenstich und Vollfarbdruck auf beiden Seiten.<\/li>\n<\/ul>\n<p>&nbsp;<\/p>\n<p><b>Das \u201eGewinnermedaillen\u201c-Paket<\/b> Unser einzigartiges \u201eGewinnermedaillen\u201c-Paket ist ebenfalls erh\u00e4ltlich. Damit k\u00f6nnen Sie Ihrer Bestellung einen Satz Medaillen f\u00fcr den 1., 2. und 3. Platz hinzuf\u00fcgen und so ein komplettes Preisset f\u00fcr Ihren Wettbewerb zusammenstellen.<\/p>\n<p><b>Hauptmerkmale:<\/b><\/p>\n<ul>\n<li><b>UV-Druck auf 3D-Oberfl\u00e4chen:<\/b> Vollfarbige Designs, die direkt auf das erhabene und vertiefte Metall aufgetragen werden.<\/li>\n<li><b>Hochwertiges Zinklegierungsmaterial:<\/b> Erm\u00f6glicht komplizierte 3D-Reliefformen und individuelle Ausschnitte.<\/li>\n<li><b>Vollfarbig bedruckte B\u00e4nder im Lieferumfang enthalten:<\/b> Ihr Design wird auf beiden Seiten des Bandes gedruckt.<\/li>\n<li><b>Umweltfreundliche rPET-Bandoption:<\/b> Eine nachhaltige Bandauswahl aus recycelten Materialien.<\/li>\n<li><b>Vollst\u00e4ndig Bedruckte Form:<\/b> Ihre Medaille kann im Druckgussverfahren in jeder beliebigen Form hergestellt werden, um Ihre Marke oder Veranstaltung zu repr\u00e4sentieren.<\/li>\n<li><b>\u201eGewinnermedaillen\u201c-Paket verf\u00fcgbar:<\/b> F\u00fcgen Sie problemlos Medaillen f\u00fcr den 1., 2. und 3. Platz hinzu.<\/li>\n<li><b>Individuelle Namens- und Nummerngravur:<\/b> Personalisieren Sie jede Medaille f\u00fcr den Empf\u00e4nger.<\/li>\n<li><b>8 verschiedene Beschichtungsfarben:<\/b> W\u00e4hlen Sie das perfekte Metallic-Finish f\u00fcr Ihr Design.<\/li>\n<\/ul>\n<p>&nbsp;<\/p>\n<h3><\/h3>","protected":false},"excerpt":{"rendered":"<p>Erleben Sie Medaillendesign der n\u00e4chsten Generation mit unseren UV-gedruckten 3D-Medaillen. Mit dieser Technik werden lebendige, vollfarbige Designs direkt auf die erhabenen und vertieften Metalloberfl\u00e4chen gedruckt.<\/p>","protected":false},"featured_media":6447,"comment_status":"closed","ping_status":"closed","template":"","meta":[],"product_brand":[],"product_cat":[68,102,45],"product_tag":[],"class_list":{"0":"post-5103","1":"product","2":"type-product","3":"status-publish","4":"has-post-thumbnail","6":"product_cat-event-supplies","7":"product_cat-medals","8":"product_cat-other","10":"first","11":"instock","12":"shipping-taxable","13":"purchasable","14":"product-type-simple"},"_links":{"self":[{"href":"https:\/\/wristbandfactory.eu\/de\/wp-json\/wp\/v2\/product\/5103","targetHints":{"allow":["GET"]}}],"collection":[{"href":"https:\/\/wristbandfactory.eu\/de\/wp-json\/wp\/v2\/product"}],"about":[{"href":"https:\/\/wristbandfactory.eu\/de\/wp-json\/wp\/v2\/types\/product"}],"replies":[{"embeddable":true,"href":"https:\/\/wristbandfactory.eu\/de\/wp-json\/wp\/v2\/comments?post=5103"}],"wp:featuredmedia":[{"embeddable":true,"href":"https:\/\/wristbandfactory.eu\/de\/wp-json\/wp\/v2\/media\/6447"}],"wp:attachment":[{"href":"https:\/\/wristbandfactory.eu\/de\/wp-json\/wp\/v2\/media?parent=5103"}],"wp:term":[{"taxonomy":"product_brand","embeddable":true,"href":"https:\/\/wristbandfactory.eu\/de\/wp-json\/wp\/v2\/product_brand?post=5103"},{"taxonomy":"product_cat","embeddable":true,"href":"https:\/\/wristbandfactory.eu\/de\/wp-json\/wp\/v2\/product_cat?post=5103"},{"taxonomy":"product_tag","embeddable":true,"href":"https:\/\/wristbandfactory.eu\/de\/wp-json\/wp\/v2\/product_tag?post=5103"}],"curies":[{"name":"wp","href":"https:\/\/api.w.org\/{rel}","templated":true}]}}