{"id":5098,"date":"2025-10-06T21:55:28","date_gmt":"2025-10-06T18:55:28","guid":{"rendered":"https:\/\/wristbandfactory.eu\/?post_type=product&#038;p=5098"},"modified":"2026-01-09T17:38:05","modified_gmt":"2026-01-09T14:38:05","slug":"standard-shape-medals-with-full-color-doming","status":"publish","type":"product","link":"https:\/\/wristbandfactory.eu\/de\/p\/standard-shape-medals-with-full-color-doming\/","title":{"rendered":"Medaillen in Standardform mit vollfarbigem Doming"},"content":{"rendered":"<p>F\u00fcr Veranstaltungen, die eine schnelle, unbedruckte und \u00e4u\u00dferst kosteng\u00fcnstige Auszeichnungsl\u00f6sung erfordern, sind unsere Eisenmedaillen in Standardform die perfekte Wahl. Durch die Verwendung einer standardm\u00e4\u00dfigen 50-mm-Medaillenform (z. B. rund) k\u00f6nnen wir unseren niedrigsten Preis und schnellste Bearbeitungszeiten anbieten und gleichzeitig ein wundersch\u00f6nes, vollfarbiges, individuelles Design f\u00fcr Ihre Veranstaltung liefern.<\/p>\n<p><b>Maximale Wirkung bei minimalem Budget<\/b> Diese Medaillen eignen sich ideal f\u00fcr Teilnehmerauszeichnungen, Schulsporttage oder andere Veranstaltungen, bei denen eine gro\u00dfe Menge hochwertiger Medaillen zu einem g\u00fcnstigen Preis ben\u00f6tigt wird. Die Vorderseite zeigt Ihr lebendiges, vollfarbiges Design, gesch\u00fctzt durch eine gl\u00e4nzende und langlebige Kuppel. Der Medaillensockel besteht aus massivem Eisen und verleiht ihm ein angenehmes Gewicht und eine angenehme Haptik.<\/p>\n<p><b>Unbedruckte und optimierte Anpassung<\/b><\/p>\n<ul>\n<li><b>Medaille:<\/b> Die Medaille hat eine Standardgr\u00f6\u00dfe von 50 mm. Sie k\u00f6nnen aus 8 verschiedenen Beschichtungsfarben f\u00fcr das Metall w\u00e4hlen und die R\u00fcckseite mit einem eingravierten Logo oder individuellen Namen und Nummern personalisieren.<\/li>\n<li><b>Schleife:<\/b> Jede Medaille enth\u00e4lt ein 80 cm langes Polyesterband mit V-Naht. Die B\u00e4nder k\u00f6nnen in bis zu drei Farben Ihrer Wahl hergestellt werden und Sie k\u00f6nnen Ihr Siebdrucklogo auf einer oder beiden Seiten anbringen.<\/li>\n<\/ul>\n<p>&nbsp;<\/p>\n<p><b>Das \u201eGewinnermedaillen\u201c-Paket<\/b> Auch mit unserer g\u00fcnstigsten Option k\u00f6nnen Sie Ihre besten Leistungen feiern. Unser einzigartiges \u201eSiegermedaillen\u201c-Paket ist erh\u00e4ltlich und erm\u00f6glicht es Ihnen, Ihrer Bestellung ein Set mit Medaillen f\u00fcr den 1., 2. und 3. Platz hinzuzuf\u00fcgen.<\/p>\n<p><b>Hauptmerkmale:<\/b><\/p>\n<ul>\n<li><b>Kosteng\u00fcnstigste Medaillenoption:<\/b> Unser bestes Preis-Leistungs-Verh\u00e4ltnis f\u00fcr Gro\u00dfauftr\u00e4ge und knappe Budgets.<\/li>\n<li><b>Standardform 50 mm:<\/b> Erm\u00f6glicht eine schnellere Produktion und geringere Kosten.<\/li>\n<li><b>Vollfarbiges Doming-Finish:<\/b> Pr\u00e4sentiert Ihr komplexes, farbenfrohes Logo mit einer sch\u00fctzenden Glanzschicht.<\/li>\n<li><b>\u201eGewinnermedaillen\u201c-Paket verf\u00fcgbar:<\/b> F\u00fcgen Sie problemlos Medaillen f\u00fcr den 1., 2. und 3. Platz hinzu.<\/li>\n<li><b>Individuelle Namens- und Nummerngravur:<\/b> Personalisieren Sie jede Medaille f\u00fcr den Empf\u00e4nger.<\/li>\n<li><b>Optionales graviertes Logo auf der R\u00fcckseite:<\/b> F\u00fcgen Sie auf der R\u00fcckseite der Medaille ein zus\u00e4tzliches Branding hinzu.<\/li>\n<li><b>Anpassbare V-gen\u00e4hte B\u00e4nder enthalten:<\/b> W\u00e4hlen Sie Ihre Farben und f\u00fcgen Sie Ihr Logo hinzu.<\/li>\n<li><b>8 verschiedene Beschichtungsfarben:<\/b> W\u00e4hlen Sie das perfekte Metallic-Finish f\u00fcr Ihre Medaille.<\/li>\n<\/ul>\n<p>&nbsp;<\/p>\n<h3><\/h3>","protected":false},"excerpt":{"rendered":"<p>Unsere schnellste und g\u00fcnstigste Auszeichnungsl\u00f6sung. Diese Eisenmedaillen in Standardform pr\u00e4sentieren Ihr leuchtendes, vollfarbiges gew\u00f6lbtes Logo und bieten maximale Wirkung bei minimalem Budget.<\/p>","protected":false},"featured_media":6643,"comment_status":"closed","ping_status":"closed","template":"","meta":[],"product_brand":[],"product_cat":[68,102,45],"product_tag":[],"class_list":{"0":"post-5098","1":"product","2":"type-product","3":"status-publish","4":"has-post-thumbnail","6":"product_cat-event-supplies","7":"product_cat-medals","8":"product_cat-other","10":"first","11":"instock","12":"shipping-taxable","13":"purchasable","14":"product-type-simple"},"_links":{"self":[{"href":"https:\/\/wristbandfactory.eu\/de\/wp-json\/wp\/v2\/product\/5098","targetHints":{"allow":["GET"]}}],"collection":[{"href":"https:\/\/wristbandfactory.eu\/de\/wp-json\/wp\/v2\/product"}],"about":[{"href":"https:\/\/wristbandfactory.eu\/de\/wp-json\/wp\/v2\/types\/product"}],"replies":[{"embeddable":true,"href":"https:\/\/wristbandfactory.eu\/de\/wp-json\/wp\/v2\/comments?post=5098"}],"wp:featuredmedia":[{"embeddable":true,"href":"https:\/\/wristbandfactory.eu\/de\/wp-json\/wp\/v2\/media\/6643"}],"wp:attachment":[{"href":"https:\/\/wristbandfactory.eu\/de\/wp-json\/wp\/v2\/media?parent=5098"}],"wp:term":[{"taxonomy":"product_brand","embeddable":true,"href":"https:\/\/wristbandfactory.eu\/de\/wp-json\/wp\/v2\/product_brand?post=5098"},{"taxonomy":"product_cat","embeddable":true,"href":"https:\/\/wristbandfactory.eu\/de\/wp-json\/wp\/v2\/product_cat?post=5098"},{"taxonomy":"product_tag","embeddable":true,"href":"https:\/\/wristbandfactory.eu\/de\/wp-json\/wp\/v2\/product_tag?post=5098"}],"curies":[{"name":"wp","href":"https:\/\/api.w.org\/{rel}","templated":true}]}}