{"id":5093,"date":"2025-10-06T21:50:00","date_gmt":"2025-10-06T18:50:00","guid":{"rendered":"https:\/\/wristbandfactory.eu\/?post_type=product&#038;p=5093"},"modified":"2025-12-30T18:31:28","modified_gmt":"2025-12-30T15:31:28","slug":"custom-iron-medals-with-full-color-doming","status":"publish","type":"product","link":"https:\/\/wristbandfactory.eu\/de\/p\/custom-iron-medals-with-full-color-doming\/","title":{"rendered":"Individuelle Eisenmedaillen mit vollfarbigem Doming"},"content":{"rendered":"<p>Mit unseren individuellen Eisenmedaillen mit Doming erhalten Sie eine lebendige, vollfarbige Auszeichnung zu einem au\u00dfergew\u00f6hnlichen Preis. Diese Option ist die perfekte L\u00f6sung, um komplexe Logos, Bilder und Farbverl\u00e4ufe auf einer kosteng\u00fcnstigen Medaille zum Leben zu erwecken. Sie eignet sich ideal f\u00fcr Gro\u00dfveranstaltungen, Werbekampagnen und Turniere, bei denen sowohl das Budget als auch die visuelle Wirkung entscheidend sind.<\/p>\n<p><b>Vollfarbe f\u00fcr ein kleines Budget<\/b> Diese Medaille kombiniert eine robuste Eisenbasis mit einem modernen, vollfarbigen Doming-Finish. Beim Doming-Verfahren wird ein klares, kratzfestes Polyurethanharz \u00fcber Ihr gedrucktes Design aufgetragen, das es sch\u00fctzt und ihm einen gl\u00e4nzenden 3D-Effekt verleiht. Durch die Verwendung einer Eisenbasis k\u00f6nnen wir diesen brillanten, vollfarbigen Stil zu einem g\u00fcnstigeren Preis anbieten. Diese Medaillen k\u00f6nnen in jeder beliebigen Form bis zu 50 mm hergestellt werden.<\/p>\n<p><b>Vollst\u00e4ndige Anpassungsoptionen<\/b><\/p>\n<ul>\n<li><b>Medaille:<\/b> Ihr Design kann in jeder beliebigen Form gestaltet werden. W\u00e4hlen Sie aus 8 verschiedenen Beschichtungsfarben f\u00fcr den Metallrand und personalisieren Sie jede Medaille mit individuellen Namen, Nummern oder einem eingravierten Logo auf der R\u00fcckseite.<\/li>\n<li><b>Schleife:<\/b> Jede Medaille enth\u00e4lt ein 80 cm langes Polyesterband mit V-Naht. Die B\u00e4nder k\u00f6nnen in bis zu drei Farben Ihrer Wahl hergestellt werden und Sie k\u00f6nnen Ihr Siebdrucklogo auf einer oder beiden Seiten anbringen.<\/li>\n<\/ul>\n<p>&nbsp;<\/p>\n<p><b>Das \u201eGewinnermedaillen\u201c-Paket<\/b> F\u00fcr diesen Medaillentyp ist auch unser einzigartiges Paket \u201eGewinnermedaillen\u201c erh\u00e4ltlich. So k\u00f6nnen Sie Ihrer Bestellung einen Satz Medaillen f\u00fcr den 1., 2. und 3. Platz hinzuf\u00fcgen und so eine komplette und kosteng\u00fcnstige Auszeichnungsl\u00f6sung schaffen.<\/p>\n<p><b>Hauptmerkmale:<\/b><\/p>\n<ul>\n<li><b>Kosteng\u00fcnstige Eisenbasis:<\/b> Die ideale Wahl f\u00fcr Gro\u00dfbestellungen und preisbewusste Veranstaltungen.<\/li>\n<li><b>Vollfarbiges Doming-Finish:<\/b> Gibt komplexe Logos, Fotos und Farbverl\u00e4ufe perfekt wieder.<\/li>\n<li><b>Kratzfeste Hochglanzkuppel:<\/b> Sch\u00fctzt Ihr Design und verleiht ihm einen hochwertigen 3D-Look.<\/li>\n<li><b>Vollst\u00e4ndig Bedruckte Form:<\/b> Erstellen Sie eine einzigartige Medaille, die Ihre Marke oder Veranstaltung repr\u00e4sentiert.<\/li>\n<li><b>\u201eGewinnermedaillen\u201c-Paket verf\u00fcgbar:<\/b> F\u00fcgen Sie problemlos Medaillen f\u00fcr den 1., 2. und 3. Platz hinzu.<\/li>\n<li><b>Individuelle Namens- und Nummerngravur:<\/b> Personalisieren Sie jede Medaille f\u00fcr den Empf\u00e4nger.<\/li>\n<li><b>Optionales graviertes Logo auf der R\u00fcckseite:<\/b> F\u00fcgen Sie auf der R\u00fcckseite der Medaille ein zus\u00e4tzliches Branding hinzu.<\/li>\n<li><b>Anpassbare V-gen\u00e4hte B\u00e4nder enthalten:<\/b> W\u00e4hlen Sie Ihre Farben und f\u00fcgen Sie Ihr Logo hinzu.<\/li>\n<\/ul>","protected":false},"excerpt":{"rendered":"<p>Holen Sie sich leuchtende, vollfarbige, individuelle Medaillen zu einem unschlagbaren Preis. Unsere Eisenmedaillen mit gl\u00e4nzender Doming-Oberfl\u00e4che eignen sich perfekt f\u00fcr die Wiedergabe komplexer Logos auf einer preisg\u00fcnstigen Auszeichnung.<\/p>","protected":false},"featured_media":6464,"comment_status":"closed","ping_status":"closed","template":"","meta":[],"product_brand":[],"product_cat":[68,102,45],"product_tag":[],"class_list":{"0":"post-5093","1":"product","2":"type-product","3":"status-publish","4":"has-post-thumbnail","6":"product_cat-event-supplies","7":"product_cat-medals","8":"product_cat-other","10":"first","11":"instock","12":"shipping-taxable","13":"purchasable","14":"product-type-simple"},"_links":{"self":[{"href":"https:\/\/wristbandfactory.eu\/de\/wp-json\/wp\/v2\/product\/5093","targetHints":{"allow":["GET"]}}],"collection":[{"href":"https:\/\/wristbandfactory.eu\/de\/wp-json\/wp\/v2\/product"}],"about":[{"href":"https:\/\/wristbandfactory.eu\/de\/wp-json\/wp\/v2\/types\/product"}],"replies":[{"embeddable":true,"href":"https:\/\/wristbandfactory.eu\/de\/wp-json\/wp\/v2\/comments?post=5093"}],"wp:featuredmedia":[{"embeddable":true,"href":"https:\/\/wristbandfactory.eu\/de\/wp-json\/wp\/v2\/media\/6464"}],"wp:attachment":[{"href":"https:\/\/wristbandfactory.eu\/de\/wp-json\/wp\/v2\/media?parent=5093"}],"wp:term":[{"taxonomy":"product_brand","embeddable":true,"href":"https:\/\/wristbandfactory.eu\/de\/wp-json\/wp\/v2\/product_brand?post=5093"},{"taxonomy":"product_cat","embeddable":true,"href":"https:\/\/wristbandfactory.eu\/de\/wp-json\/wp\/v2\/product_cat?post=5093"},{"taxonomy":"product_tag","embeddable":true,"href":"https:\/\/wristbandfactory.eu\/de\/wp-json\/wp\/v2\/product_tag?post=5093"}],"curies":[{"name":"wp","href":"https:\/\/api.w.org\/{rel}","templated":true}]}}