{"id":5088,"date":"2025-10-06T21:44:18","date_gmt":"2025-10-06T18:44:18","guid":{"rendered":"https:\/\/wristbandfactory.eu\/?post_type=product&#038;p=5088"},"modified":"2025-12-30T22:52:04","modified_gmt":"2025-12-30T19:52:04","slug":"custom-medals-with-full-color-doming","status":"publish","type":"product","link":"https:\/\/wristbandfactory.eu\/de\/p\/custom-medals-with-full-color-doming\/","title":{"rendered":"Individuelle Medaillen mit Vollfarb-Doming"},"content":{"rendered":"<p>F\u00fcr Designs, die lebendige, farbenfrohe Details erfordern, sind unsere individuellen Medaillen mit Doming die ideale L\u00f6sung. Diese Technik erm\u00f6glicht die perfekte Wiedergabe komplexer Logos, Farbverl\u00e4ufe und sogar fotografischer Bilder, die anschlie\u00dfend durch eine kristallklare, kratzfeste Kuppel gesch\u00fctzt werden. Es ist die ultimative Wahl f\u00fcr moderne, auff\u00e4llige Auszeichnungen.<\/p>\n<p><b>Lebendiges Vollfarb-Finish<\/b> Beim Doming-Verfahren wird ein transparentes Polyurethanharz auf ein vollfarbig gedrucktes Design aufgetragen. Dadurch entsteht ein langlebiger, gl\u00e4nzender 3D-Blaseneffekt, der Ihr Kunstwerk aufwertet und vor Abnutzung sch\u00fctzt. Der Medaillensockel besteht aus einer hochwertigen Zinklegierung, wodurch die Medaille selbst in jede beliebige Form gegossen werden kann, mit feinen Details und individuellen Ausschnitten (L\u00f6chern), die Ihr farbenfrohes Design perfekt umrahmen.<\/p>\n<p><b>Vollst\u00e4ndige Anpassungsoptionen<\/b><\/p>\n<ul>\n<li><b>Medaille:<\/b> Ihr Design kann in jeder beliebigen Form gefertigt werden. W\u00e4hlen Sie aus 8 verschiedenen Beschichtungsfarben f\u00fcr die Metallbasis. Optional k\u00f6nnen Sie auf der R\u00fcckseite ein erhabenes oder vertieftes Logodesign sowie individuelle Namen und Nummern eingravieren.<\/li>\n<li><b>Schleife:<\/b> Jede Medaille enth\u00e4lt ein 80 cm langes Polyesterband mit Schlaufenstich. Die B\u00e4nder k\u00f6nnen in bis zu drei Farben Ihrer Wahl hergestellt werden und Sie k\u00f6nnen Ihr Logo ein- oder beidseitig im Siebdruckverfahren anbringen.<\/li>\n<\/ul>\n<p>&nbsp;<\/p>\n<p><b>Das \u201eGewinnermedaillen\u201c-Paket<\/b> Auch f\u00fcr diesen Medaillenstil ist unser einzigartiges \u201eSiegermedaillen\u201c-Paket erh\u00e4ltlich. Bei jeder Bestellung k\u00f6nnen Sie drei Medaillen in klassischer Gold-, Silber- und Bronzebeschichtung f\u00fcr den 1., 2. und 3. Platz anfertigen lassen und so ein komplettes Preisset f\u00fcr Ihren Wettbewerb erstellen.<\/p>\n<p><b>Hauptmerkmale:<\/b><\/p>\n<ul>\n<li><b>Vollfarbiges Doming-Finish:<\/b> Perfekt f\u00fcr komplexe Logos, fotografische Bilder und Farbverl\u00e4ufe.<\/li>\n<li><b>Hochwertiges Zinklegierungsmaterial:<\/b> Erm\u00f6glicht komplizierte individuelle Formen und Ausschnitte f\u00fcr die Medaillenbasis.<\/li>\n<li><b>Kratzfeste Hochglanzkuppel:<\/b> Sch\u00fctzt das Design und verleiht einen hochwertigen 3D-Look.<\/li>\n<li><b>Vollst\u00e4ndig Bedruckte Form:<\/b> Ihre Medaille kann im Druckgussverfahren in jeder beliebigen Form hergestellt werden, um Ihre Marke oder Veranstaltung zu repr\u00e4sentieren.<\/li>\n<li><b>\u201eGewinnermedaillen\u201c-Paket verf\u00fcgbar:<\/b> F\u00fcgen Sie Ihrer Bestellung ganz unbedruckt Medaillen f\u00fcr den 1., 2. und 3. Platz hinzu.<\/li>\n<li><b>Individuelle Namens- und Nummerngravur:<\/b> Personalisieren Sie jede Medaille f\u00fcr den Empf\u00e4nger.<\/li>\n<li><b>Anpassbare B\u00e4nder mit Schlaufenstich im Lieferumfang enthalten:<\/b> W\u00e4hlen Sie Ihre Farben und f\u00fcgen Sie Ihr Logo hinzu.<\/li>\n<li><b>8 Beschichtungsfarben f\u00fcr die Medaillenbasis:<\/b> W\u00e4hlen Sie das perfekte Metallic-Finish, um Ihr Design zu erg\u00e4nzen.<\/li>\n<\/ul>","protected":false},"excerpt":{"rendered":"<p>Erwecken Sie Ihre lebendigen, vollfarbigen Designs mit unseren individuell gew\u00f6lbten Medaillen zum Leben. Sie bestehen aus einer hochwertigen Zinklegierung und verf\u00fcgen \u00fcber eine gl\u00e4nzende, sch\u00fctzende Kuppel \u00fcber Ihrem aufgedruckten Logo oder Bild.<\/p>","protected":false},"featured_media":6471,"comment_status":"closed","ping_status":"closed","template":"","meta":[],"product_brand":[],"product_cat":[102,45],"product_tag":[],"class_list":{"0":"post-5088","1":"product","2":"type-product","3":"status-publish","4":"has-post-thumbnail","6":"product_cat-medals","7":"product_cat-other","9":"first","10":"instock","11":"shipping-taxable","12":"purchasable","13":"product-type-simple"},"_links":{"self":[{"href":"https:\/\/wristbandfactory.eu\/de\/wp-json\/wp\/v2\/product\/5088","targetHints":{"allow":["GET"]}}],"collection":[{"href":"https:\/\/wristbandfactory.eu\/de\/wp-json\/wp\/v2\/product"}],"about":[{"href":"https:\/\/wristbandfactory.eu\/de\/wp-json\/wp\/v2\/types\/product"}],"replies":[{"embeddable":true,"href":"https:\/\/wristbandfactory.eu\/de\/wp-json\/wp\/v2\/comments?post=5088"}],"wp:featuredmedia":[{"embeddable":true,"href":"https:\/\/wristbandfactory.eu\/de\/wp-json\/wp\/v2\/media\/6471"}],"wp:attachment":[{"href":"https:\/\/wristbandfactory.eu\/de\/wp-json\/wp\/v2\/media?parent=5088"}],"wp:term":[{"taxonomy":"product_brand","embeddable":true,"href":"https:\/\/wristbandfactory.eu\/de\/wp-json\/wp\/v2\/product_brand?post=5088"},{"taxonomy":"product_cat","embeddable":true,"href":"https:\/\/wristbandfactory.eu\/de\/wp-json\/wp\/v2\/product_cat?post=5088"},{"taxonomy":"product_tag","embeddable":true,"href":"https:\/\/wristbandfactory.eu\/de\/wp-json\/wp\/v2\/product_tag?post=5088"}],"curies":[{"name":"wp","href":"https:\/\/api.w.org\/{rel}","templated":true}]}}