{"id":5083,"date":"2025-10-06T21:37:53","date_gmt":"2025-10-06T18:37:53","guid":{"rendered":"https:\/\/wristbandfactory.eu\/?post_type=product&#038;p=5083"},"modified":"2025-12-30T18:00:42","modified_gmt":"2025-12-30T15:00:42","slug":"custom-3d-relief-iron-medals","status":"publish","type":"product","link":"https:\/\/wristbandfactory.eu\/de\/p\/custom-3d-relief-iron-medals\/","title":{"rendered":"Bedruckte 3D-Relief-Eisenmedaillen"},"content":{"rendered":"<p>Verleihen Sie Ihren Auszeichnungen einen klassischen, hochwertigen Look, ohne daf\u00fcr viel Geld ausgeben zu m\u00fcssen. Unsere individuellen 3D-Relief-Eisenmedaillen bieten die anspruchsvolle \u00c4sthetik eines nicht emaillierten Druckgussdesigns kombiniert mit den kosteng\u00fcnstigen Vorteilen von Eisen und sind damit die ideale Wahl f\u00fcr Gro\u00dfveranstaltungen, Wettbewerbe und Turniere.<\/p>\n<p><b>Klassischer Metal zum Schn\u00e4ppchenpreis<\/b> Dieser Medaillenstil konzentriert sich auf die 3D-Textur und die Details des Metalls und schafft so eine zeitlose Auszeichnung mit einem f\u00fchlbaren Relief-Finish. Durch die Verwendung von Eisen k\u00f6nnen wir diesen eleganten Stil zu einem erschwinglichen Preis anbieten. Eisen ist zwar preisg\u00fcnstiger und l\u00e4sst keine Ausschnitte wie Zinklegierungen zu, bietet aber dennoch ein langlebiges, schweres Gef\u00fchl und ein sch\u00f6nes, detailliertes Finish f\u00fcr Designs bis zu 50 mm.<\/p>\n<p><b>Vollst\u00e4ndige Anpassungsoptionen<\/b><\/p>\n<ul>\n<li><b>Medaille:<\/b> Ihr Design kann in jeder beliebigen Form gefertigt werden. W\u00e4hlen Sie aus 8 verschiedenen Beschichtungsfarben und personalisieren Sie jede Medaille mit individuellen Namen, Nummern oder einem eingravierten Logo auf der R\u00fcckseite.<\/li>\n<li><b>Schleife:<\/b> Jede Medaille enth\u00e4lt ein 80 cm langes Polyesterband mit V-Naht. Die B\u00e4nder k\u00f6nnen in bis zu drei Farben Ihrer Wahl hergestellt werden und Sie k\u00f6nnen Ihr Siebdrucklogo auf einer oder beiden Seiten anbringen.<\/li>\n<\/ul>\n<p>&nbsp;<\/p>\n<p><b>Das \u201eGewinnermedaillen\u201c-Paket<\/b> F\u00fcr diesen Medaillentyp ist auch unser einzigartiges Paket \u201eSiegermedaillen\u201c erh\u00e4ltlich. Damit k\u00f6nnen Sie Ihrer Bestellung einen Satz Medaillen f\u00fcr den 1., 2. und 3. Platz hinzuf\u00fcgen, was bei Wettkampfveranstaltungen einen erheblichen Mehrwert bietet.<\/p>\n<p><b>Hauptmerkmale:<\/b><\/p>\n<ul>\n<li><b>Kosteng\u00fcnstiges Eisenmaterial:<\/b> Die perfekte Wahl, um mit kleinem Budget einen klassischen Look zu erzielen.<\/li>\n<li><b>Klassisches 3D-Reliefdesign:<\/b> Eine nicht emaillierte Vollmetalloberfl\u00e4che f\u00fcr ein edles Gef\u00fchl.<\/li>\n<li><b>Vollst\u00e4ndig Bedruckte Form:<\/b> Ihre Medaille kann in jeder beliebigen Form hergestellt werden, um Ihre Marke oder Veranstaltung zu repr\u00e4sentieren.<\/li>\n<li><b>\u201eGewinnermedaillen\u201c-Paket verf\u00fcgbar:<\/b> F\u00fcgen Sie problemlos Medaillen f\u00fcr den 1., 2. und 3. Platz hinzu.<\/li>\n<li><b>Individuelle Namens- und Nummerngravur:<\/b> Personalisieren Sie jede Medaille f\u00fcr den Empf\u00e4nger.<\/li>\n<li><b>Optionales graviertes Logo auf der R\u00fcckseite:<\/b> F\u00fcgen Sie auf der R\u00fcckseite der Medaille ein zus\u00e4tzliches Branding hinzu.<\/li>\n<li><b>Anpassbare V-gen\u00e4hte B\u00e4nder enthalten:<\/b> W\u00e4hlen Sie Ihre Farben und f\u00fcgen Sie Ihr Logo hinzu.<\/li>\n<li><b>8 verschiedene Beschichtungsfarben:<\/b> W\u00e4hlen Sie das perfekte Metallic-Finish f\u00fcr Ihr Design.<\/li>\n<\/ul>","protected":false},"excerpt":{"rendered":"<p>Holen Sie sich mit unseren 3D-Relief-Eisenmedaillen eine zeitlose, klassische Auszeichnung zu einem g\u00fcnstigen Preis. Diese nicht emaillierten Medaillen zeichnen sich durch ein detailliertes Metalldesign aus und eignen sich perfekt f\u00fcr einen hochwertigen Look mit kleinem Budget.<\/p>","protected":false},"featured_media":6451,"comment_status":"closed","ping_status":"closed","template":"","meta":[],"product_brand":[],"product_cat":[102],"product_tag":[],"class_list":{"0":"post-5083","1":"product","2":"type-product","3":"status-publish","4":"has-post-thumbnail","6":"product_cat-medals","8":"first","9":"instock","10":"shipping-taxable","11":"purchasable","12":"product-type-simple"},"_links":{"self":[{"href":"https:\/\/wristbandfactory.eu\/de\/wp-json\/wp\/v2\/product\/5083","targetHints":{"allow":["GET"]}}],"collection":[{"href":"https:\/\/wristbandfactory.eu\/de\/wp-json\/wp\/v2\/product"}],"about":[{"href":"https:\/\/wristbandfactory.eu\/de\/wp-json\/wp\/v2\/types\/product"}],"replies":[{"embeddable":true,"href":"https:\/\/wristbandfactory.eu\/de\/wp-json\/wp\/v2\/comments?post=5083"}],"wp:featuredmedia":[{"embeddable":true,"href":"https:\/\/wristbandfactory.eu\/de\/wp-json\/wp\/v2\/media\/6451"}],"wp:attachment":[{"href":"https:\/\/wristbandfactory.eu\/de\/wp-json\/wp\/v2\/media?parent=5083"}],"wp:term":[{"taxonomy":"product_brand","embeddable":true,"href":"https:\/\/wristbandfactory.eu\/de\/wp-json\/wp\/v2\/product_brand?post=5083"},{"taxonomy":"product_cat","embeddable":true,"href":"https:\/\/wristbandfactory.eu\/de\/wp-json\/wp\/v2\/product_cat?post=5083"},{"taxonomy":"product_tag","embeddable":true,"href":"https:\/\/wristbandfactory.eu\/de\/wp-json\/wp\/v2\/product_tag?post=5083"}],"curies":[{"name":"wp","href":"https:\/\/api.w.org\/{rel}","templated":true}]}}