{"id":5080,"date":"2025-10-06T21:31:57","date_gmt":"2025-10-06T18:31:57","guid":{"rendered":"https:\/\/wristbandfactory.eu\/?post_type=product&#038;p=5080"},"modified":"2025-12-30T18:20:06","modified_gmt":"2025-12-30T15:20:06","slug":"custom-3d-relief-zinc-alloy-medals","status":"publish","type":"product","link":"https:\/\/wristbandfactory.eu\/de\/p\/custom-3d-relief-zinc-alloy-medals\/","title":{"rendered":"Bedruckte 3D-Relief-Medaillen aus Zinklegierung"},"content":{"rendered":"<p>Erleben Sie zeitlose und anspruchsvolle \u00c4sthetik mit unseren individuellen 3D-Relief-Medaillen aus Zinklegierung. Perfekt f\u00fcr Unternehmensanerkennungen, Jubil\u00e4en und prestigetr\u00e4chtige Auszeichnungen. Diese Medaillen verzichten auf Emaille, um die atemberaubenden Details und die Textur des Druckgussmetalls hervorzuheben. Das Ergebnis ist eine klassische Auszeichnung mit haptischer, hochwertiger Haptik.<\/p>\n<p><b>Pure Metall-Eleganz<\/b> Das nicht emaillierte Reliefdesign erzeugt einen kontrastreichen 3D-Effekt mit erhabenen und vertieften Bereichen, der Ihre gew\u00e4hlte Beschichtung besonders sch\u00f6n zur Geltung bringt. Wir verwenden eine hochwertige Zinklegierung, die f\u00fcr diesen Stil unerl\u00e4sslich ist, da sie unglaublich feine Details und individuelle Ausschnitte (L\u00f6cher) erm\u00f6glicht \u2013 perfekt f\u00fcr komplexe Logos oder filigrane Bilder, die durch eine rein metallische Oberfl\u00e4che hervorgehoben werden.<\/p>\n<p><b>Vollst\u00e4ndige Anpassungsoptionen<\/b><\/p>\n<ul>\n<li><b>Medaille:<\/b> Ihr Design kann in jeder beliebigen Form bis zu 65 mm gefertigt werden. W\u00e4hlen Sie aus 8 verschiedenen Beschichtungsfarben. Optional k\u00f6nnen Sie auf der R\u00fcckseite ein erhabenes oder vertieftes Logodesign sowie individuelle Namen und Nummern eingravieren.<\/li>\n<li><b>Schleife:<\/b> Jede Medaille enth\u00e4lt ein 80 cm langes Polyesterband mit Schlaufenstich. Die B\u00e4nder k\u00f6nnen in bis zu drei Farben Ihrer Wahl hergestellt werden und Sie k\u00f6nnen Ihr Logo ein- oder beidseitig im Siebdruckverfahren anbringen.<\/li>\n<\/ul>\n<p>&nbsp;<\/p>\n<p><b>Das \u201eGewinnermedaillen\u201c-Paket<\/b> Dieser klassische Medaillenstil ist auch mit unserem einzigartigen \u201eSiegermedaillen\u201c-Paket erh\u00e4ltlich. Bei jeder Bestellung k\u00f6nnen Sie drei Medaillen in klassischen Gold-, Silber- und Bronzet\u00f6nen f\u00fcr den 1., 2. und 3. Platz mit individuellen Namen oder Nummern bestellen.<\/p>\n<p><b>Hauptmerkmale:<\/b><\/p>\n<ul>\n<li><b>Atemberaubendes 3D-Reliefdesign:<\/b> Eine nicht emaillierte Vollmetalloberfl\u00e4che f\u00fcr einen klassischen und eleganten Look.<\/li>\n<li><b>Hochwertiges Zinklegierungsmaterial:<\/b> Erm\u00f6glicht komplizierte Details und individuelle Ausschnitte.<\/li>\n<li><b>Vollst\u00e4ndig Bedruckte Form:<\/b> Ihre Medaille kann im Druckgussverfahren in jeder beliebigen Form hergestellt werden, um Ihre Marke oder Veranstaltung zu repr\u00e4sentieren.<\/li>\n<li><b>\u201eGewinnermedaillen\u201c-Paket verf\u00fcgbar:<\/b> F\u00fcgen Sie Ihrer Bestellung ganz unbedruckt Medaillen f\u00fcr den 1., 2. und 3. Platz hinzu.<\/li>\n<li><b>Individuelle Namens- und Nummerngravur:<\/b> Personalisieren Sie jede Medaille f\u00fcr den Empf\u00e4nger.<\/li>\n<li><b>Anpassbare B\u00e4nder mit Schlaufenstich im Lieferumfang enthalten:<\/b> W\u00e4hlen Sie Ihre Farben und f\u00fcgen Sie Ihr Logo hinzu.<\/li>\n<li><b>8 verschiedene Beschichtungsfarben:<\/b> W\u00e4hlen Sie das perfekte Finish, um das 3D-Design zu erg\u00e4nzen.<\/li>\n<li><b>Ideal f\u00fcr Firmen- und Prestigepreise:<\/b> Eine anspruchsvolle Wahl f\u00fcr eine formelle Anerkennung.<\/li>\n<\/ul>","protected":false},"excerpt":{"rendered":"<p>W\u00e4hlen Sie f\u00fcr eine klassische und elegante Auszeichnung unsere individuellen 3D-Reliefmedaillen. Diese nicht emaillierten Medaillen aus hochwertiger Zinklegierung pr\u00e4sentieren Ihr Design mit atemberaubenden metallischen Details.<\/p>","protected":false},"featured_media":6455,"comment_status":"closed","ping_status":"closed","template":"","meta":[],"product_brand":[],"product_cat":[68,102,45],"product_tag":[],"class_list":{"0":"post-5080","1":"product","2":"type-product","3":"status-publish","4":"has-post-thumbnail","6":"product_cat-event-supplies","7":"product_cat-medals","8":"product_cat-other","10":"first","11":"instock","12":"shipping-taxable","13":"purchasable","14":"product-type-simple"},"_links":{"self":[{"href":"https:\/\/wristbandfactory.eu\/de\/wp-json\/wp\/v2\/product\/5080","targetHints":{"allow":["GET"]}}],"collection":[{"href":"https:\/\/wristbandfactory.eu\/de\/wp-json\/wp\/v2\/product"}],"about":[{"href":"https:\/\/wristbandfactory.eu\/de\/wp-json\/wp\/v2\/types\/product"}],"replies":[{"embeddable":true,"href":"https:\/\/wristbandfactory.eu\/de\/wp-json\/wp\/v2\/comments?post=5080"}],"wp:featuredmedia":[{"embeddable":true,"href":"https:\/\/wristbandfactory.eu\/de\/wp-json\/wp\/v2\/media\/6455"}],"wp:attachment":[{"href":"https:\/\/wristbandfactory.eu\/de\/wp-json\/wp\/v2\/media?parent=5080"}],"wp:term":[{"taxonomy":"product_brand","embeddable":true,"href":"https:\/\/wristbandfactory.eu\/de\/wp-json\/wp\/v2\/product_brand?post=5080"},{"taxonomy":"product_cat","embeddable":true,"href":"https:\/\/wristbandfactory.eu\/de\/wp-json\/wp\/v2\/product_cat?post=5080"},{"taxonomy":"product_tag","embeddable":true,"href":"https:\/\/wristbandfactory.eu\/de\/wp-json\/wp\/v2\/product_tag?post=5080"}],"curies":[{"name":"wp","href":"https:\/\/api.w.org\/{rel}","templated":true}]}}